{"id":14,"date":"2023-04-11T17:08:52","date_gmt":"2023-04-11T15:08:52","guid":{"rendered":"https:\/\/ambasciatapraga.esteri.it\/?page_id=14"},"modified":"2023-11-15T12:00:33","modified_gmt":"2023-11-15T11:00:33","slug":"italia-e-albania","status":"publish","type":"page","link":"https:\/\/ambtirana.esteri.it\/it\/italia-e-albania\/","title":{"rendered":"Italia e Albania"},"content":{"rendered":"<p>Le relazioni bilaterali tra l\u2019Italia e l\u2019Albania sono da anni forti e intense. Favorite anche dalla prossimit\u00e0 geografica, esse poggiano su solide fondamenta storiche, culturali ed economiche. Per l\u2019Albania l\u2019Italia resta un interlocutore privilegiato: il nostro Paese \u00e8 sempre stato in prima linea nel sostenere la transizione dell\u2019Albania e il suo percorso europeo; \u00e8 stato il primo donatore bilaterale nell\u2019arco degli ultimi venti anni, \u00e8 il principale partner commerciale, un importante investitore ed ospita la pi\u00f9 fiorente comunit\u00e0 albanese all\u2019estero.<\/p>\n<p>&nbsp;<\/p>\n","protected":false},"excerpt":{"rendered":"Le relazioni bilaterali tra l\u2019Italia e l\u2019Albania sono da anni forti e intense. Favorite anche dalla prossimit\u00e0 geografica, esse poggiano su solide fondamenta storiche, culturali ed economiche. Per l\u2019Albania l\u2019Italia resta un interlocutore privilegiato: il nostro Paese \u00e8 sempre stato in prima linea nel sostenere la transizione dell\u2019Albania e il suo percorso europeo; \u00e8 stato [&hellip;]","protected":false},"author":1,"featured_media":0,"parent":0,"menu_order":4,"comment_status":"closed","ping_status":"closed","template":"","meta":{"footnotes":""},"class_list":["post-14","page","type-page","status-publish","hentry"],"_links":{"self":[{"href":"https:\/\/ambtirana.esteri.it\/it\/wp-json\/wp\/v2\/pages\/14","targetHints":{"allow":["GET"]}}],"collection":[{"href":"https:\/\/ambtirana.esteri.it\/it\/wp-json\/wp\/v2\/pages"}],"about":[{"href":"https:\/\/ambtirana.esteri.it\/it\/wp-json\/wp\/v2\/types\/page"}],"author":[{"embeddable":true,"href":"https:\/\/ambtirana.esteri.it\/it\/wp-json\/wp\/v2\/users\/1"}],"replies":[{"embeddable":true,"href":"https:\/\/ambtirana.esteri.it\/it\/wp-json\/wp\/v2\/comments?post=14"}],"version-history":[{"count":5,"href":"https:\/\/ambtirana.esteri.it\/it\/wp-json\/wp\/v2\/pages\/14\/revisions"}],"predecessor-version":[{"id":611,"href":"https:\/\/ambtirana.esteri.it\/it\/wp-json\/wp\/v2\/pages\/14\/revisions\/611"}],"wp:attachment":[{"href":"https:\/\/ambtirana.esteri.it\/it\/wp-json\/wp\/v2\/media?parent=14"}],"curies":[{"name":"wp","href":"https:\/\/api.w.org\/{rel}","templated":true}]}}