{"id":360,"date":"2023-11-14T15:44:18","date_gmt":"2023-11-14T14:44:18","guid":{"rendered":"https:\/\/ambtirana.esteri.it\/?page_id=360"},"modified":"2025-08-26T11:39:01","modified_gmt":"2025-08-26T09:39:01","slug":"ufficio-scuole","status":"publish","type":"page","link":"https:\/\/ambtirana.esteri.it\/it\/italia-e-albania\/diplomazia-culturale\/ufficio-scuole\/","title":{"rendered":"Ufficio Scuole"},"content":{"rendered":"<p>L\u2019Ufficio Scuole opera all\u2019interno dell\u2019Ambasciata e svolge attivit\u00e0 di promozione, coordinamento e formazione nell\u2019ambito dell\u2019Istruzione pre-universitaria. Presiede l\u2019Ufficio la Dirigente Scolastica Eva Bambagiotti, coadiuvata dalla D.ssa Suela Nurishmi.<\/p>\n<p>L\u2019Ufficio Scuole coordina le seguenti attivit\u00e0:<\/p>\n<ul>\n<li>Sezioni Bilingui operanti presso Tirana, Scutari e Kor\u00e7a<\/li>\n<li>Programma Illiria<\/li>\n<li>Programma d\u2019insegnamento dell\u2019italiano come seconda lingua straniera<\/li>\n<li>Attivit\u00e0 di coordinamento tra le Agenzie educative e Ministeriali coinvolte nel processo: Ministero degli affari esteri MAECI, Ministero dell\u2019Istruzione e del Merito (MIM), Ministero dell\u2019Educazione dello Sport e della Giovent\u00f9 della Repubblica d\u2019Albania.<\/li>\n<\/ul>\n<p>L\u2019Ufficio Scuole promuove la lingua italiana attraverso collaborazioni con le agenzie culturali:<\/p>\n<ul>\n<li>Istituto italiano di Cultura<\/li>\n<li>Associazioni studenti laureati in Italia<\/li>\n<li>Associazioni per gli interscambi culturali<\/li>\n<li>Reti di scuole<\/li>\n<li>Istituzioni Italiane<\/li>\n<li>Partner europei<\/li>\n<\/ul>\n<p>L\u2019Ufficio scuole svolge le seguenti attivit\u00e0:<\/p>\n<ul>\n<li>Richiesta, gestione e rendicontazione dei contributi MAECI<\/li>\n<li>Organizzazione eventi legati a rassegne ministeriali<\/li>\n<li>Coordinamento dei corsi di formazione per i docenti di Sezione<\/li>\n<li>Coordinamento dei corsi di formazione per i docenti del Programma Illiria<\/li>\n<li>Progetti di didattica<\/li>\n<li>Divulgazione di progetti pedagogici ed educativi<\/li>\n<li>Raccordo istituzionale fra scuole e Ufficio<\/li>\n<\/ul>\n<p><strong>Approfondimento<\/strong><strong><br \/>\n<\/strong><\/p>\n<p><strong>IL PROGRAMMA &#8220;ILLIRIA&#8221;<\/strong><\/p>\n<p>Il Programma \u201cIlliria\u201d \u00e8 stato avviato nell\u2019Anno Scolastico 2006 \u2013 2007 nelle scuole dell\u2019obbligo, elementari e medie inferiori, e negli istituti secondari superiori. L\u2019innovazione didattico-formativa, portata avanti da questo programma nel sistema educativo pubblico, consiste nell\u2019introduzione dell\u2019insegnamento dell\u2019italiano come prima lingua straniera dalla III elementare all\u2019ultimo anno della scuola media superiore. L\u2019\u201cIlliria\u201d rappresenta dunque per gli studenti albanesi la possibilit\u00e0 di avvicinarsi, quasi fin dall\u2019inizio del percorso scolastico, alla lingua e alla cultura italiana.<\/p>\n<p><strong>LE SEZIONI BILINGUI ITALO-ALBANESI<\/strong><\/p>\n<p>Il <a href=\"https:\/\/ambtirana.esteri.it\/wp-content\/uploads\/2025\/08\/Memorandum-Sezioni-biligui-firmato-in-italiano-10-dic-2019-compress.pdf\">Memorandum d\u2019Intesa sul funzionamento delle Sezioni Bilingui italo-albanesi<\/a> prevede lo studio della lingua italiana dalla classe III fino all\u2019esame di maturit\u00e0 liceale.<\/p>\n<p>Il percorso formativo delle Sezioni Bilingui persegue le seguenti finalit\u00e0:<\/p>\n<ul>\n<li>una formazione d\u2019eccellenza per gli studenti<\/li>\n<li>un\u2019opportunit\u00e0 di crescita professionale per gli insegnanti, attraverso la cooperazione educativo- formativa e l\u2019organizzazione di seminari dedicati<\/li>\n<li>una capillare diffusione della lingua e della cultura italiane sul territorio nazionale<\/li>\n<\/ul>\n<p>Dalla classe III elementare alla classe IX \u00e8 previsto l\u2019insegnamento della lingua italiana per 3 ore settimanali.<\/p>\n<p>Nella media superiore, dalla X alla XII classe, \u00e8 previsto l\u2019insegnamento della lingua e letteratura italiana nonch\u00e9 di altre DNL, insegnate anch\u2019esse in lingua italiana (italiano come lingua veicolare).<\/p>\n<p>Il percorso formativo delle Sezioni Bilingui italo-albanesi \u00e8 umanistico-scientifico; ha durata complessiva di 10 anni (7 anni nella scuola di base e 3 nel liceo) e si sviluppa come segue:<\/p>\n<ul>\n<li>Lo studio dell\u2019italiano inizia dalla III classe, con insegnanti solo albanesi e prosegue dalla classe VI alla classe IX con la co-docenza di un insegnante albanese di lingua italiana e un insegnante di lingua italiana inviato dal MAECI;<\/li>\n<li>Dalla X classe sono insegnate in italiano, con la compresenza di docenti albanesi e italiani, le seguenti discipline: Lingua e Letteratura italiana, Matematica e Fisica, Storia, Storia dell\u2019Arte e Biologia;<\/li>\n<li>In ogni sede di Sezione sono presenti tre docenti della scuola italiana, inviati dal Ministero degli Affari Esteri: 1 di Lingua Italiana (assegnato alle Scuole Novennali), 1 di Lingua e Letteratura Italiana e 1 di Matematica e Fisica (assegnati al liceo).<\/li>\n<\/ul>\n<p>Il grado di conoscenza della lingua italiana in uscita dalla XII classe di liceo, secondo il quadro comune di riferimento europeo delle lingue, \u00e8 pari al livello C1.<\/p>\n<p><strong>SCUOLA ITALIANA A TIRANA (PARITARIA)<\/strong><\/p>\n<p>La Scuola Italiana a Tirana nasce nel 2017 con l\u2019intento di porsi come ponte culturale e linguistico tra Italia e Albania, due paesi vicini sia in senso geografico che storico.<\/p>\n<p>La scuola, sebbene incentrata sulla lingua e sulla cultura italiana e avendo come principale target la comunit\u00e0 italiana presente a Tirana e le coppie miste italo-albanesi, \u00e8 aperta a studenti di ogni nazionalit\u00e0. La Scuola copre il ciclo di studi della scuola primaria e della scuola secondaria di primo grado (le scuole medie).<\/p>\n<p>Dal 2018 la Scuola Italiana a Tirana \u00e8 parte della Societ\u00e0 Dante Alighieri (che ne \u00e8 socio di minoranza), ente culturale fondato nel 1889 da un gruppo di intellettuali guidati da Giosu\u00e8 Carducci, con lo scopo di \u00abtutelare e diffondere la lingua e la cultura italiane nel mondo\u00bb, che oggi presenta una rete di oltre 480 comitati e 350 centri certificatori nei cinque continenti.<\/p>\n<p>L\u20198 settembre 2022 la Scuola ha ricevuto il Presidente della Repubblica Sergio Mattarella, in occasione della sua visita ufficiale in Albania.<\/p>\n<p>Dal febbraio 2023 la Scuola Italiana a Tirana ha lo status di scuola paritaria. La parificazione ha permesso di colmare un vuoto che con il passare degli anni \u00e8 stato sempre pi\u00f9 avvertito sia dalla popolazione locale sia dalla crescente comunit\u00e0 italiana in Albania.<\/p>\n<p>*****<\/p>\n<p>&nbsp;<\/p>\n","protected":false},"excerpt":{"rendered":"L\u2019Ufficio Scuole opera all\u2019interno dell\u2019Ambasciata e svolge attivit\u00e0 di promozione, coordinamento e formazione nell\u2019ambito dell\u2019Istruzione pre-universitaria. Presiede l\u2019Ufficio la Dirigente Scolastica Eva Bambagiotti, coadiuvata dalla D.ssa Suela Nurishmi. L\u2019Ufficio Scuole coordina le seguenti attivit\u00e0: Sezioni Bilingui operanti presso Tirana, Scutari e Kor\u00e7a Programma Illiria Programma d\u2019insegnamento dell\u2019italiano come seconda lingua straniera Attivit\u00e0 di coordinamento tra [&hellip;]","protected":false},"author":4,"featured_media":8003,"parent":44,"menu_order":2,"comment_status":"closed","ping_status":"closed","template":"","meta":{"footnotes":""},"class_list":["post-360","page","type-page","status-publish","has-post-thumbnail","hentry"],"_links":{"self":[{"href":"https:\/\/ambtirana.esteri.it\/it\/wp-json\/wp\/v2\/pages\/360","targetHints":{"allow":["GET"]}}],"collection":[{"href":"https:\/\/ambtirana.esteri.it\/it\/wp-json\/wp\/v2\/pages"}],"about":[{"href":"https:\/\/ambtirana.esteri.it\/it\/wp-json\/wp\/v2\/types\/page"}],"author":[{"embeddable":true,"href":"https:\/\/ambtirana.esteri.it\/it\/wp-json\/wp\/v2\/users\/4"}],"replies":[{"embeddable":true,"href":"https:\/\/ambtirana.esteri.it\/it\/wp-json\/wp\/v2\/comments?post=360"}],"version-history":[{"count":6,"href":"https:\/\/ambtirana.esteri.it\/it\/wp-json\/wp\/v2\/pages\/360\/revisions"}],"predecessor-version":[{"id":8097,"href":"https:\/\/ambtirana.esteri.it\/it\/wp-json\/wp\/v2\/pages\/360\/revisions\/8097"}],"up":[{"embeddable":true,"href":"https:\/\/ambtirana.esteri.it\/it\/wp-json\/wp\/v2\/pages\/44"}],"wp:featuredmedia":[{"embeddable":true,"href":"https:\/\/ambtirana.esteri.it\/it\/wp-json\/wp\/v2\/media\/8003"}],"wp:attachment":[{"href":"https:\/\/ambtirana.esteri.it\/it\/wp-json\/wp\/v2\/media?parent=360"}],"curies":[{"name":"wp","href":"https:\/\/api.w.org\/{rel}","templated":true}]}}