{"id":367,"date":"2023-11-14T15:48:27","date_gmt":"2023-11-14T14:48:27","guid":{"rendered":"https:\/\/ambtirana.esteri.it\/?page_id=367"},"modified":"2025-08-27T11:20:55","modified_gmt":"2025-08-27T09:20:55","slug":"universita","status":"publish","type":"page","link":"https:\/\/ambtirana.esteri.it\/it\/italia-e-albania\/diplomazia-culturale\/universita\/","title":{"rendered":"Universit\u00e0"},"content":{"rendered":"<p><img loading=\"lazy\" decoding=\"async\" class=\"alignnone size-full wp-image-339 img-fluid\" src=\"https:\/\/ambtirana.esteri.it\/wp-content\/uploads\/2023\/11\/image_3.jpg\" alt=\"\" width=\"886\" height=\"450\" srcset=\"https:\/\/ambtirana.esteri.it\/wp-content\/uploads\/2023\/11\/image_3.jpg 886w, https:\/\/ambtirana.esteri.it\/wp-content\/uploads\/2023\/11\/image_3-300x152.jpg 300w, https:\/\/ambtirana.esteri.it\/wp-content\/uploads\/2023\/11\/image_3-768x390.jpg 768w\" sizes=\"auto, (max-width: 886px) 100vw, 886px\" \/><\/p>\n<p><strong>UNIVERSIT\u00c0 STATALE DI TIRANA<\/strong><\/p>\n<p>Facolt\u00e0 di Lingue Straniere:<\/p>\n<p>Decano della Facolt\u00e0 di Lingue Straniere: Prof. Dr. Esmeralda Kromidha (email:\u00a0<a href=\"mailto:esmeralda.kromidha@unitir.edu.al\">esmeralda.kromidha@unitir.edu.al<\/a>)<\/p>\n<p>Indirizzo: Rruga e &#8220;Elbasanit&#8221;, Tiran\u00eb<\/p>\n<p>E-mail Facolt\u00e0 di Lingue Straniere: <a href=\"mailto:info.fgjh@unitir.edu.al\"><em>info.fgjh@unitir.edu.al<\/em><\/a><\/p>\n<p>Sito web:\u00a0<a href=\"http:\/\/www.fgjh.edu.al\/\"><em>www.fgjh.edu.al<\/em><\/a><\/p>\n<p>Facebook:\u00a0<a href=\"https:\/\/www.facebook.com\/pages\/Fakulteti-i-Gjuheve-te-Huaja\/217467521618679\">https:\/\/www.facebook.com\/pages\/Fakulteti-i-Gjuheve-te-Huaja\/217467521618679<\/a><\/p>\n<p>Instagram: <a href=\"https:\/\/www.instagram.com\/fakulteti.gjuhevetehuaja.ut?igsh=NjZqb2tmbWEyMW4y\">https:\/\/www.instagram.com\/fakulteti.gjuhevetehuaja.ut?igsh=NjZqb2tmbWEyMW4y<\/a><\/p>\n<p>Dipartimento di Italiano:<\/p>\n<p>Email:\u00a0departamenti.italisht@unitir.edu.al<\/p>\n<p>Capo del Dipartimento di Italiano: Prof. Asoc. Dr. Mirela Papa (e-mail:\u00a0<a href=\"mailto:mirela.papa@unitir.edu.al\">mirela.papa@unitir.edu.al<\/a>)<\/p>\n<p>Lettore di Italiano MAECI: Prof.ssa Daniela Silvano<\/p>\n<p>(email:\u00a0<a href=\"mailto:daniela.silvano@esteri.it\">daniela.silvano@esteri.it<\/a>;\u00a0<a href=\"mailto:daniela.silvano@unitir.edu.al\">daniela.silvano@unitir.edu.al<\/a>)<\/p>\n<p>Facebook:<a href=\"https:\/\/www.facebook.com\/p\/Departamenti-i-Gjuh%C3%ABs-Italiane-FGJH-UT-100083356509759\/?locale=sq_AL\">https:\/\/www.facebook.com\/p\/Departamenti-i-Gjuh%C3%ABs-Italiane-FGJH-UT-100083356509759\/?locale=sq_AL<\/a><\/p>\n<p>Instagram: <a href=\"https:\/\/www.instagram.com\/dep_i_gjuhes_italiane_fgjh_ut?igsh=M2s5eW9iOXBmbHF0\">https:\/\/www.instagram.com\/dep_i_gjuhes_italiane_fgjh_ut?igsh=M2s5eW9iOXBmbHF0<\/a><\/p>\n<p>L\u2019Universit\u00e0 Statale di Tirana \u00e8 stata la prima Universit\u00e0 albanese ad avviare, nell\u2019a.a. 1984\/85, un Corso di laurea quadriennale in italiano, con l\u2019istituzione, nello stesso anno, del Dipartimento di Italiano. A partire dall\u2019a.a. 2005\/2006 l\u2019Universit\u00e0 ha scelto di adottare il modello universitario europeo, elaborato secondo la Carta di Bologna: di conseguenza, si \u00e8 provveduto a modificare la struttura ed i curricula anche del Corso di Laurea in italiano strutturandolo secondo il modello 3+2, ovvero, in un Corso di Laurea Triennale (Bachelor) e in un Master Scientifico (biennale).<\/p>\n<p>Dal 1992 il Ministero degli Affari Esteri e della Cooperazione Internazionale sostiene il Dipartimento con l\u2019invio di un proprio Lettore italiano, oltre che con importanti contributi, attraverso l\u2019Ambasciata d\u2019Italia e l\u2019Istituto Italiano di Cultura, per la formazione e l\u2019aggiornamento dei docenti, nonch\u00e9 per l\u2019organizzazione di numerosi eventi culturali ed attivit\u00e0 come Convegni, Conferenze e Workshop.<\/p>\n<p>Presso il Dipartimento sono attivi un Corso di Laurea Triennale in <em>Lingua, Letteratura e Civilt\u00e0 Italiana<\/em> e un Master biennale articolato su tre indirizzi: <em>Didattica della Lingua Italiana<\/em>; <em>Traduzione ed Interpretariato<\/em>; <em>Lingua e comunicazione interculturale e turistica<\/em>.<\/p>\n<p>Nell\u2019a.a. 2024-2025 il Dipartimento di Italiano conta 24 docenti, fra cui la lettrice MAECI, ed ha un totale di 577 studenti iscritti di cui 117 studiano l\u2019italiano come prima lingua e 328 come seconda lingua. Inoltre, 46 studenti iscritti alla Facolt\u00e0 di Economia e 30 studenti iscritti alla Facolt\u00e0 di Storia e Filologia studiano l\u2019italiano come lingua straniera.<\/p>\n<p>Il Dipartimento ha stretto diversi Accordi Quadro con i principali Atenei italiani al fine di promuovere l\u2019internazionalizzazione, la mobilit\u00e0 di docenti e studenti, la partecipazione a progetti, lo scambio di buone pratiche e l\u2019attivazione di Doppi Titoli di Laurea validi in entrambi i paesi.<\/p>\n<p>La collaborazione risulta particolarmente attiva con i seguenti Atenei: Universit\u00e0 per Stranieri di Siena; Universit\u00e0 per Stranieri di Perugia; Universit\u00e0 degli Studi di Siena; Universit\u00e0 degli studi di Salerno; Universit\u00e0 degli Studi di Roma Tor Vergata; Universit\u00e0 degli Studi della Tuscia; Universit\u00e0 C\u00e0 Foscari di Venezia.<\/p>\n<p>In condivisione con la Facolt\u00e0 di Lingue Straniere, il Dipartimento di italiano dispone di due biblioteche, un laboratorio di informatica e di un laboratorio linguistico con la predisposizione di cabine per l\u2019interpretazione simultanea e consecutiva. L\u2019intero edificio storico che ospita la Facolt\u00e0 \u00e8 stato completamente rinnovato e, oltre all\u2019allestimento dello spazio esterno, sono state rinnovate tutte le aule che sono dotate di moderni impianti audio-video e di lavagne interattive multimediali con collegamento Wi-Fi.<\/p>\n<p><strong>\u00a0<\/strong><\/p>\n<p><strong>UNIVERSIT\u00c0 STATALE \u201cIsmail Qemali\u201d di VALONA<\/strong><\/p>\n<p>Indirizzo: L. Pavaresia 12, Skele, 9400 Valona \u2013 Tel\/fax: +355 33 222288 Email: <a href=\"mailto:info@univlora.edu.al\">info@univlora.edu.al<\/a><\/p>\n<p>Rettore: Prof.ssa Aurela Saliaj<\/p>\n<p>Preside Facolt\u00e0 Scienze Umanistiche: Prof. Dr. Roland Zisi<\/p>\n<p>Capo Dipartimento Lingue Straniere: Prof.ssa Kozeta Hyso<\/p>\n<p>Lettore di Italiano: Prof.ssa Annamaria Ursi (da settembre 2025)<\/p>\n<p>L\u2019Universit\u00e0 \u201cIsmail Qemali\u201d \u00e8 un\u2019universit\u00e0 pubblica, fondata nel 1994. Il Dipartimento di Lingue Straniere, all\u2019interno della Facolt\u00e0 di Scienze Umane, presenta anche uno Spazio della Cultura Italiana dotato di biblioteca. Un punto forte del Dipartimento \u00e8 la stretta collaborazione con il Consolato Generale di Valona, grazie al cui sostegno vengono realizzati progetti, attivit\u00e0 culturali e convegni. Iniziative di partenariato sono attive con pi\u00f9 atenei ed in particolare con l\u2019Universit\u00e0 del Salento con la quale da molti anni esiste una convenzione ed altri atenei italiani con i quali l\u2019Universit\u00e0 collabora non solo nell\u2019ambito del programma Erasmus.<\/p>\n<p>All\u2019Universit\u00e0 \u201cIsmail Qemali\u201d vengono offerti corsi di italiano ai livelli A1-C2 all\u2019interno dei Corsi di Laurea in Lingua Italiana ed in Lingua Inglese, dei Master (Lauree specialistiche) in Lingua e Letteratura Italiana ed in Lingua e Letteratura Inglese, ma anche presso altre facolt\u00e0: sia a livello elementare che per quanto riguarda il linguaggio specialistico si impara l\u2019italiano nel Corso di Laurea in Marketing, nel Corso di Laurea in Infermieristica e soprattutto nel Corso di Laurea in Giurisprudenza, dove si osserva una domanda in costante aumento.<\/p>\n","protected":false},"excerpt":{"rendered":"UNIVERSIT\u00c0 STATALE DI TIRANA Facolt\u00e0 di Lingue Straniere: Decano della Facolt\u00e0 di Lingue Straniere: Prof. Dr. Esmeralda Kromidha (email:\u00a0esmeralda.kromidha@unitir.edu.al) Indirizzo: Rruga e &#8220;Elbasanit&#8221;, Tiran\u00eb E-mail Facolt\u00e0 di Lingue Straniere: info.fgjh@unitir.edu.al Sito web:\u00a0www.fgjh.edu.al Facebook:\u00a0https:\/\/www.facebook.com\/pages\/Fakulteti-i-Gjuheve-te-Huaja\/217467521618679 Instagram: https:\/\/www.instagram.com\/fakulteti.gjuhevetehuaja.ut?igsh=NjZqb2tmbWEyMW4y Dipartimento di Italiano: Email:\u00a0departamenti.italisht@unitir.edu.al Capo del Dipartimento di Italiano: Prof. Asoc. Dr. Mirela Papa (e-mail:\u00a0mirela.papa@unitir.edu.al) Lettore di Italiano MAECI: Prof.ssa [&hellip;]","protected":false},"author":4,"featured_media":0,"parent":44,"menu_order":3,"comment_status":"closed","ping_status":"closed","template":"","meta":{"footnotes":""},"class_list":["post-367","page","type-page","status-publish","hentry"],"_links":{"self":[{"href":"https:\/\/ambtirana.esteri.it\/it\/wp-json\/wp\/v2\/pages\/367","targetHints":{"allow":["GET"]}}],"collection":[{"href":"https:\/\/ambtirana.esteri.it\/it\/wp-json\/wp\/v2\/pages"}],"about":[{"href":"https:\/\/ambtirana.esteri.it\/it\/wp-json\/wp\/v2\/types\/page"}],"author":[{"embeddable":true,"href":"https:\/\/ambtirana.esteri.it\/it\/wp-json\/wp\/v2\/users\/4"}],"replies":[{"embeddable":true,"href":"https:\/\/ambtirana.esteri.it\/it\/wp-json\/wp\/v2\/comments?post=367"}],"version-history":[{"count":4,"href":"https:\/\/ambtirana.esteri.it\/it\/wp-json\/wp\/v2\/pages\/367\/revisions"}],"predecessor-version":[{"id":8099,"href":"https:\/\/ambtirana.esteri.it\/it\/wp-json\/wp\/v2\/pages\/367\/revisions\/8099"}],"up":[{"embeddable":true,"href":"https:\/\/ambtirana.esteri.it\/it\/wp-json\/wp\/v2\/pages\/44"}],"wp:attachment":[{"href":"https:\/\/ambtirana.esteri.it\/it\/wp-json\/wp\/v2\/media?parent=367"}],"curies":[{"name":"wp","href":"https:\/\/api.w.org\/{rel}","templated":true}]}}