{"id":41,"date":"2023-04-11T18:07:19","date_gmt":"2023-04-11T16:07:19","guid":{"rendered":"https:\/\/ambasciatapraga.esteri.it\/?page_id=41"},"modified":"2025-02-06T10:15:19","modified_gmt":"2025-02-06T09:15:19","slug":"numeri-di-emergenza","status":"publish","type":"page","link":"https:\/\/ambtirana.esteri.it\/it\/chi-siamo\/numeri-di-emergenza\/","title":{"rendered":"Numeri di emergenza"},"content":{"rendered":"<p>Numero di emergenza, <strong>solo per i cittadini italiani <\/strong><em>(emergenze quali, ad esempio: incidenti stradali, ricoveri d&#8217;urgenza, arresti, ecc.)<\/em>:<br \/>\n00355 4 2275900 in funzione dalle ore 18.00 alle ore 22.00 dal luned\u00ec al gioved\u00ec e dalle ore 18.00 del venerd\u00ec alle ore 8.30 del luned\u00ec<\/p>\n","protected":false},"excerpt":{"rendered":"Numero di emergenza, solo per i cittadini italiani (emergenze quali, ad esempio: incidenti stradali, ricoveri d&#8217;urgenza, arresti, ecc.): 00355 4 2275900 in funzione dalle ore 18.00 alle ore 22.00 dal luned\u00ec al gioved\u00ec e dalle ore 18.00 del venerd\u00ec alle ore 8.30 del luned\u00ec","protected":false},"author":1,"featured_media":0,"parent":13,"menu_order":6,"comment_status":"closed","ping_status":"closed","template":"","meta":{"footnotes":""},"class_list":["post-41","page","type-page","status-publish","hentry"],"_links":{"self":[{"href":"https:\/\/ambtirana.esteri.it\/it\/wp-json\/wp\/v2\/pages\/41","targetHints":{"allow":["GET"]}}],"collection":[{"href":"https:\/\/ambtirana.esteri.it\/it\/wp-json\/wp\/v2\/pages"}],"about":[{"href":"https:\/\/ambtirana.esteri.it\/it\/wp-json\/wp\/v2\/types\/page"}],"author":[{"embeddable":true,"href":"https:\/\/ambtirana.esteri.it\/it\/wp-json\/wp\/v2\/users\/1"}],"replies":[{"embeddable":true,"href":"https:\/\/ambtirana.esteri.it\/it\/wp-json\/wp\/v2\/comments?post=41"}],"version-history":[{"count":4,"href":"https:\/\/ambtirana.esteri.it\/it\/wp-json\/wp\/v2\/pages\/41\/revisions"}],"predecessor-version":[{"id":7017,"href":"https:\/\/ambtirana.esteri.it\/it\/wp-json\/wp\/v2\/pages\/41\/revisions\/7017"}],"up":[{"embeddable":true,"href":"https:\/\/ambtirana.esteri.it\/it\/wp-json\/wp\/v2\/pages\/13"}],"wp:attachment":[{"href":"https:\/\/ambtirana.esteri.it\/it\/wp-json\/wp\/v2\/media?parent=41"}],"curies":[{"name":"wp","href":"https:\/\/api.w.org\/{rel}","templated":true}]}}