{"id":42,"date":"2023-04-11T18:08:31","date_gmt":"2023-04-11T16:08:31","guid":{"rendered":"https:\/\/ambasciatapraga.esteri.it\/?page_id=42"},"modified":"2025-02-06T10:23:50","modified_gmt":"2025-02-06T09:23:50","slug":"la-rete-consolare","status":"publish","type":"page","link":"https:\/\/ambtirana.esteri.it\/it\/chi-siamo\/la-rete-consolare\/","title":{"rendered":"La Rete Consolare"},"content":{"rendered":"<p><strong>CANCELLERIA CONSOLARE a TIRANA<\/strong><\/p>\n<p><strong>Capo della Cancelleria Consolare<\/strong><\/p>\n<p>Primo Segretario <strong>Giacomo MONTEMARANI<\/strong><\/p>\n<p>Rr. Papa Gjon Pali II, N. 2<br \/>\nTel.: (00355 4) 2275900<br \/>\nPEC:\u00a0<a href=\"mailto:amb.tirana.consolare@cert.esteri.it\">amb.tirana.consolare@cert.esteri.it<\/a><\/p>\n<p><strong>Numero Emergenza Connazionali:<\/strong><br \/>\n<strong>355 42 275900<\/strong>\u00a0(raggiungibile h24 da tutto il territorio albanese e dall&#8217;estero)<\/p>\n<p><strong>Orario per il pubblico:<\/strong><br \/>\ndal luned\u00ec al venerd\u00ec, dalle ore 9.00 alle ore 12.30<\/p>\n<p>&nbsp;<\/p>\n<p><strong>VICE CONSOLATO ONORARIO d&#8217;ITALIA a SCUTARI<br \/>\n(circoscrizione di Scutari, Mal\u00ebsi e Madhe, Tropoj\u00eb, Has, Kuk\u00ebs, Dib\u00ebr, Mirdit\u00eb, Lezh\u00eb e Puk\u00eb)<\/strong><\/p>\n<p><strong>Vice Console Onorario<\/strong><br \/>\n<strong>Prof. Roland Dodani<\/strong><br \/>\nTel: +3556970308428<br \/>\nRruga Don Bosko<br \/>\nE-mail:\u00a0<a href=\"mailto:scutari.onorario@esteri.it\">scutari.onorario@esteri.it<\/a><\/p>\n<p>&nbsp;<\/p>\n<p><strong>CONSOLATO GENERALE D&#8217;ITALIA A VALONA<\/strong><\/p>\n<p><strong>Console Generale<\/strong><br \/>\n<strong>Dott. Achille PROVENZANO<br \/>\n<\/strong><\/p>\n<p>Indirizzo: L. 10 Korriku, Rr. Murat T\u00ebrba\u00e7i, VALONA<br \/>\nTel: 00355-33 225705\/7<br \/>\nFax: 00355-33 225706\/9<br \/>\nE-mail:\u00a0<a href=\"mailto:consolato.valona@esteri.it\">consolato.valona@esteri.it<\/a><\/p>\n<p><strong>Telefono riservato ai connazionali per casi di emergenza:<\/strong><br \/>\n<strong>cell.+355 682027064<\/strong><\/p>\n<p><strong>Orario di apertura al pubblico:<\/strong><br \/>\ndal luned\u00ec al venerd\u00ec<br \/>\nore 8.45- 12.00<\/p>\n<p>&nbsp;<\/p>\n<p><strong>CONSOLATO ONORARIO d&#8217;ITALIA ad ARGIROCASTRO<\/strong><br \/>\n<strong>Console Onorario<\/strong><br \/>\nProf. Teodor Bilushi<br \/>\nIndirizzo:Rr. Lagjja Varosh, n. 92<br \/>\nGjirokast\u00ebr<br \/>\nTel: +355684023608<br \/>\nE-mail:\u00a0<a href=\"mailto:teodor.bilushi@libero.it\">teodor.bilushi@libero.it<\/a><\/p>\n<p>&nbsp;<\/p>\n<p><strong>CORRISPONDENTE CONSOLARE D&#8217;ITALIA &#8211; BERAT<\/strong><br \/>\n<strong>Prof. Vladimir \u00c7ela<\/strong><br \/>\nIndirizzo: L.D\u00ebshmor\u00ebt e Kombit, P.Konuda, BERAT<br \/>\nCell: +355\u00a0697480390<br \/>\ne-mail:\u00a0<a href=\"mailto:celavladimir@gmail.com\">celavladimir@gmail.com<\/a><\/p>\n","protected":false},"excerpt":{"rendered":"CANCELLERIA CONSOLARE a TIRANA Capo della Cancelleria Consolare Primo Segretario Giacomo MONTEMARANI Rr. Papa Gjon Pali II, N. 2 Tel.: (00355 4) 2275900 PEC:\u00a0amb.tirana.consolare@cert.esteri.it Numero Emergenza Connazionali: 355 42 275900\u00a0(raggiungibile h24 da tutto il territorio albanese e dall&#8217;estero) Orario per il pubblico: dal luned\u00ec al venerd\u00ec, dalle ore 9.00 alle ore 12.30 &nbsp; VICE CONSOLATO [&hellip;]","protected":false},"author":1,"featured_media":0,"parent":13,"menu_order":8,"comment_status":"closed","ping_status":"closed","template":"","meta":{"footnotes":""},"class_list":["post-42","page","type-page","status-publish","hentry"],"_links":{"self":[{"href":"https:\/\/ambtirana.esteri.it\/it\/wp-json\/wp\/v2\/pages\/42","targetHints":{"allow":["GET"]}}],"collection":[{"href":"https:\/\/ambtirana.esteri.it\/it\/wp-json\/wp\/v2\/pages"}],"about":[{"href":"https:\/\/ambtirana.esteri.it\/it\/wp-json\/wp\/v2\/types\/page"}],"author":[{"embeddable":true,"href":"https:\/\/ambtirana.esteri.it\/it\/wp-json\/wp\/v2\/users\/1"}],"replies":[{"embeddable":true,"href":"https:\/\/ambtirana.esteri.it\/it\/wp-json\/wp\/v2\/comments?post=42"}],"version-history":[{"count":6,"href":"https:\/\/ambtirana.esteri.it\/it\/wp-json\/wp\/v2\/pages\/42\/revisions"}],"predecessor-version":[{"id":7024,"href":"https:\/\/ambtirana.esteri.it\/it\/wp-json\/wp\/v2\/pages\/42\/revisions\/7024"}],"up":[{"embeddable":true,"href":"https:\/\/ambtirana.esteri.it\/it\/wp-json\/wp\/v2\/pages\/13"}],"wp:attachment":[{"href":"https:\/\/ambtirana.esteri.it\/it\/wp-json\/wp\/v2\/media?parent=42"}],"curies":[{"name":"wp","href":"https:\/\/api.w.org\/{rel}","templated":true}]}}