{"id":43,"date":"2023-04-11T18:10:30","date_gmt":"2023-04-11T16:10:30","guid":{"rendered":"https:\/\/ambasciatapraga.esteri.it\/?page_id=43"},"modified":"2025-02-20T11:37:24","modified_gmt":"2025-02-20T10:37:24","slug":"diplomazia-economica","status":"publish","type":"page","link":"https:\/\/ambtirana.esteri.it\/it\/italia-e-albania\/diplomazia-economica\/","title":{"rendered":"Diplomazia economica"},"content":{"rendered":"<div>\n<p class=\"boxLevel03\">PER CONTATTARE L&#8217;UFFICIO COMMERCIALE\u00a0<strong><a href=\"https:\/\/nexus.esteri.it\/?sede=3\">CLICCA QUI<\/a><\/strong>.<strong>\u00a0<\/strong><\/p>\n<p><strong>CENNI SUL QUADRO MACROECONOMICO<\/strong><\/p>\n<p>L&#8217;Albania sta vivendo un periodo di crescita economica ininterrotta dal 2015, con una sola eccezione nel 2020, a causa della pandemia di COVID-19. Nel 2025, il PIL del Paese dovrebbe crescere del 3,5% (dati Fondo Monetario Internazionale), confermando un trend positivo. La Legge di Bilancio 2025 dimostra l&#8217;impegno dell&#8217;Albania nella modernizzazione e nello sviluppo economico, con un focus sui fondamentali macroeconomici. Gli investimenti pubblici ammontano a 8,4 miliardi di euro, pari al 6,2% del PIL, mentre il debito pubblico dovrebbe scendere al 55,8%, riducendo la pressione fiscale. L\u2019economia albanese rimane stabile anche nel primo trimestre del 2025, trainata dall\u2019espansione dei consumi, degli investimenti e delle esportazioni. Nell\u2019ultimo rapporto sulla politica monetaria della Banca d&#8217;Albania si prevede che il Paese avr\u00e0 una crescita economica solida, caratterizzata da un livello dei prezzi sotto controllo. La situazione economica \u00e8 solida e sono previsti un aumento dell&#8217;occupazione e dei salari, insieme ad un aumento delle vendite delle imprese e ad un miglioramento delle loro condizioni finanziarie e della societ\u00e0 in generale. A gennaio 2025 l&#8217;inflazione \u00e8 pari all\u20191,9% (in diminuzione rispetto al 3,4% del gennaio 2024) e il tasso d\u2019interesse al 2,75% favorisce uno sviluppo stabile ed equilibrato. La struttura economica albanese si sta trasformando, con un crescente contributo del settore dei servizi, che ha registrato un aumento significativo nei settori delle attivit\u00e0 professionali, finanziario e del commercio. Al contrario, l&#8217;industria manifatturiera e l&#8217;agricoltura hanno visto una diminuzione della loro produzione. Ci\u00f2 segnala un passaggio da settori ad alta intensit\u00e0 di lavoro, come l&#8217;agricoltura e la manifattura, a settori pi\u00f9 capital-intensive, come l&#8217;energia, il digitale, l&#8217;ICT e i servizi finanziari.<\/p>\n<p>Tirana, capitale del Paese, emerge come il centro economico, politico e culturale dell&#8217;Albania. La citt\u00e0 \u00e8 giovane, con il 45,8% della popolazione sotto i 35 anni, ed \u00e8 un motore dinamico per l&#8217;economia, contribuendo al 45% del PIL nazionale. Tirana \u00e8 anche un polo universitario che attira lavoratori qualificati, facilitando la crescita di aziende innovative e start-up.<\/p>\n<\/div>\n","protected":false},"excerpt":{"rendered":"PER CONTATTARE L&#8217;UFFICIO COMMERCIALE\u00a0CLICCA QUI.\u00a0 CENNI SUL QUADRO MACROECONOMICO L&#8217;Albania sta vivendo un periodo di crescita economica ininterrotta dal 2015, con una sola eccezione nel 2020, a causa della pandemia di COVID-19. Nel 2025, il PIL del Paese dovrebbe crescere del 3,5% (dati Fondo Monetario Internazionale), confermando un trend positivo. La Legge di Bilancio 2025 [&hellip;]","protected":false},"author":1,"featured_media":0,"parent":14,"menu_order":0,"comment_status":"closed","ping_status":"closed","template":"","meta":{"footnotes":""},"class_list":["post-43","page","type-page","status-publish","hentry"],"_links":{"self":[{"href":"https:\/\/ambtirana.esteri.it\/it\/wp-json\/wp\/v2\/pages\/43","targetHints":{"allow":["GET"]}}],"collection":[{"href":"https:\/\/ambtirana.esteri.it\/it\/wp-json\/wp\/v2\/pages"}],"about":[{"href":"https:\/\/ambtirana.esteri.it\/it\/wp-json\/wp\/v2\/types\/page"}],"author":[{"embeddable":true,"href":"https:\/\/ambtirana.esteri.it\/it\/wp-json\/wp\/v2\/users\/1"}],"replies":[{"embeddable":true,"href":"https:\/\/ambtirana.esteri.it\/it\/wp-json\/wp\/v2\/comments?post=43"}],"version-history":[{"count":3,"href":"https:\/\/ambtirana.esteri.it\/it\/wp-json\/wp\/v2\/pages\/43\/revisions"}],"predecessor-version":[{"id":7126,"href":"https:\/\/ambtirana.esteri.it\/it\/wp-json\/wp\/v2\/pages\/43\/revisions\/7126"}],"up":[{"embeddable":true,"href":"https:\/\/ambtirana.esteri.it\/it\/wp-json\/wp\/v2\/pages\/14"}],"wp:attachment":[{"href":"https:\/\/ambtirana.esteri.it\/it\/wp-json\/wp\/v2\/media?parent=43"}],"curies":[{"name":"wp","href":"https:\/\/api.w.org\/{rel}","templated":true}]}}