{"id":45,"date":"2023-04-11T18:10:55","date_gmt":"2023-04-11T16:10:55","guid":{"rendered":"https:\/\/ambasciatapraga.esteri.it\/?page_id=45"},"modified":"2023-11-15T10:04:18","modified_gmt":"2023-11-15T09:04:18","slug":"diplomazia-scientifica","status":"publish","type":"page","link":"https:\/\/ambtirana.esteri.it\/it\/italia-e-albania\/diplomazia-scientifica\/","title":{"rendered":"Diplomazia scientifica"},"content":{"rendered":"<h3>COOPERAZIONE SCIENTIFICA ED UNIVERSITARIA ITALIA-ALBANIA<\/h3>\n<p>1. Quadro istituzionale: Accordo di cooperazione Scientifica e Tecnologica Italia-Albania firmato a Tirana il 18 dicembre 1997 ed entrato in vigore il 22 settembre 1999.<\/p>\n<p>2. Ultimo programma di attuazione: IV Programma Esecutivo di attuazione dell\u2019Accordo per il periodo 2012-2014<\/p>\n<p>3. Quadro istituzionale. Altri accordi di cooperazione Italia-Albania in campo scientifico, tecnologico ed universitario:<\/p>\n<p>3.1 Accordo CRUI \u2013 KRUSh del 4 dicembre 2004<br \/>\n3.2 Memorandum MIUR \u2013MASh del 31 marzo 2006<br \/>\n3.3 Memorandum tra CNR e Accademia d\u2019Albania del 18 gennaio 2002<br \/>\n3.4 MoU tra Accademia dei Lincei ed Accademia delle Scienze d\u2019Albania del 15 Marzo 2002<br \/>\n3.5 Missioni Archeologiche<br \/>\n3.6 Accordi di Cooperazione interuniversitaria<\/p>\n<p>4. Cenni sul Nuovo Sistema universitario albanese (Universit\u00e0 Pubbliche, Universit\u00e0 private riconosciute e Universit\u00e0 Nostra Signora del Buon Consiglio di Tirana)<\/p>\n<p>5. Link utili<\/p>\n<h3>1.Quadro istituzionale: Accordo di cooperazione Scientifica e Tecnologica Italia-Albania e suo programma di attuazione<\/h3>\n<p>La cooperazione tra Italia ed Albania nel settore scientifico e tecnologico \u00e8 regolata dal relativo Accordo bilaterale firmato a Tirana il 18 dicembre 1997 ed entrato in vigore il 22 settembre 1999.<br \/>\nLo scopo \u00e8 di promuovere lo sviluppo della cooperazione scientifica e tecnologica nei settori di mutuo interesse, su base paritaria e con reciproco vantaggio e nel rispetto degli obblighi che derivano dalle norme internazionali e dai trattati.<br \/>\nLa collaborazione \u00e8 diretta prevalentemente ai seguenti settori:<\/p>\n<ul>\n<li>Sanit\u00e0 pubblica ed organizzazione ospedaliera;<\/li>\n<li>Agronomia, veterinaria e zoootecnia;<\/li>\n<li>Geologia, scienze forestali e minerarie;<\/li>\n<li>Ambiente ed energia;<\/li>\n<li>Urbanistica e Sviluppo del territorio;<\/li>\n<li>Nuove tecnologie applicate all\u2019industria di trasformazione e dell\u2019industria alimentare;<\/li>\n<li>Telecomunicazioni;<\/li>\n<li>Nuove tecnologie applicate alle infrastrutture;<\/li>\n<li>Informatizzazione dei servizi pubblici;<\/li>\n<li>Archeologia e tutela del patrimonio archeologico.<\/li>\n<\/ul>\n<p>E\u2019 prevista una clausola di carattere generale sulla difesa della propriet\u00e0 intellettuale.<\/p>\n<p>La cooperazione potr\u00e0 trovare attuazione nelle seguenti forme:<\/p>\n<ul>\n<li>Realizzazione di progetti di comune interesse nel settore della ricerca scientifica;<\/li>\n<li>Sostegno alla costituzione e messa in funzione di nuovi centri e laboratori di ricerca;<\/li>\n<li>Collaborazione nel settore dell\u2019informatizzazione sulle discipline scientifiche di base;<\/li>\n<li>Seminari, Conferenze, Convegni e mostre;<\/li>\n<li>Corsi di formazione e borse di studio;<\/li>\n<li>Scambio regolare su base continua di documentazione ed informazioni scientifiche.<\/li>\n<\/ul>\n<p>L\u2019Accordo ha trovato una lusinghiera attuazione attraverso la firma di quattro Programmi Esecutivi a partire dal 2001 e terminati nel 2014.<\/p>\n<p><strong>2. Per memoria si riportano i punti salienti dell\u2019ultimo Programma Esecutivo di attuazione dell\u2019Accordo di Cooperazione Scientifica e Tecnologica per il periodo 2012-2014<\/strong> firmato a Tirana il 20 gennaio 2012. Il Programma esecutivo individuava 8 Progetti di Mobilit\u00e0 che davano accesso ai finanziamenti per lo scambio di ricercatori. Finanziamenti che sono stati erogati secondo le seguenti modalit\u00e0:<\/p>\n<ul>\n<li>\u2022 <strong>Soggiorni di ricerca in Italia<\/strong> di ricercatori albanesi partecipanti ai progetti ammessi a finanziamento. Il Governo italiano ha concesso ai suddetti ricercatori un finanziamento di Euro 93 al giorno per soggiorni di una settimana al massimo;<\/li>\n<li>\u2022 <strong>Soggiorni di ricerca in Albania<\/strong> di ricercatori italiani partecipanti ai suddetti progetti. Il Governo albanese ha concesso un rimborso giornaliero di 8.000 Lek (circa 56 euro) per un massimo di 7 giorni di durata della missione.<\/li>\n<\/ul>\n<p>Erano stati inoltre individuati 4 Progetti di Grande Rilevanza che potevano ricevere finanziamenti sia da parte italiana che albanese.<\/p>\n<p><strong>3. Quadro istituzionale: altri accordi di cooperazione Italia-Albania in campo scientifico, tecnologico ed universitario<\/strong><\/p>\n<p>Oltre all\u2019Accordo di CS &amp; T descritto nel paragrafo precedente, sono in vigore gli accordi e le intese di cooperazione italo-albanese sommariamente descritti qui di seguito (NOTA BENE: Si tratta di accordi che non sono n\u00e9 gestiti, n\u00e9 finanziati dal Ministero degli Affari Esteri).<\/p>\n<p><strong>3.1 Accordo CRUI-KRUSH<\/strong><\/p>\n<p>E\u2019 stato firmato a Tirana il 4 dicembre 2004, in occasione della\u00a0prima Conferenza dei Rettori delle Universit\u00e0 dei Balcani, promossa dall\u2019Ambasciata d\u2019Italia.<br \/>\nGli obiettivi sono rappresentati da:<\/p>\n<ul>\n<li>scambio e diffusione di esperienze nell\u2019ambito della gestione universitaria e dell\u2019organizzazione didattica;<\/li>\n<li>applicazione dei principi del Processo di Bologna;<\/li>\n<li>potenziamento dell\u2019uso di strumenti di trasparenza e flessibilit\u00e0 nei percorsi formativi;<\/li>\n<li>scambio di studenti universitari;<\/li>\n<li>scambio di personale accademico e di ricercatori;<\/li>\n<li>partecipazione a simposi ed altri eventi accademici.<\/li>\n<\/ul>\n<p>Nell\u2019ambito di tale Accordo operano numerose collaborazioni fra Universit\u00e0 Italiane e Albanesi nelle varie discipline e con vari obiettivi.<\/p>\n<p><strong>3.2 Memorandum fra MIUR E MASH (Ministero dell&#8217;Educazione e dello Sport di Albania)<\/strong><\/p>\n<p>Firmato a Roma il 31 marzo 2006 impegna i due Ministeri a concretizzare Programmi per lo scambio di docenti, ricercatori e personale amministrativo e la realizzazione di corsi universitari e post-universitari congiunti.<\/p>\n<p><strong>3.3 Memorandum di collaborazione in Scienza e Tecnologia fra l\u2019Accademia di Albania ed il Consiglio Nazionale delle Ricerche d\u2019Italia.<\/strong><\/p>\n<p>Accademia delle Scienze d\u2019Albania<br \/>\nSheshi &#8220;Fan Noli &#8211; Tiran\u00eb<br \/>\nProf. Myzafer Korkuti \u2013 Presidente dell\u2019Accademia<br \/>\nTel: + 355 4 222 74 76<br \/>\nWebsite: <a href=\"http:\/\/www.akad.gov.al\">http:\/\/www.akad.gov.al<\/a><\/p>\n<p>E\u2019 stato firmato a Tirana il 18 gennaio 2002 e rappresenta un altro programma esecutivo fra i due Paesi, nel quadro dell\u2019Accordo Quadro di CS&amp;T firmato nel 1997. Le attivit\u00e0 di Cooperazione si svilupperanno sulla base di programmi concordati fra le parti mediante:<\/p>\n<ul>\n<li>realizzazione di progetti congiunti di ricerca scientifica e tecnologica su temi di interesse comune;<\/li>\n<li>scambio di ricercatori;<\/li>\n<li>attivit\u00e0 di formazione post-universitaria con modalit\u00e0 specifiche da stabilire, nel quadro dei progetti comuni di ricerca;<\/li>\n<li>organizzazione congiunta di conferenze , corsi, seminari bilaterali su temi di interesse comune;<\/li>\n<li>scambio di informazioni e pubblicazione congiunta di opere scientifiche e di mutuo interesse.<\/li>\n<\/ul>\n<p>Tali azioni \u00e8 previsto che si realizzino attraverso Programmi Biennali. Sulla base di questo principio, il 28 aprile 2003 \u00e8 stato firmato un memorandum che prevedeva la cooperazione in 10 progetti di ricerca.<\/p>\n<p><strong>3.4 Memorandum of Understanding fra l\u2019Accademia nazionale dei Lincei e l\u2019Accademia delle Scienze di Albania<br \/>\n<\/strong>Si propone la collaborazione per scambi visite, informazioni, pubblicazioni e la realizzazione di seminari e convegni. E\u2019 stato firmato a Roma il 15 marzo 2002.<\/p>\n<p><strong>3.5 Missioni Archeologiche<br \/>\n<\/strong><\/p>\n<p>Centro studi albanologici<br \/>\nSheshi Nene Tereza&#8221;, Nr.3, Tirana ALBANIA<br \/>\nRettore: Ardian Marashi<br \/>\ne-mail: albanologjia@gmail.com<br \/>\ntel:00355 42240713 Cel: 00355 6720 66040<\/p>\n<p>In Albania operano tre missioni archeologiche ufficiali finanziate dal governo italiano. Il Progetto si scavi, ricerche e restauri di Phoinike, diretto dall\u2019Universit\u00e0 di Bologna, il Progetto Pilota Hadrianopolis nella regione di Argirocastro, diretto dall\u2019Universit\u00e0 di Macerata, il Progetto di studio e sistemazione dell\u2019area di Byllis, diretto dal Politecnico di Bari<\/p>\n<p><strong>3.6 Accordi di Cooperazione Universitaria<br \/>\n<\/strong>Sono in vigore numerosi Accordi di Cooperazione InterUniversitaria fra i quali si evidenziano le Convenzioni dell\u2019Universit\u00e0 Nostra Signora del Buon Consiglio di Tirana con alcune universit\u00e0 italiane &#8211; Universit\u00e0 di Roma Tor Vergata, Universit\u00e0 di Bari, Universit\u00e0 di Bologna &#8211; che prevedono il rilascio di titoli di studio congiunti validi automaticamente sia in Albania che in Italia.<\/p>\n<p>Per una lista completa di tali accordi, si pu\u00f2 consultare la pagina WEB sull\u2019Albania della piattaforma informatica <a title=\"Vai alla banca dati CINECA\" href=\"http:\/\/accordi-internazionali.cineca.it\/\"><strong>CINECA<\/strong><\/a>, curata dal Ministero degli Affari Esteri (MAE), dal Ministero dell\u2019Istruzione, Universit\u00e0 e Ricerca (MIUR), dalla Conferenza dei Rettori delle Universit\u00e0 Italiane (CRUI) e dal Consiglio Universitario Nazionale (CUN). <a title=\"Vai alla pagina web per la ricerca delle collaborazioni universitarie\" href=\"http:\/\/accordi-internazionali.cineca.it\/accordi.php?continenti=EU&amp;paesi=008&amp;univ_stran=%25&amp;univ_ita=%25&amp;anni=%25&amp;btnSubmit=Cerca\"><strong>Vedi pagina web Accordi Internazionali &#8211; Ricerca avanzata collaborazioni universitarie<\/strong><\/a>.<\/p>\n<h3>Cenni sul sistema universitario albanese<\/h3>\n<p>Il sistema universitario albanese \u00e8 stato profondamente riformato con la legge nr 80 del 21 luglio 2015 Nr. 80\/2015 (legge Per l&#8217;istruzione superiore e gli istituti di ricerca di istruzione superiore nella Repubblica d\u2019Albania) la cui attuazione \u00e8 tutt\u2019ora in corso.<br \/>\n\u00c8 un sistema caratterizzato da una situazione molto peculiare in quanto, accanto ad 15 istituzioni universitarie statali (Universit\u00e0 o Accademie):<\/p>\n<p>1. Universiteti i Tiran\u00ebs<br \/>\n2. Universiteti Politeknik i Tiran\u00ebs<br \/>\n3. Universiteti Bujq\u00ebsor i Tiran\u00ebs<br \/>\n4. Universiteti \u201cLuigj Gurakuqi\u201d Shkod\u00ebr<br \/>\n5. Universiteti \u201cAleksand\u00ebr Xhuvani\u201d Elbasan<br \/>\n6. Universiteti \u201cFan S. Noli\u201d Kor\u00e7\u00eb<br \/>\n7. Universiteti \u201cIsmail Qemali\u201d Vlor\u00eb<br \/>\n8. Universiteti \u201cEqrem \u00c7abej\u201d Gjirokast\u00ebr<br \/>\n9. Universiteti &#8220;Aleksand\u00ebr Moisiu&#8221;, Durr\u00ebs<br \/>\n10. Universiteti i Arteve Tiran\u00eb<br \/>\n11. Universiteti i Sporteve i Tiran\u00ebs<br \/>\n12. Qendra e Studimeve Albanologjike<br \/>\n13. Akademia e Mbrojtjes \u201cSpiro Moisiu\u201d<br \/>\n14. Akademia e Arteve Shkod\u00ebr \u2026\u2026\u2026\u2026(chiusa dal 2015)<br \/>\n15. Universiteti i Mjek\u00ebsis\u00eb s\u00eb Tiran\u00ebs<br \/>\n16. Akademia e Siguris\u00eb<\/p>\n<p>Sono presenti venticinque universit\u00e0 private autorizzate dal Ministero albanese dell\u2019Istruzione e dello sport.<\/p>\n<p>La popolazione studentesca \u00e8 di circa 170.000 universitari compresi circa 600 italiani, circa 450 montenegrini, circa 400 turchi, circa 350 serbi e circa 250 da Fyrom macedonia (fonte UNESCO 2016).<\/p>\n<p>Tale proliferazione di istituzioni universitarie private \u00e8 dovuta al fatto che le universit\u00e0 statali sono caratterizzate dal \u201cnumero chiuso\u201d e gli studenti possono accedervi solo con un punteggio minimo della maturit\u00e0 (68\/100 come previsto da un recente decreto del presidente del consiglio dei Ministri albanese), una media ponderata degli ultimi tre anni in materie specifiche e &#8211; per alcune universit\u00e0 &#8211; anche dal superamento di un esame di ammissione.<\/p>\n<p>Oltre alle venticinque universit\u00e0 private &#8211; riconosciute dall\u2019Agenzia Pubblica dell\u2019Accreditamento dell\u2019Istruzione Universitaria www.aaal.edu.al \u2013 e accreditate presso il Ministero Albanese dell\u2019Educazione e dello Sport (MASH), ve ne sono altre che rilasciano titoli di studio che non hanno valore legale in Albania.<\/p>\n<p>Per controllare lo stato dell&#8217;accreditamento delle Universit\u00e0 private albanesi, serve controllare presso il Ministero dell&#8217;Istruzione e dello Sport.<\/p>\n<p>L\u2019Albania ha aderito al Processo di Bologna nel 2003 e sta adeguando progressivamente la struttura dei suoi studi universitari a quella europea, beneficiando in questo processo del sostegno concesso da alcuni programmi dell\u2019Unione Europea (IPA) in favore dei Paesi candidati all\u2019adesione all\u2019UE e della Cooperazione italiana.<\/p>\n<p>Per quanto riguarda il valore dei titoli di studio universitari albanesi, essi abilitano all\u2019esercizio di professioni solo in Albania (e, come detto sopra, solo per quelli rilasciati da Istituzioni Universitarie riconosciute dall\u2019APAAL www.aaal.edu.al ) e non anche in Italia (con la sola eccezione dei diplomi rilasciati dall\u2019Universit\u00e0 Nostra Signora del Buon Consiglio, vedi prossimo paragrafo) e negli altri Paesi europei, dato che l\u2019Albania non fa ancora parte dell\u2019Unione Europea.<\/p>\n<p>Quindi, i possessori di diplomi universitari albanesi dovranno ottenere l\u2019equipollenza del proprio titolo di studio albanese in Italia. A tale scopo, essi dovranno presentare all\u2019Ufficio Scuole di questa Ambasciata e del Consolato Generale in Valona (per competenza territoriale) il proprio diploma universitario in originale con elenco degli esami sostenuti. Tutti i documenti dovranno essere apostillati dal Ministero degli Affari Esteri albanese e tradotti dall&#8217;Istituto Italiano di Cultura (Palazzo della Cultura, Piazza Skenderj; tel. 04\/2379580) o da un <a id=\"Traduttori giurati\" title=\"traduttore giurato\" href=\"https:\/\/ambtirana.esteri.it\/ambasciata_tirana\/asciata_Tirana\/Archivio_News\/nuova lista trad giurati.html\" target=\"_blank\" rel=\"noopener\" name=\"Traduttori giurati\">traduttore giurato<\/a>.<\/p>\n<p>Sulla base di tale documentazione, l\u2019Ambasciata o il Consolato in Valona, rilascer\u00e0 una Dichiarazione di valore, che \u00e8, come dice il nome stesso, una dichiarazione che attesta il valore legale che tale titolo di studio ha in Albania.<br \/>\nCon la dichiarazione di valore, il titolare di un diploma universitario albanese potr\u00e0 richiedere ad un\u2019universit\u00e0 italiana di sua scelta l\u2019iscrizione e la convalida degli esami sostenuti; l\u2019universit\u00e0 italiana che riceve la richiesta decider\u00e0 autonomamente se concedere l\u2019equipollenza del diploma universitario albanese, oppure quali esami convalidare e a che anno del corso di laurea equivalente ammettere il possessore del diploma universitario albanese affinch\u00e9 egli\/ella possa conseguire la laurea italiana.<\/p>\n<p><strong>L\u2019Universit\u00e0 Nostra Signora del Buon Consiglio di Tirana (NSBC)<\/strong><\/p>\n<p>Kompleksi Spitalor Universitar &#8220;Zoja e K\u00ebshillit t\u00eb Mir\u00eb&#8221; Rr. Dritan Hoxha, Tiran\u00eb, Shqip\u00ebri<br \/>\nRettore: Prof. Dr. Bruno Giardina<br \/>\nTel : +355 54 25 3347<br \/>\ne-mail: info@unizkm.edu.al<br \/>\nwebsite: <a href=\"http:\/\/www.unizkm.al\">www.unizkm.al<\/a><\/p>\n<p>L\u2019<a title=\"Vai al sito web dell'ateneo\" href=\"http:\/\/www.unizkm.al\/zkm\/brick\/ateneo\"><strong>Universit\u00e0 Nostra Signora del Buon Consiglio di Tirana<\/strong><\/a>\u00a0nasce nel 2004 a Tirana per iniziativa della Congregazione dei Figli dell\u2019Immacolata Concezione ed \u00e8 un\u2019universit\u00e0 privata \u201cnon-profit\u201d albanese costituita con capitali italiani. Grazie ad accordi di collaborazione stabiliti con alcune Universit\u00e0 italiane (Roma Tor Vergata, Bari, Bologna e Milano), la NSBC \u00e8 l\u2019unica istituzione universitaria albanese che rilascia diplomi universitari (Medicina, Fisioterapia ed Infermieristica, Economia, Scienze Politiche) riconosciuti anche in Italia.\u00a0Per un elenco completo delle lauree congiunte rilasciate presso la NSBC\u00a0<a href=\"https:\/\/ambtirana.esteri.it\/resource\/2012\/05\/16810_f_LaureecongiunteNostraSignoradelBuonConsiglio.pdf\">clicca qui<\/a><\/p>\n<h3>Link utili<\/h3>\n<p><strong>Enti Italiani<\/strong><\/p>\n<ul>\n<li><a title=\"Vai al sito web di CINECA\" href=\"http:\/\/accordi-internazionali.cineca.it\/\"><strong>Piattaforma CINECA<\/strong><\/a> (Lista degli accordi internazionali stipulati da universit\u00e0 italiane con universit\u00e0 straniere)<\/li>\n<li><a title=\"Vai al portale della Ricerca Italiana\" href=\"http:\/\/www.ricercaitaliana.it\/\"><strong>RICERCA ITALIANA<\/strong><\/a><\/li>\n<li><a title=\"Vai al portale della Pubblica Amministrazione\" href=\"http:\/\/www.italia.gov.it\/\"><strong>SERVIZI DELLA PUBBLICA AMMINISTRAZIONE<\/strong><\/a><\/li>\n<li><a title=\"Vai al sito del MIUR\" href=\"http:\/\/www.miur.it\/\"><strong>MIUR<\/strong><\/a> (Ministero Istruzione, Universit\u00e0 e Ricerca)<\/li>\n<li><a title=\"Vai al sito del CNR\" href=\"http:\/\/www.cnr.it\/\"><strong>CNR<\/strong><\/a> (Consiglio Nazionale delle Ricerche)<\/li>\n<li><a title=\"Vai al sito dell'ENEA\" href=\"http:\/\/www.enea.it\/\"><strong>ENEA<\/strong><\/a> (Agenzia Nazionale per le nuove tecnologie, l\u2019energia e lo sviluppo economico sostenibile)<\/li>\n<li><a title=\"Vai al sito dell'ASI\" href=\"http:\/\/www.asi.it\/\"><strong>ASI<\/strong><\/a> (Agenzia Spaziale Italiana)<\/li>\n<li><a title=\"Vai al sito dell'INFN\" href=\"http:\/\/www.infn.it\/\"><strong>INFN<\/strong><\/a> (Istituto Nazionale di Fisica Nucleare)<\/li>\n<li><a title=\"Vai al sito dell'ISS\" href=\"http:\/\/www.iss.it\/\"><strong>ISS<\/strong><\/a> (Istituto Superiore di Sanit\u00e0)<\/li>\n<li><a title=\"Vai al sito dell'ISTAT\" href=\"http:\/\/www.istat.it\/\"><strong>ISTAT<\/strong><\/a> (Istituto Nazionale di Statistica)<\/li>\n<li><a title=\"Vai al sito dell'Associazione dei parchi scientifici\" href=\"http:\/\/www.apsti.it\/\"><strong>Associazione Parchi Scientifici e Tecnologici<\/strong><\/a><\/li>\n<li><a href=\"https:\/\/innovitalia.esteri.it\">INNOVAITALIA<\/a> (Portale della Diplomazia Scientifica)<\/li>\n<\/ul>\n<p><strong>Enti Albanesi<\/strong><\/p>\n<ul>\n<li><a title=\"Vai al sito del MInistero dell'Educazione e della scienza\" href=\"http:\/\/www.mash.gov.al\/\"><strong>Ministero dell\u2019Educazione e dello Sport<\/strong><\/a><\/li>\n<li><a title=\"Vai al sito dell'ASA\" href=\"http:\/\/www.akad.edu.al\/\"><strong>ASA<\/strong><\/a> (Accademia delle Scienze di Albania)<\/li>\n<li><a title=\"Vai al sito dell'INSTAT\" href=\"http:\/\/www.instat.gov.al\/\"><strong>INSTAT<\/strong><\/a><\/li>\n<li><a title=\"Vai al sito del Ministero della Cultura, giovent\u00f9 e scuola\" href=\"http:\/\/www.mtkrs.gov.al\/\"><strong>Ministero della Cultura<\/strong><\/a><\/li>\n<li><a title=\"Vai al sito del Ministero dell'Economia\" href=\"http:\/\/www.mete.gov.al\/\"><strong>Ministero dell\u2019Economia, Industria e dell\u2019Energia<\/strong><\/a><\/li>\n<li><a title=\"Vai al sito del Ministero dell'Agricoltura\" href=\"http:\/\/www.mbumk.gov.al\/\"><strong>Ministero dell\u2019Alimentazione e dell\u2019Agricoltura<\/strong><\/a><\/li>\n<li><a title=\"Vai al sito del Ministero dei Lavori Pubblici\" href=\"http:\/\/www.mppt.gov.al\/\"><strong>Ministero dei Lavori Pubblici, Trasporti e Telecomunicazioni<\/strong><\/a><\/li>\n<\/ul>\n","protected":false},"excerpt":{"rendered":"COOPERAZIONE SCIENTIFICA ED UNIVERSITARIA ITALIA-ALBANIA 1. Quadro istituzionale: Accordo di cooperazione Scientifica e Tecnologica Italia-Albania firmato a Tirana il 18 dicembre 1997 ed entrato in vigore il 22 settembre 1999. 2. Ultimo programma di attuazione: IV Programma Esecutivo di attuazione dell\u2019Accordo per il periodo 2012-2014 3. Quadro istituzionale. Altri accordi di cooperazione Italia-Albania in campo [&hellip;]","protected":false},"author":1,"featured_media":0,"parent":14,"menu_order":4,"comment_status":"closed","ping_status":"closed","template":"","meta":{"footnotes":""},"class_list":["post-45","page","type-page","status-publish","hentry"],"_links":{"self":[{"href":"https:\/\/ambtirana.esteri.it\/it\/wp-json\/wp\/v2\/pages\/45","targetHints":{"allow":["GET"]}}],"collection":[{"href":"https:\/\/ambtirana.esteri.it\/it\/wp-json\/wp\/v2\/pages"}],"about":[{"href":"https:\/\/ambtirana.esteri.it\/it\/wp-json\/wp\/v2\/types\/page"}],"author":[{"embeddable":true,"href":"https:\/\/ambtirana.esteri.it\/it\/wp-json\/wp\/v2\/users\/1"}],"replies":[{"embeddable":true,"href":"https:\/\/ambtirana.esteri.it\/it\/wp-json\/wp\/v2\/comments?post=45"}],"version-history":[{"count":3,"href":"https:\/\/ambtirana.esteri.it\/it\/wp-json\/wp\/v2\/pages\/45\/revisions"}],"predecessor-version":[{"id":577,"href":"https:\/\/ambtirana.esteri.it\/it\/wp-json\/wp\/v2\/pages\/45\/revisions\/577"}],"up":[{"embeddable":true,"href":"https:\/\/ambtirana.esteri.it\/it\/wp-json\/wp\/v2\/pages\/14"}],"wp:attachment":[{"href":"https:\/\/ambtirana.esteri.it\/it\/wp-json\/wp\/v2\/media?parent=45"}],"curies":[{"name":"wp","href":"https:\/\/api.w.org\/{rel}","templated":true}]}}