{"id":47,"date":"2023-04-11T18:12:24","date_gmt":"2023-04-11T16:12:24","guid":{"rendered":"https:\/\/ambasciatapraga.esteri.it\/?page_id=47"},"modified":"2025-04-04T09:01:15","modified_gmt":"2025-04-04T07:01:15","slug":"servizi-per-il-cittadino-italiano","status":"publish","type":"page","link":"https:\/\/ambtirana.esteri.it\/it\/servizi-consolari-e-visti\/servizi-per-il-cittadino-italiano\/","title":{"rendered":"Servizi per il cittadino italiano"},"content":{"rendered":"<div>\n<p>I servizi consolari sono erogati secondo principi di eguaglianza, imparzialit\u00e0, efficienza e trasparenza.<\/p>\n<p>Per informazioni sempre aggiornate sull&#8217;erogazione dei servizi consolari \u00e9 possibile consultare anche il sito del Ministero degli Affari Esteri.<\/p>\n<p>I Consolati assicurano tutela a tutti i connazionali in caso di violazione dei loro diritti fondamentali e di limitazione o privazione della loro libert\u00e0 personale. Inoltre assicurano assistenza per i casi di emergenza, per la ricerca di familiari, per le pratiche di successione aperte all&#8217;estero e per il rimpatrio delle salme.<\/p>\n<p><strong>NOVITA&#8217;<\/strong><\/p>\n<p><strong>RICHIESTA CERTIFICATI ANAGRAFICI ONLINE<\/strong><\/p>\n<p>A partire dal 15 novembre 2021, i cittadini iscritti nelle anagrafi italiane (sia APR che AIRE) hanno la possibilita&#8217; di richiedere direttamente online diversi tipi di certificati anagrafici. Il rilascio di tali certificati \u00e8 gratuito e naturalmente possibile solo a condizione di avere un&#8217;identit\u00e0 digitale (CIE, Spid o CNS), dal momento che tale modalit\u00e0 \u00e8 ormai l&#8217;unica in Italia per accedere ai servizi telematici erogati dalla Pubblica Amministrazione.<\/p>\n<p>Il sito al quale \u00e8 necessario connettersi \u00e8 <a href=\"https:\/\/www.anagrafenazionale.interno.it\/servizi-al-cittadino\/\">https:\/\/www.anagrafenazionale.interno.it\/servizi-al-cittadino\/<\/a> ; i certificati che si possono richiedere, per s\u00e9 oppure per i familiari conviventi anagraficamente, sono:<\/p>\n<p>\u25cf Anagrafico di nascita<br \/>\n\u25cf Anagrafico di matrimonio<br \/>\n\u25cf di Cittadinanza<br \/>\n\u25cf di Esistenza in vita<br \/>\n\u25cf di Residenza<br \/>\n\u25cf di Residenza AIRE<br \/>\n\u25cf di Stato civile<br \/>\n\u25cf di Stato di famiglia<br \/>\n\u25cf di Stato di famiglia e di stato civile<br \/>\n\u25cf di Residenza in convivenza<br \/>\n\u25cf di Stato di famiglia AIRE<br \/>\n\u25cf di Stato di famiglia con rapporti di parentela<br \/>\n\u25cf di Stato Libero<br \/>\n\u25cf Anagrafico di Unione Civile<br \/>\n\u25cf di Contratto di Convivenza<\/p>\n<p>La richiesta e il rilascio dei certificati in elenco sono a cura del cittadino, collegandosi al sito del Ministero dell\u2019Interno con lo SPID\/CIE o CNS. La Cancelleria consolare non pu\u00f2 richiedere gli atti per conto del connazionale<\/p>\n<\/div>\n","protected":false},"excerpt":{"rendered":"I servizi consolari sono erogati secondo principi di eguaglianza, imparzialit\u00e0, efficienza e trasparenza. Per informazioni sempre aggiornate sull&#8217;erogazione dei servizi consolari \u00e9 possibile consultare anche il sito del Ministero degli Affari Esteri. I Consolati assicurano tutela a tutti i connazionali in caso di violazione dei loro diritti fondamentali e di limitazione o privazione della loro [&hellip;]","protected":false},"author":1,"featured_media":0,"parent":15,"menu_order":0,"comment_status":"closed","ping_status":"closed","template":"","meta":{"footnotes":""},"class_list":["post-47","page","type-page","status-publish","hentry"],"_links":{"self":[{"href":"https:\/\/ambtirana.esteri.it\/it\/wp-json\/wp\/v2\/pages\/47","targetHints":{"allow":["GET"]}}],"collection":[{"href":"https:\/\/ambtirana.esteri.it\/it\/wp-json\/wp\/v2\/pages"}],"about":[{"href":"https:\/\/ambtirana.esteri.it\/it\/wp-json\/wp\/v2\/types\/page"}],"author":[{"embeddable":true,"href":"https:\/\/ambtirana.esteri.it\/it\/wp-json\/wp\/v2\/users\/1"}],"replies":[{"embeddable":true,"href":"https:\/\/ambtirana.esteri.it\/it\/wp-json\/wp\/v2\/comments?post=47"}],"version-history":[{"count":4,"href":"https:\/\/ambtirana.esteri.it\/it\/wp-json\/wp\/v2\/pages\/47\/revisions"}],"predecessor-version":[{"id":7442,"href":"https:\/\/ambtirana.esteri.it\/it\/wp-json\/wp\/v2\/pages\/47\/revisions\/7442"}],"up":[{"embeddable":true,"href":"https:\/\/ambtirana.esteri.it\/it\/wp-json\/wp\/v2\/pages\/15"}],"wp:attachment":[{"href":"https:\/\/ambtirana.esteri.it\/it\/wp-json\/wp\/v2\/media?parent=47"}],"curies":[{"name":"wp","href":"https:\/\/api.w.org\/{rel}","templated":true}]}}