{"id":49,"date":"2023-04-11T18:13:11","date_gmt":"2023-04-11T16:13:11","guid":{"rendered":"https:\/\/ambasciatapraga.esteri.it\/?page_id=49"},"modified":"2024-10-17T12:43:36","modified_gmt":"2024-10-17T10:43:36","slug":"passaporti-e-carte-didentita","status":"publish","type":"page","link":"https:\/\/ambtirana.esteri.it\/it\/servizi-consolari-e-visti\/servizi-per-il-cittadino-italiano\/passaporti-e-carte-didentita\/","title":{"rendered":"Passaporti"},"content":{"rendered":"<p class=\"boxLevel03\"><strong>PASSAPORTI<\/strong><\/p>\n<p><span style=\"color: black;\">Si ricorda che il \u00a0passaporto viene rilasciato solo su \u00a0appuntamento prenotabile tramite l\u2019apposita piattaforma <a href=\"https:\/\/prenotami.esteri.it\/\">Prenot@mi:<\/a><\/span><\/p>\n<p class=\"boxLevel03\">Il passaporto \u00e8 un documento di viaggio e riconoscimento. Il suo rilascio\/estensione \u00e8 di competenza dell\u2019Ufficio Passaporti della Circoscrizione Consolare in cui il cittadino italiano \u00e8 residente.<br \/>\nIn realt\u00e0, per risiedere e viaggiare nei Paesi dell&#8217;Unione Europea \u00e8 sufficiente la carta d&#8217;identit\u00e0 valida per l&#8217;espatrio, rilasciata dal Comune di iscrizione AIRE in Italia.<\/p>\n<p class=\"boxLevel03\">E&#8217; tuttavia sempre consigliabile avere un passaporto oltre a una carta d&#8217;identit\u00e0 valida.<br \/>\nPer il rilascio del passaporto occorre presentarsi all\u2019Ufficio Passaporti della Circoscrizione Consolare in cui il cittadino \u00e8 residente con la seguente documentazione:<\/p>\n<ul>\n<li class=\"boxLevel03\">documento di riconoscimento;<\/li>\n<li class=\"boxLevel03\">due fotografie recenti (uguali, frontali, a colori);<\/li>\n<li><a href=\"https:\/\/ambtirana.esteri.it\/wp-content\/uploads\/2024\/10\/MODULO-PASSAPORTO.pdf\">modulo compilato<\/a><\/li>\n<\/ul>\n<p class=\"boxLevel03\">(<strong>N.B.<\/strong> Perch\u00e9 un italiano residente all\u2019estero ottenga il passaporto, \u00e8 necessario che sia iscritto all\u2019A.I.R.E. di un Comune italiano).<\/p>\n<p class=\"boxLevel03\">Un cittadino italiano all\u2019estero pu\u00f2 richiedere il rilascio del passaporto presso una circoscrizione consolare in cui non \u00e8 residente, ma in tal caso occorre attendere il &#8220;<strong>NULLA OSTA<\/strong>&#8221; dell&#8217;Ufficio (Questura o Consolato Italiano) competente per il territorio di residenza.<\/p>\n<p>&nbsp;<\/p>\n<p><strong>VALIDITA&#8217; DEI PASSAPORTI<\/strong><\/p>\n<p>La validit\u00e0 temporale del passaporto differisce in base all\u2019et\u00e0 del titolare:<\/p>\n<ul>\n<li>per i minori di 3 anni la validit\u00e0 \u00e8 di 3 anni;<\/li>\n<li>per i minori dai 3 ai 18 anni la validit\u00e0 \u00e8 di 5 anni;<\/li>\n<li>per i maggiorenni la validit\u00e0 \u00e8 di 10 anni.<\/li>\n<\/ul>\n<p>&nbsp;<\/p>\n<p><strong>RILASCIO PASSAPORTI PER MAGGIORENNI<\/strong><\/p>\n<p>Per il rilascio del passaporto occorre presentarsi all\u2019Ufficio Passaporti della Circoscrizione Consolare in cui il cittadino \u00e8 residente con la seguente documentazione:<\/p>\n<ul>\n<li>passaporto attualmente in possesso;<\/li>\n<li>due fotografie (uguali e recenti formato ICAO)<\/li>\n<\/ul>\n<p>&nbsp;<\/p>\n<p><strong>NOVITA\u2019 IMPORTANTE:<\/strong><\/p>\n<p>Si informano i connazionali, genitori di figli minori, che a partire dal 14 giugno 2023 non sar\u00e0 pi\u00f9 necessario presentare l\u2019atto di assenso dell\u2019altro genitore ai fini del rilascio del proprio documento d\u2019identit\u00e0 (passaporto e CIE), ai sensi del D.L. 69\/2023.<\/p>\n<p>Nello specifico il novellato articolo 3-bis della L. 1185\/1967 indica che, quando vi \u00e8 concreto e attuale pericolo che a causa del trasferimento all&#8217;estero questo possa sottrarsi all&#8217;adempimento dei suoi obblighi verso i figli, sar\u00e0 possibile per l\u2019altro genitore richiedere una inibitoria al rilascio del documento.<\/p>\n<p>L\u2019istanza potr\u00e0 essere presentata presso il giudice competente presso il Tribunale ordinario in cui il minore ha la residenza abituale ovvero, se il minore \u00e8 residente all\u2019estero, il Tribunale nel cui circondario si trova il suo Comune di iscrizione AIRE.<\/p>\n<p>Ai fini del rilascio dei documenti per i minori, invece, resta l\u2019obbligo dell\u2019assenso firmato da entrambi i genitori o da chi esercita la responsabilit\u00e0 genitoriale.<\/p>\n<p>&nbsp;<\/p>\n<p><strong>RILASCIO PASSAPORTI PER MINORENNI<\/strong><\/p>\n<p>Dal novembre 2009 i figli minorenni non possono pi\u00f9 essere iscritti sui passaporti dei genitori. Anche i minorenni devono pertanto essere dotati di passaporto individuale. Per ottenere il rilascio del passaporto per un figlio minorenne, il formulario di richiesta deve essere sottoscritto da entrambi genitori il giorno dell\u2019appuntamento, insieme a una fotografia formato tessera.<\/p>\n<p>Il minore deve essere presente il giorno dell\u00b4appuntamento, accompagnato da almeno un genitore (o da chi ne esercita la responsabilit\u00e0 genitoriale), munito di atto di assenso firmato dal genitore assente (scarica qui l\u2019atto di assenso link). Si ricorda che la firma del genitore cittadino straniero deve essere autenticata in Consolato o presso un notaio mentre per il genitore cittadino italiano l\u2019atto di assenso dovr\u00e0 essere accompagnato dalla sola copia del documento di identit\u00e0.<\/p>\n<p><a href=\"https:\/\/ambtirana.esteri.it\/wp-content\/uploads\/2024\/05\/Assenso-a-rilascio-passaporto-figli.doc\">Modello di assenso rilascio passaporto minorenne<\/a><\/p>\n<p>(<strong>N.B. <\/strong>Se il minore \u00e8 nato all&#8217;estero, perch\u00e9 ottenga il passaporto \u00e8 necessario il suo atto di nascita, su formulario plurilingue od eventualmente tradotto in italiano e munito di apostilla da parte del Consolato competente).<\/p>\n<p>Nel caso in cui uno dei genitori si rifiuti di firmare l\u2019atto di assenso per il rilascio del passaporto al figlio minorenne, la Cancelleria consolare appurer\u00e0 i motivi del mancato assenso.<br \/>\nQualora tali motivazioni non risultino adeguate, il Capo della Cancelleria consolare, con apposito decreto, pu\u00f2 autorizzare d&#8217;ufficio il rilascio del passaporto.<\/p>\n<p><strong>Attenzione:<\/strong> le disposizioni prevedono che i minori di 14 anni che viaggiano non accompagnati da uno dei genitori o da chi ne fa le veci siano muniti di una dichiarazione che riporti il nome della persona, dell&#8217;ente o della compagnia di trasporto cui il minore \u00e8 affidato, rilasciata da chi pu\u00f2 dare l&#8217;assenso, convalidata dalla Questura o dall\u2019Autorit\u00e0 consolare.<\/p>\n<p>&nbsp;<\/p>\n<p><strong>FURTO O SMARRIMENTO DEL PASSAPORTO &#8211; RESIDENTI NELLA CIRCOSCRIZIONE CONSOLARE<\/strong><\/p>\n<p>Per ottenere il rilascio di un nuovo passaporto a seguito di furto o smarrimento del proprio documento, occorre che il cittadino si presenti all\u2019Ufficio Passaporti della Cancelleria consolare, oltre che con la consueta documentazione, anche con la denuncia di furto o smarrimento del passaporto effettuato presso la locale competente Autorit\u00e0 di Polizia.<\/p>\n<p><strong>FURTO O SMARRIMENTO DEL PASSAPORTO &#8211; NON RESIDENTI NELLA CIRCOSCRIZIONE CONSOLARE<\/strong><\/p>\n<p>Qualora il cittadino italiano (di passaggio in questa circoscrizione consolare) perde o viene derubato del proprio passaporto, la Cancelleria consolare rilascer\u00e0 (dopo i dovuti accertamenti) un documento chiamato ETD (European Travel Document) con validit\u00e0 per il solo viaggio di rientro in Italia. Per ottenerlo, bisogna presentarsi in Consolato con la seguente documentazione:<\/p>\n<ul>\n<li>denuncia di furto o smarrimento del passaporto effettuato presso la locale competente Autorit\u00e0 di Polizia;<\/li>\n<li>2 fotografie (uguali e recenti formato ICAO).<\/li>\n<\/ul>\n","protected":false},"excerpt":{"rendered":"PASSAPORTI Si ricorda che il \u00a0passaporto viene rilasciato solo su \u00a0appuntamento prenotabile tramite l\u2019apposita piattaforma Prenot@mi: Il passaporto \u00e8 un documento di viaggio e riconoscimento. Il suo rilascio\/estensione \u00e8 di competenza dell\u2019Ufficio Passaporti della Circoscrizione Consolare in cui il cittadino italiano \u00e8 residente. In realt\u00e0, per risiedere e viaggiare nei Paesi dell&#8217;Unione Europea \u00e8 sufficiente [&hellip;]","protected":false},"author":1,"featured_media":0,"parent":47,"menu_order":5,"comment_status":"closed","ping_status":"closed","template":"","meta":{"footnotes":""},"class_list":["post-49","page","type-page","status-publish","hentry"],"_links":{"self":[{"href":"https:\/\/ambtirana.esteri.it\/it\/wp-json\/wp\/v2\/pages\/49","targetHints":{"allow":["GET"]}}],"collection":[{"href":"https:\/\/ambtirana.esteri.it\/it\/wp-json\/wp\/v2\/pages"}],"about":[{"href":"https:\/\/ambtirana.esteri.it\/it\/wp-json\/wp\/v2\/types\/page"}],"author":[{"embeddable":true,"href":"https:\/\/ambtirana.esteri.it\/it\/wp-json\/wp\/v2\/users\/1"}],"replies":[{"embeddable":true,"href":"https:\/\/ambtirana.esteri.it\/it\/wp-json\/wp\/v2\/comments?post=49"}],"version-history":[{"count":6,"href":"https:\/\/ambtirana.esteri.it\/it\/wp-json\/wp\/v2\/pages\/49\/revisions"}],"predecessor-version":[{"id":6633,"href":"https:\/\/ambtirana.esteri.it\/it\/wp-json\/wp\/v2\/pages\/49\/revisions\/6633"}],"up":[{"embeddable":true,"href":"https:\/\/ambtirana.esteri.it\/it\/wp-json\/wp\/v2\/pages\/47"}],"wp:attachment":[{"href":"https:\/\/ambtirana.esteri.it\/it\/wp-json\/wp\/v2\/media?parent=49"}],"curies":[{"name":"wp","href":"https:\/\/api.w.org\/{rel}","templated":true}]}}