{"id":509,"date":"2023-11-14T17:29:08","date_gmt":"2023-11-14T16:29:08","guid":{"rendered":"https:\/\/ambtirana.esteri.it\/?page_id=509"},"modified":"2025-06-19T15:18:35","modified_gmt":"2025-06-19T13:18:35","slug":"dichiarazioni-di-valore","status":"publish","type":"page","link":"https:\/\/ambtirana.esteri.it\/it\/servizi-consolari-e-visti\/servizi-per-il-cittadino-straniero\/dichiarazioni-di-valore\/","title":{"rendered":"Dichiarazioni di valore"},"content":{"rendered":"<p>La \u201cDichiarazione di Valore\u201d \u00e8 un documento di natura esclusivamente informativa, mirante a fornire ogni elemento utile per consentire, alle Autorit\u00e0 italiane competenti, una valutazione del titolo di studio o professionale conseguito in un sistema di istruzione diverso da quello italiano, ai fini del suo riconoscimento nell\u2019ordinamento italiano ai sensi della normativa vigente. E\u2019 redatta in lingua italiana e rilasciata dalle Rappresentanze Diplomatiche italiane all\u2019estero competenti per territorio.<\/p>\n<p><strong>REQUISITI PER RICHIEDERE LA DICHIARAZIONE DI VALORE<\/strong><\/p>\n<p><strong>La Dichiarazione di Valore deve essere richiesta allo Sportello di questa Cancelleria consolare direttamente dall\u2019interessato, presentandosi previo <a href=\"https:\/\/ambtirana.esteri.it\/it\/news\/dall_ambasciata\/2021\/06\/nuovo-sistema-di-prenotazione-appuntamenti\/\">appuntamento on line<\/a><\/strong>.<\/p>\n<p>La richiesta di Dichiarazione di Valore prevede i documenti di seguito elencati:<\/p>\n<p>1. La <a href=\"https:\/\/ambtirana.esteri.it\/wp-content\/uploads\/2024\/04\/Modulo-Richiesta-Dichiarazione-di-Valore.docx\">domanda<\/a> (scaricabile dal sito dell\u2019Ambasciata) compilata in ogni sua parte, <strong>insieme alla fotocopia di un documento di riconoscimento valido dell\u2019interessato (passaporto\/carta ID)<\/strong>. Nel caso in cui<strong> l\u2019interessato non sia presente nel territorio Albanese<\/strong> e quindi non possa presentarsi personalmente presso lo sportello, lo stesso deve compilare in ogni sua parte la domanda di cui sopra segnalando eventualmente i dati anagrafici e recapito telefonico della persona che pu\u00f2 consegnare \/ ritirare la sua documentazione. <strong>In tal caso \u00e8 necessario allegare copia del documento di riconoscimento dell\u2019eventuale delegato\/a (passaporto\/carta ID)<\/strong>.<\/p>\n<p>La domanda <strong>di richiesta originale<\/strong> deve essere spedita al delegato per presentarla allo sportello.<\/p>\n<p>2. <strong>Un certificato di nascita (\u00c7ERTIFIKAT\u00cb LINDJEJE) dell\u2019interessato<\/strong> (<strong><em>modello multilingue<\/em><\/strong>) <strong>scaricato negli ultimi 6 mesi dal portale e-Albania.<\/strong><\/p>\n<p>3. <strong>Titolo di studio o professionale per il quale si richiede la Dichiarazione di Valore<\/strong>:<\/p>\n<p><em><strong>a. Diploma di Maturit\u00e0 o di Media Inferiore<\/strong><\/em>:<\/p>\n<p>Diploma originale (o in fotocopia conforme all&#8217;originale) con Certificato dei Voti oppure attestato sostitutivo con Certificato dei Voti.<\/p>\n<p><strong><em>b. Diploma di Laurea e\/o Certificati di Specializzazione post &#8211; universitari<\/em><\/strong><\/p>\n<p>&#8211; <strong>Diploma di Laurea<\/strong> in fotocopia conforme all\u2019originale con Certificato dei Voti e l\u2019eventuale Supplemento del Diploma (<em>Diploma Supplement<\/em>).<\/p>\n<p>&#8211; <strong>Certificato di Specializzazione<\/strong> in fotocopia conforme all\u2019originale con il voto\/giudizio finale.<\/p>\n<p>Per poter rilasciare la Dichiarazione di Valore \u00e8 necessario che i titoli di cui sopra (punto 3) <strong>siano completi anche dei dati anagrafici (luogo e data nascita)<\/strong>.<\/p>\n<p>Se ci\u00f2 non fosse possibile, si deve presentare <strong>una dichiarazione redatta dall\u2019ufficio competente che ha rilasciato il documento<\/strong>, in cui vengano specificati correttamente i dati anagrafici.<\/p>\n<p>* Ogni documento, sia che si tratti di originali o di copia conforme all\u2019originale, deve essere munito di <strong>doppia Apostille<\/strong> rilasciata dal Ministero per l\u2019Europa e gli Affari Esteri albanese: <strong>sul titolo di studio o professionale, di cui si chiede la Dichiarazione di Valore, e sulla sua traduzione giurata in lingua italiana<\/strong>.<\/p>\n<p><strong>N.B.<\/strong> <em>1- la traduzione verr\u00e0 effettuata da un traduttore giurato come da <a href=\"https:\/\/www.drejtesia.gov.al\/perkthyesit\/\">elenco<\/a> pubblicato dal Ministero di Giustizia. Il traduttore giurato apporr\u00e0 sulla traduzione la dicitura ed il timbro come da Disposizioni del Ministro di Giustizia albanese;<\/em><\/p>\n<p><em>\u00a0 \u00a0 \u00a0 \u00a0 \u00a02- Un Notaio pubblico albanese dichiarer\u00e0 l\u2019autenticit\u00e0 della firma e la qualit\u00e0 legale del traduttore giurato ai sensi dell\u2019art 135 della L.110\/2018;<\/em><\/p>\n<p><em>\u00a0 \u00a0 \u00a0 \u00a0 3- sia sul documento che sulla traduzione cos\u00ec completata verr\u00e0 apposta l\u2019Apostille da parte del Ministero degli Affari Esteri albanese.<\/em><\/p>\n<p>La documentazione deve essere accompagnata da una fotocopia completa di tutto il materiale consegnato, ivi compresi i timbri. Le fotocopie devono essere leggibili, fedeli e coincidenti con tutta la documentazione consegnata. In caso di differenze ed errori nelle fotocopie, la Dichiarazione di Valore in loco non potr\u00e0 essere rilasciata.<\/p>\n<p>In caso di richiesta di Dichiarazione di Valore <strong>per motivi di studio<\/strong>:<\/p>\n<p><em>a &#8211; proseguimento degli studi scolastici e universitari;<br \/>\n<\/em><em>b &#8211; iscrizione presso le Universit\u00e0 italiane;<br \/>\n<\/em><em>c &#8211; omologazione di un titolo universitario per il proseguimento degli studi post laurea (master, dottorato, etc.);<br \/>\n<\/em><em>d &#8211; Equipollenza<\/em><\/p>\n<p>la documentazione deve essere corredata anche dalla documentazione che comprovi tale motivo per poter essere rilasciata gratuitamente (registrazione con riserva presso l&#8217;istituto scolastico\/accademico; iscrizione\/ricevuta di pagamento d\u2019iscrizione e\/o prima rata).<\/p>\n<p>In caso di richiesta di Dichiarazione di Valore <strong>per motivi non specificati<\/strong> il rilascio richiede il pagamento dei diritti consolari che dovr\u00e0 essere effettuato al momento dell\u2019accettazione della documentazione.<\/p>\n<p><strong><em>L\u2019Ambasciata italiana pu\u00f2 avvalersi dei 30 giorni previsti dalla normativa vigente per il rilascio della Dichiarazione di Valore. Tali termini saranno sospesi qualora questo Ufficio ritenesse opportuno procedere a talune verifiche con le autorit\u00e0 competenti locali. Il richiedente verr\u00e0 informato di tale sospensione.<\/em><\/strong><\/p>\n<p><strong>Riconoscimento delle professioni estere<br \/>\n<\/strong><strong>In Italia le professioni si dividono in due categorie<\/strong>:<\/p>\n<p><strong>Professioni NON-regolamentate<\/strong>: sono quelle che si possono esercitare senza necessit\u00e0 di possedere uno specifico titolo di studio. Si tratta di professioni aperte indifferentemente sia ai possessori di titoli di studio italiani che esteri. Sono quelle della pubblicit\u00e0, della comunicazione, dei vari settori artistici e musicali, della mediazione linguistica, del marketing, e molte altre ancora. Chi intende svolgere in Italia una professione non-regolamentata ed \u00e8 in possesso di un titolo estero non ha necessit\u00e0 di ottenerne il riconoscimento legale o formale per potersi inserire nel mercato del lavoro italiano. Pu\u00f2 essere utile allegare alla qualifica ottenuta all&#8217;estero il Diploma, la Dichiarazione di Valore o altro documento che possa descrivere le caratteristiche del titolo estero.<\/p>\n<p><strong>Professioni regolamentate<\/strong>: sono quelle il cui esercizio \u00e8 regolato dalla legislazione nazionale italiana: la legge stabilisce sia il titolo di studio indispensabile che i successivi requisiti di addestramento alla pratica della professione e le norme di deontologia professionale. L\u2019esercizio di tali professioni \u00e8 protetto dalla legge ed \u00e8 consentito esclusivamente ai soggetti abilitati secondo la normativa specifica per la tipologia di professione regolamentata.<\/p>\n","protected":false},"excerpt":{"rendered":"La \u201cDichiarazione di Valore\u201d \u00e8 un documento di natura esclusivamente informativa, mirante a fornire ogni elemento utile per consentire, alle Autorit\u00e0 italiane competenti, una valutazione del titolo di studio o professionale conseguito in un sistema di istruzione diverso da quello italiano, ai fini del suo riconoscimento nell\u2019ordinamento italiano ai sensi della normativa vigente. E\u2019 redatta [&hellip;]","protected":false},"author":4,"featured_media":0,"parent":48,"menu_order":0,"comment_status":"closed","ping_status":"closed","template":"","meta":{"footnotes":""},"class_list":["post-509","page","type-page","status-publish","hentry"],"_links":{"self":[{"href":"https:\/\/ambtirana.esteri.it\/it\/wp-json\/wp\/v2\/pages\/509","targetHints":{"allow":["GET"]}}],"collection":[{"href":"https:\/\/ambtirana.esteri.it\/it\/wp-json\/wp\/v2\/pages"}],"about":[{"href":"https:\/\/ambtirana.esteri.it\/it\/wp-json\/wp\/v2\/types\/page"}],"author":[{"embeddable":true,"href":"https:\/\/ambtirana.esteri.it\/it\/wp-json\/wp\/v2\/users\/4"}],"replies":[{"embeddable":true,"href":"https:\/\/ambtirana.esteri.it\/it\/wp-json\/wp\/v2\/comments?post=509"}],"version-history":[{"count":6,"href":"https:\/\/ambtirana.esteri.it\/it\/wp-json\/wp\/v2\/pages\/509\/revisions"}],"predecessor-version":[{"id":7788,"href":"https:\/\/ambtirana.esteri.it\/it\/wp-json\/wp\/v2\/pages\/509\/revisions\/7788"}],"up":[{"embeddable":true,"href":"https:\/\/ambtirana.esteri.it\/it\/wp-json\/wp\/v2\/pages\/48"}],"wp:attachment":[{"href":"https:\/\/ambtirana.esteri.it\/it\/wp-json\/wp\/v2\/media?parent=509"}],"curies":[{"name":"wp","href":"https:\/\/api.w.org\/{rel}","templated":true}]}}