{"id":5242,"date":"2023-11-17T09:31:58","date_gmt":"2023-11-17T08:31:58","guid":{"rendered":"https:\/\/ambtirana.esteri.it\/?page_id=5242"},"modified":"2023-11-17T09:31:58","modified_gmt":"2023-11-17T08:31:58","slug":"numero-demergenza","status":"publish","type":"page","link":"https:\/\/ambtirana.esteri.it\/it\/servizi-consolari-e-visti\/servizi-per-il-cittadino-italiano\/numero-demergenza\/","title":{"rendered":"Numero d&#8217;emergenza"},"content":{"rendered":"<p>Numero di emergenza,\u00a0<strong>solo per i cittadini italiani<\/strong>:<br \/>\n00355 4 2275900 in funzione dalle ore 18.00 alle ore 22.00 dal luned\u00ec al gioved\u00ec e dalle ore 18.00 del venerd\u00ec alle ore 8.30 del luned\u00ec<\/p>\n","protected":false},"excerpt":{"rendered":"Numero di emergenza,\u00a0solo per i cittadini italiani: 00355 4 2275900 in funzione dalle ore 18.00 alle ore 22.00 dal luned\u00ec al gioved\u00ec e dalle ore 18.00 del venerd\u00ec alle ore 8.30 del luned\u00ec","protected":false},"author":4,"featured_media":0,"parent":47,"menu_order":0,"comment_status":"closed","ping_status":"closed","template":"","meta":{"footnotes":""},"class_list":["post-5242","page","type-page","status-publish","hentry"],"_links":{"self":[{"href":"https:\/\/ambtirana.esteri.it\/it\/wp-json\/wp\/v2\/pages\/5242","targetHints":{"allow":["GET"]}}],"collection":[{"href":"https:\/\/ambtirana.esteri.it\/it\/wp-json\/wp\/v2\/pages"}],"about":[{"href":"https:\/\/ambtirana.esteri.it\/it\/wp-json\/wp\/v2\/types\/page"}],"author":[{"embeddable":true,"href":"https:\/\/ambtirana.esteri.it\/it\/wp-json\/wp\/v2\/users\/4"}],"replies":[{"embeddable":true,"href":"https:\/\/ambtirana.esteri.it\/it\/wp-json\/wp\/v2\/comments?post=5242"}],"version-history":[{"count":1,"href":"https:\/\/ambtirana.esteri.it\/it\/wp-json\/wp\/v2\/pages\/5242\/revisions"}],"predecessor-version":[{"id":5244,"href":"https:\/\/ambtirana.esteri.it\/it\/wp-json\/wp\/v2\/pages\/5242\/revisions\/5244"}],"up":[{"embeddable":true,"href":"https:\/\/ambtirana.esteri.it\/it\/wp-json\/wp\/v2\/pages\/47"}],"wp:attachment":[{"href":"https:\/\/ambtirana.esteri.it\/it\/wp-json\/wp\/v2\/media?parent=5242"}],"curies":[{"name":"wp","href":"https:\/\/api.w.org\/{rel}","templated":true}]}}