{"id":5733,"date":"2024-03-05T15:32:29","date_gmt":"2024-03-05T14:32:29","guid":{"rendered":"https:\/\/ambtirana.esteri.it\/?page_id=5733"},"modified":"2026-02-12T11:30:02","modified_gmt":"2026-02-12T10:30:02","slug":"cure-dentali-in-albania","status":"publish","type":"page","link":"https:\/\/ambtirana.esteri.it\/it\/servizi-consolari-e-visti\/servizi-per-il-cittadino-italiano\/assistenza-ai-cittadini-allestero\/cure-dentali-in-albania\/","title":{"rendered":"Cure dentali ed estetiche in Albania"},"content":{"rendered":"<p style=\"text-align: justify;\">Si assiste ad un incremento del numero di connazionali che si recano in Albania per sottoporsi a <strong>cure dentali ed estetiche<\/strong>, attratti da costi pi\u00f9 economici rispetto all\u2019Italia. L\u2019offerta di cliniche private che propongono questo tipo di servizi \u00e8 assai vasta. Spesso, in aggiunta alle cure, vengono offerti anche \u201cpacchetti\u201d che includono trasporto ed hotel, ma si raccomanda in proposito di aver sempre pieno controllo dei propri spostamenti e pernottamenti, avendo con s\u00e9 biglietti, prenotazioni, documenti di viaggio e il proprio telefono.<\/p>\n<p style=\"text-align: justify;\"><strong>Non sempre le offerte proposte sono valide e corrispondono a standard di qualit\u00e0 soddisfacenti.<br \/>\nPertanto, si raccomanda di valutare con estrema attenzione a quali cliniche e professionisti affidarsi, soprattutto per quanto concerne il prezzo in relazione al servizio e ai materiali utilizzati. \u00c8 utile dunque effettuare un confronto con analoghe prestazioni disponibili in Italia, tenendo conto anche delle tutele disponibili in caso di episodi di malasanit\u00e0 e del tipo di assicurazione da responsabilit\u00e0 civile medica con cui sono coperti gli operatori in questione. <\/strong><\/p>\n<p style=\"text-align: justify;\">Si precisa che l\u2019Ambasciata d\u2019Italia a Tirana <strong>non<\/strong> dispone di una lista di cliniche raccomandate e non pu\u00f2 consigliare o sconsigliare strutture. La scelta delle cliniche a cui affidarsi e la responsabilit\u00e0 di tale scelta sono dei singoli utenti. <strong>L\u2019Ambasciata ha tuttavia intrapreso un\u2019azione di forte sensibilizzazione e di sollecito delle Autorit\u00e0 sanitarie albanesi affinch\u00e9 impongano l\u2019adozione di standard pi\u00f9 elevati e attuino controlli pi\u00f9 severi nei confronti degli operatori locali del settore<\/strong>.<\/p>\n<p style=\"text-align: justify;\"><strong>Prima di recarsi in Albania per usufruire di prestazioni odontoiatriche o estetiche, si raccomanda vivamente di stipulare una polizza assicurativa che preveda la copertura di spese mediche supplementari che si dovessero rendere necessarie dopo l\u2019intervento, anche per l\u2019eventuale rimpatrio aereo sanitario (o il trasferimento in altro Paese) del paziente in caso di emergenza. Si raccomanda inoltre di fornire alla clinica un contatto di familiari o congiunti da sentire in caso di emergenza.<\/strong><\/p>\n<p style=\"text-align: justify;\">Per eventuali rimpatri sanitari d\u2019urgenza, si rimanda alla relativa <a href=\"https:\/\/ambtirana.esteri.it\/it\/servizi-consolari-e-visti\/servizi-per-il-cittadino-italiano\/assistenza-ai-cittadini-allestero\/rimpatri-e-rimpatri-sanitari\/\">sezione del sito dell\u2019Ambasciata<\/a>. Per contestare episodi di malasanit\u00e0, si consiglia di sporgere denuncia presso il pi\u00f9 vicino Commissariato di polizia, eventualmente con il sostegno di un legale (v. <a href=\"https:\/\/ambtirana.esteri.it\/wp-content\/uploads\/2026\/01\/STUDI-LEGALI-OPERANTI-SUL-TERRITORIO-DELLA-CIRCOSCRIZIONE-CONSOLARE-2026.pdf\">elenco allegato<\/a>).<\/p>\n<p style=\"text-align: justify;\">Si ricorda anche che, rispetto alla disponibilit\u00e0 di farmaci in loco, pur potendosene reperire per la maggior parte dei casi, \u00e8 consigliabile portar con s\u00e9 dall\u2019Italia ci\u00f2 che si deve assumere abitualmente. Se le quantit\u00e0 necessarie sono ingenti, in previsione di una permanenza prolungata, \u00e8 necessario che siano accompagnate da una prescrizione medica onde evitare controlli e conseguenze spiacevoli alla frontiera.<\/p>\n<p style=\"text-align: justify;\"><span style=\"font-size: 14.0pt; font-family: 'Tahoma',sans-serif; color: black;\">\u00a0<\/span><\/p>\n","protected":false},"excerpt":{"rendered":"Si assiste ad un incremento del numero di connazionali che si recano in Albania per sottoporsi a cure dentali ed estetiche, attratti da costi pi\u00f9 economici rispetto all\u2019Italia. L\u2019offerta di cliniche private che propongono questo tipo di servizi \u00e8 assai vasta. Spesso, in aggiunta alle cure, vengono offerti anche \u201cpacchetti\u201d che includono trasporto ed hotel, [&hellip;]","protected":false},"author":4,"featured_media":0,"parent":69,"menu_order":10,"comment_status":"closed","ping_status":"closed","template":"","meta":{"footnotes":""},"class_list":["post-5733","page","type-page","status-publish","hentry"],"_links":{"self":[{"href":"https:\/\/ambtirana.esteri.it\/it\/wp-json\/wp\/v2\/pages\/5733","targetHints":{"allow":["GET"]}}],"collection":[{"href":"https:\/\/ambtirana.esteri.it\/it\/wp-json\/wp\/v2\/pages"}],"about":[{"href":"https:\/\/ambtirana.esteri.it\/it\/wp-json\/wp\/v2\/types\/page"}],"author":[{"embeddable":true,"href":"https:\/\/ambtirana.esteri.it\/it\/wp-json\/wp\/v2\/users\/4"}],"replies":[{"embeddable":true,"href":"https:\/\/ambtirana.esteri.it\/it\/wp-json\/wp\/v2\/comments?post=5733"}],"version-history":[{"count":6,"href":"https:\/\/ambtirana.esteri.it\/it\/wp-json\/wp\/v2\/pages\/5733\/revisions"}],"predecessor-version":[{"id":8502,"href":"https:\/\/ambtirana.esteri.it\/it\/wp-json\/wp\/v2\/pages\/5733\/revisions\/8502"}],"up":[{"embeddable":true,"href":"https:\/\/ambtirana.esteri.it\/it\/wp-json\/wp\/v2\/pages\/69"}],"wp:attachment":[{"href":"https:\/\/ambtirana.esteri.it\/it\/wp-json\/wp\/v2\/media?parent=5733"}],"curies":[{"name":"wp","href":"https:\/\/api.w.org\/{rel}","templated":true}]}}