{"id":593,"date":"2023-11-15T11:04:19","date_gmt":"2023-11-15T10:04:19","guid":{"rendered":"https:\/\/ambtirana.esteri.it\/?page_id=593"},"modified":"2025-10-30T16:27:38","modified_gmt":"2025-10-30T15:27:38","slug":"rapporti-politici","status":"publish","type":"page","link":"https:\/\/ambtirana.esteri.it\/it\/italia-e-albania\/rapporti-politici\/","title":{"rendered":"Rapporti politici"},"content":{"rendered":"<p>Favorito anche dalla prossimit\u00e0 geografica, il rapporto tra l\u2019Italia e l\u2019Albania \u00e8 da anni forte e intenso e poggia su solide fondamenta storiche, culturali ed economiche. Per l\u2019Albania l\u2019Italia resta un interlocutore privilegiato: il nostro Paese \u00e8 sempre stato in prima linea nel sostenere la transizione dell\u2019Albania e il suo percorso europeo; \u00e8 stato il primo donatore bilaterale nell\u2019arco degli ultimi venti anni, \u00e8 il principale partner commerciale, un importante investitore ed ospita la pi\u00f9 fiorente comunit\u00e0 albanese all\u2019estero.<\/p>\n<p>A dimostrazione di questo legame, per sancire i quasi vent\u2019anni di collaborazione e di incontri bilaterali, il 12 Febbraio 2010 \u00e8 stata firmata a Roma la \u201d<a href=\"https:\/\/ambtirana.esteri.it\/wp-content\/uploads\/2025\/10\/dich__partenariato1.pdf\">Dichiarazione sullo Stabilimento di un Partenariato Strategico<\/a>\u2019\u2019 tra i due Paesi, incentrata su sette aspetti cruciali della cooperazione tra Italia e Albania.<\/p>\n<p>Di primaria importanza \u00e8 il sostegno italiano al processo di integrazione europea dell\u2019Albania e il nostro deciso appoggio alle sue aspirazioni euro atlantiche.\u00a0Il percorso avviato da Tirana &#8211; segnato da tappe importanti come l\u2019adesione alla Nato nel 2009, la liberalizzazione dei visti nel dicembre 2010 e la concessione dello status di Paese Candidato nel giugno 2014 &#8211; \u00e8 giunto ad una fase cruciale che vede le Autorit\u00e0 e la societ\u00e0 albanese impegnate a varare le riforme necessarie per ottenere l\u2019apertura dei negoziati di adesione all\u2019UE.<\/p>\n<p>La relazione che lega il nostro Paese con l\u2019Albania \u00e8 da intendersi anche come forma di politica regionale che l\u2019Italia porta avanti nei Balcani. L\u2019Albania si caratterizza per l\u2019esemplare convivenza pacifica tra religioni e per la cultura pienamente europea del suo popolo. L\u2019Italia apprezza il contributo dell\u2019Albania alla stabilit\u00e0 della regione e al rafforzamento della cooperazione regionale.<\/p>\n<p>Altro importante terreno di cooperazione \u00e8 la lotta al terrorismo e alla criminalit\u00e0 organizzata. In questa direzione vanno tutte quelle forme di assistenza e partenariato in materia giuridica, di polizia e militare, che i due governi stanno portando avanti, tra cui l\u2019accordo di cooperazione giudiziaria in materia di estradizioni.<\/p>\n<p>La comune visione della politica internazionale si riflette anche nell\u2019ottimo livello di cooperazione tra Italia e Albania in seno agli organismi delle Nazioni Unite, volta a favorire delle riforme che possano garantire maggiore efficacia a tali organi.<\/p>\n<p>Il legame tra Italia e Albania riguarda dunque un\u2019ampia variet\u00e0 di settori che vanno ad intrecciarsi e sovrapporsi con la cooperazione politica. La collaborazione in questi diversi campi viene regolarmente tenuta viva anche grazie ai frequenti colloqui bilaterali, a tutti i livelli, tra i rappresentanti dei rispettivi governi.<\/p>\n<p>Per un elenco dettagliato delle visite e degli incontri, consulta la sezione <a href=\"https:\/\/ambtirana.esteri.it\/it\/italia-e-albania\/rapporti-politici\/incontri\/\">Incontri<\/a>.<\/p>\n","protected":false},"excerpt":{"rendered":"Favorito anche dalla prossimit\u00e0 geografica, il rapporto tra l\u2019Italia e l\u2019Albania \u00e8 da anni forte e intenso e poggia su solide fondamenta storiche, culturali ed economiche. Per l\u2019Albania l\u2019Italia resta un interlocutore privilegiato: il nostro Paese \u00e8 sempre stato in prima linea nel sostenere la transizione dell\u2019Albania e il suo percorso europeo; \u00e8 stato il [&hellip;]","protected":false},"author":1,"featured_media":0,"parent":14,"menu_order":10,"comment_status":"closed","ping_status":"closed","template":"","meta":{"footnotes":""},"class_list":["post-593","page","type-page","status-publish","hentry"],"_links":{"self":[{"href":"https:\/\/ambtirana.esteri.it\/it\/wp-json\/wp\/v2\/pages\/593","targetHints":{"allow":["GET"]}}],"collection":[{"href":"https:\/\/ambtirana.esteri.it\/it\/wp-json\/wp\/v2\/pages"}],"about":[{"href":"https:\/\/ambtirana.esteri.it\/it\/wp-json\/wp\/v2\/types\/page"}],"author":[{"embeddable":true,"href":"https:\/\/ambtirana.esteri.it\/it\/wp-json\/wp\/v2\/users\/1"}],"replies":[{"embeddable":true,"href":"https:\/\/ambtirana.esteri.it\/it\/wp-json\/wp\/v2\/comments?post=593"}],"version-history":[{"count":5,"href":"https:\/\/ambtirana.esteri.it\/it\/wp-json\/wp\/v2\/pages\/593\/revisions"}],"predecessor-version":[{"id":8260,"href":"https:\/\/ambtirana.esteri.it\/it\/wp-json\/wp\/v2\/pages\/593\/revisions\/8260"}],"up":[{"embeddable":true,"href":"https:\/\/ambtirana.esteri.it\/it\/wp-json\/wp\/v2\/pages\/14"}],"wp:attachment":[{"href":"https:\/\/ambtirana.esteri.it\/it\/wp-json\/wp\/v2\/media?parent=593"}],"curies":[{"name":"wp","href":"https:\/\/api.w.org\/{rel}","templated":true}]}}