{"id":7093,"date":"2025-02-12T10:31:19","date_gmt":"2025-02-12T09:31:19","guid":{"rendered":"https:\/\/ambtirana.esteri.it\/?page_id=7093"},"modified":"2025-02-17T12:00:22","modified_gmt":"2025-02-17T11:00:22","slug":"cooperazione-in-ambito-difesa","status":"publish","type":"page","link":"https:\/\/ambtirana.esteri.it\/it\/italia-e-albania\/cooperazione-in-ambito-difesa\/","title":{"rendered":"Cooperazione in ambito difesa"},"content":{"rendered":"<p>I Balcani occidentali costituiscono una regione chiave per gli equilibri geopolitici e geostrategici globali, nonch\u00e9 uno scacchiere politico cruciale e di interesse sempre per pi\u00f9 Stati, Italia compresa.<\/p>\n<p>Tassello fondamentale di questo mosaico regionale \u00e8 senza dubbio l\u2019Albania, Paese che costituisce un ponte verso la dimensione euro-atlantica e occidentale e rappresenta una porta privilegiata per rafforzare la presenza italiana nell\u2019area balcanica, territorio a noi pi\u00f9 prossimo.<\/p>\n<p>Data la sua strategicit\u00e0, il Paese delle Aquile \u00e8 da sempre una priorit\u00e0 nella politica estera italiana, come testimoniato dallo stretto legame bilaterale e dalle salde relazioni che intercorrono non solo sul piano commerciale, che vede il Belpaese come primo partner, ma anche su quello politico, economico, culturale e sociale, facilitate oltretutto dalla vicinanza geografica e da motivazioni storiche.<\/p>\n<p>Tirana \u00e8 un partner fondamentale in chiave regionale anche in materia di difesa e sicurezza, in cui il ruolo di Roma spicca per rilevanza, basti pensare all\u2019impegno nella lotta alla criminalit\u00e0 organizzata e al narcotraffico e alla formazione e all\u2019addestramento delle Forze armate albanesi per promuovere lo scambio di conoscenze, per citare solo alcuni dei numerosi fronti.<\/p>\n<p>Italia e Albania traggono reciproco vantaggio da questa cooperazione, primo fra tutti la ricerca di una sicurezza ulteriore nei Balcani occidentali: il Paese delle Aquile \u00e8 cruciale per l\u2019Italia, la quale sostiene l\u2019aumento del numero di stati membri UE affacciati sul Mar Mediterraneo, funzionali nel far fronte alle sfide e alle minacce alla sicurezza provenienti da teatri attualmente molto caldi, come il Medio Oriente e l\u2019area del conflitto russo-ucraino.<\/p>\n<p>Le ottime relazioni che intercorrono tra i due Stati sono state ulteriormente acclarate anche il 4 marzo 2024, in occasione dell\u2019inaugurazione della nuova base aerea NATO di Kuc\u0327ova; in tale circostanza, a cui hanno partecipato, tra gli altri, il Ministro della Difesa italiano, Guido Crosetto, e le massime autorit\u00e0 albanesi, \u00e8 stata rimarcata nuovamente la cooperazione tra Roma e Tirana nell\u2019ambito della Difesa, nonch\u00e9 l\u2019impegno condiviso per la sicurezza, la cooperazione e lo sviluppo della regione. Tale base rappresenta dunque un luogo per dare il via ad iniziative comuni nell\u2019ambito della difesa, della formazione professionale e della risposta alle emergenze.<\/p>\n<p>L\u2019Albania, allineandosi alle posizioni internazionali euro-atlantiche, acquista peso geopolitico e al contempo viene considerata strategica da parte della medesima NATO: l\u2019ex Segretario Generale, Jens Stoltenberg, dopo un incontro con il Presidente albanese Bajram Begaj, ha evidenziato il ruolo chiave del Paese delle Aquile nella promozione della stabilita\u0300 e della cooperazione nei Balcani occidentali, una regione d\u2019importanza strategica per la NATO, di cui l\u2019Albania \u00e8 parte dal 2009.<\/p>\n<p>Citando lo scrittore Ismail Kadare \u201c<em>non ci sono altri continenti possibili per gli albanesi se non l\u2019Europa<\/em>\u201d e proprio la cooperazione tra Roma e Tirana nel settore della Difesa costituisce un ulteriore tassello per facilitare l\u2019ingresso dell\u2019Albania in UE: la cooperazione italiana nel campo della giustizia, e le sinergie attivate in ogni campo ministeriale testimoniano la volont\u00e0 italiana di porsi come sostenitrice e facilitatrice del cammino albanese verso l\u2019Europa. Inoltre l\u2019allineamento dell\u2019Albania alle posizioni di Bruxelles in materia di politica estera e di sicurezza comune la rende un fattore di stabilit\u00e0 nella regione.<\/p>\n<p>Anche il Ministro degli Esteri italiano, Antonio Tajani, in audizione al Senato nel settembre 2024, ha parlato di \u201c<em>riunificazione dell\u2019Europa<\/em>\u201d riferendosi al tema dell\u2019allargamento, che senza i Balcani occidentali sarebbe altres\u00ec incompleto e lascerebbe tale area preda dell\u2019influenza di altri Paesi rivali e ostili.<\/p>\n<p>&nbsp;<\/p>\n","protected":false},"excerpt":{"rendered":"I Balcani occidentali costituiscono una regione chiave per gli equilibri geopolitici e geostrategici globali, nonch\u00e9 uno scacchiere politico cruciale e di interesse sempre per pi\u00f9 Stati, Italia compresa. Tassello fondamentale di questo mosaico regionale \u00e8 senza dubbio l\u2019Albania, Paese che costituisce un ponte verso la dimensione euro-atlantica e occidentale e rappresenta una porta privilegiata per [&hellip;]","protected":false},"author":1,"featured_media":7048,"parent":14,"menu_order":7,"comment_status":"closed","ping_status":"closed","template":"","meta":{"footnotes":""},"class_list":["post-7093","page","type-page","status-publish","has-post-thumbnail","hentry"],"_links":{"self":[{"href":"https:\/\/ambtirana.esteri.it\/it\/wp-json\/wp\/v2\/pages\/7093","targetHints":{"allow":["GET"]}}],"collection":[{"href":"https:\/\/ambtirana.esteri.it\/it\/wp-json\/wp\/v2\/pages"}],"about":[{"href":"https:\/\/ambtirana.esteri.it\/it\/wp-json\/wp\/v2\/types\/page"}],"author":[{"embeddable":true,"href":"https:\/\/ambtirana.esteri.it\/it\/wp-json\/wp\/v2\/users\/1"}],"replies":[{"embeddable":true,"href":"https:\/\/ambtirana.esteri.it\/it\/wp-json\/wp\/v2\/comments?post=7093"}],"version-history":[{"count":2,"href":"https:\/\/ambtirana.esteri.it\/it\/wp-json\/wp\/v2\/pages\/7093\/revisions"}],"predecessor-version":[{"id":7113,"href":"https:\/\/ambtirana.esteri.it\/it\/wp-json\/wp\/v2\/pages\/7093\/revisions\/7113"}],"up":[{"embeddable":true,"href":"https:\/\/ambtirana.esteri.it\/it\/wp-json\/wp\/v2\/pages\/14"}],"wp:featuredmedia":[{"embeddable":true,"href":"https:\/\/ambtirana.esteri.it\/it\/wp-json\/wp\/v2\/media\/7048"}],"wp:attachment":[{"href":"https:\/\/ambtirana.esteri.it\/it\/wp-json\/wp\/v2\/media?parent=7093"}],"curies":[{"name":"wp","href":"https:\/\/api.w.org\/{rel}","templated":true}]}}