{"id":89,"date":"2023-04-11T18:22:07","date_gmt":"2023-04-11T16:22:07","guid":{"rendered":"https:\/\/ambasciatapraga.esteri.it\/?page_id=89"},"modified":"2025-03-04T12:14:35","modified_gmt":"2025-03-04T11:14:35","slug":"visti","status":"publish","type":"page","link":"https:\/\/ambtirana.esteri.it\/it\/servizi-consolari-e-visti\/servizi-per-il-cittadino-straniero\/visti\/","title":{"rendered":"Visti"},"content":{"rendered":"<p>Il Ministero degli Affari\u00a0Esteri e della\u00a0Cooperazione\u00a0Internazionale\u00a0offre l\u2019accesso ad una procedura guidata, sulla base della nazionalit\u00e0, del Paese di residenza, dei motivi della visita e della durata del soggiorno, al fine di conoscere se \u00e8 necessario o meno richiedere un visto d&#8217;ingresso per l&#8217;Italia.<\/p>\n<p>Si invita a cliccare sul logo per avere accesso al database:<\/p>\n<p><a href=\"https:\/\/vistoperitalia.esteri.it\/\">Visto per l&#8217;Italia<\/a><\/p>\n<p>Nel caso sia necessario richiedere il visto d&#8217;ingresso, si dovr\u00e0 richiedere un appuntamento con l&#8217;ufficio Visti.<\/p>\n<p>Dal 31 agosto 2021 \u00e8 possibile prenotare appuntamenti tramite il nuovo portale, Prenot@Mi, disponibile all\u2019indirizzo:\u00a0<a href=\"https:\/\/prenotami.esteri.it\/\" target=\"_blank\" rel=\"noopener noreferrer\">https:\/\/prenotami.esteri.it<\/a>.<\/p>\n<p>Per informazioni, visitare la pagina web:<br \/>\n<a href=\"https:\/\/ambtirana.esteri.it\/it\/news\/dall_ambasciata\/2021\/07\/accesso-ai-servizi-consolari\/\">Accesso ai servizi consolari<\/a><\/p>\n<p>&nbsp;<\/p>\n<p>L\u2019Ufficio Visti \u00e8 aperto dal luned\u00ec al venerd\u00ec dalle ore 9.00 alle ore 12.30.<\/p>\n<p>Per informazioni, contattare i seguenti numeri:00355 4 2275958 \/ 953 \/ 961 attivi dalle 14.30 alle 16.30<\/p>\n<p>o\u00a0scrivere a:\u00a0<a href=\"mailto:visti.tirana@esteri.it\">visti.tirana@esteri.it<\/a>;\u00a0<a href=\"mailto:amb.tirana.visti@cert.esteri.it\">amb.tirana.visti@cert.esteri.it<\/a><\/p>\n<p>&nbsp;<\/p>\n<p><strong>NOTA BENE<\/strong><\/p>\n<p><strong>Chiunque prometta di facilitare la fissazione di appuntamenti, sveltire o assicurare il rilascio di un visto in cambio di somme di denaro, \u00e8 da considerarsi a tutti gli effetti un disonesto. Gli individui in questione devono essere denunciati alle autorit\u00e0, nonch\u00e9 segnalati immediatamente e senza alcun timore di ripercussioni all\u2019indirizzo email\u00a0<a href=\"mailto:segramb.tirana@esteri.it\">segramb.tirana@esteri.it<\/a><\/strong><\/p>\n<p><strong>Si raccomanda pertanto di non affidarsi a intermediari che promettano percorsi facilitati per l\u2019ottenimento del visto.<\/strong><\/p>\n<p>&nbsp;<\/p>\n<p>Attenzione:<br \/>\nLa presentazione dell\u2019istanza di visto\u00a0\u00e8 soggetta\u00a0al pagamento di una percezione consolare\u00a0non rimborsabile.\u00a0Non esistono diritti d\u2019urgenza.<\/p>\n<p>In caso di presentazione di documentazione falsa,\u00a0questo Ufficio \u00e8 obbligato\u00a0a denunciare il fatto alle autorit\u00e0 competenti italiane.<\/p>\n<p>Si invita a prendere visione dell\u2019informativa sui diritti-doveri dello straniero in Italia affissa alla bacheca info Visti della Cancelleria consolare nell\u2019area di attesa.<\/p>\n<p>Si riportano\u00a0di seguito le liste dei requisiti per i visti\u00a0pi\u00f9 richiesti:<\/p>\n<ul>\n<li><a href=\"https:\/\/ambtirana.esteri.it\/wp-content\/uploads\/2023\/09\/requisiti_visto_lavoro_subordinato.doc\" target=\"_blank\" rel=\"noopener noreferrer\">Visto per lavoro subordinato<\/a><\/li>\n<\/ul>\n<ul>\n<li><a href=\"https:\/\/ambtirana.esteri.it\/wp-content\/uploads\/2023\/09\/requisiti_visto_per_cure_mediche.doc\" target=\"_blank\" rel=\"noopener noreferrer\">Visto per cure mediche<\/a><\/li>\n<\/ul>\n<ul>\n<li><a href=\"https:\/\/ambtirana.esteri.it\/wp-content\/uploads\/2023\/09\/requisiti_visto_motivi_familiari.doc\" target=\"_blank\" rel=\"noopener noreferrer\">Visto per motivi familiari<\/a><\/li>\n<\/ul>\n<ul>\n<li><a href=\"https:\/\/ambtirana.esteri.it\/wp-content\/uploads\/2023\/09\/documentazione_visto_per_studio_italiano.doc\" target=\"_blank\" rel=\"noopener noreferrer\">Visto per studio<\/a><\/li>\n<\/ul>\n<p>Elenco documenti giustificativi che i cittadini stranieri NON ALBANESI richiedenti il visto per soggiorno di breve durata (inferiore ai 90 giorni) devono presentare se residenti in Albania:<\/p>\n<ul>\n<li><a href=\"https:\/\/ambtirana.esteri.it\/wp-content\/uploads\/2023\/09\/elenco_documenti_giustificativi_che_i_richiedenti_il_visto_per_soggiorno_di_breve_durata_devono_presentare_in_albania.pdf\">Italiano<\/a><\/li>\n<li><a href=\"https:\/\/ambtirana.esteri.it\/wp-content\/uploads\/2023\/09\/list_of_supporting_documents_to_be_submitted_by_applicants_for_short_visas_in_albania.pdf\">English<\/a><\/li>\n<\/ul>\n<p>Per ulteriori informazioni rispetto ad altre tipologie di visti, si prega di consultare con attenzione il database e qualora fossero necessari ulteriori chiarimenti, si potr\u00e0 contattare l&#8217;ufficio.<\/p>\n<p>&nbsp;<\/p>\n<p>* * * * *<\/p>\n<p>Si informa che a partire dal 25.9.2014 questo Ufficio Visti \u00e8 collegato al sistema LVIS. Per un approfondimento cliccare sul logo:<\/p>\n<p>&nbsp;<\/p>\n<p>&nbsp;<\/p>\n<p><a href=\"https:\/\/www.esteri.it\/mae\/it\/servizi\/stranieri\/ingressosoggiornoinitalia\/vis.html\"><img decoding=\"async\" src=\"https:\/\/ambtirana.esteri.it\/ambasciata_tirana\/resource\/img\/2019\/04\/visa_information_system.jpg\" alt=\"visa information system\" \/><\/a><\/p>\n<p>Si ricorda che dal 15.9.2010 \u00e8 entrata in vigore nei confronti dell\u2019Albania la liberalizzazione dei visti Schengen.<\/p>\n<p>Per un approfondimento\u00a0<a href=\"https:\/\/ambtirana.esteri.it\/it\/servizi-consolari-e-visti\/servizi-per-il-cittadino-straniero\/visti\/liberalizzazione-dei-visti-schengen\/\" target=\"_blank\" rel=\"noopener noreferrer\">cliccare qui<\/a><\/p>\n<p><a href=\"https:\/\/ambtirana.esteri.it\/it\/servizi-consolari-e-visti\/servizi-per-il-cittadino-straniero\/visti\/digitalizzazione-procedure-di-visto\/\" target=\"_blank\" rel=\"noopener noreferrer\">Digitalizzazione procedure di visto &gt;&gt;<\/a><\/p>\n","protected":false},"excerpt":{"rendered":"Il Ministero degli Affari\u00a0Esteri e della\u00a0Cooperazione\u00a0Internazionale\u00a0offre l\u2019accesso ad una procedura guidata, sulla base della nazionalit\u00e0, del Paese di residenza, dei motivi della visita e della durata del soggiorno, al fine di conoscere se \u00e8 necessario o meno richiedere un visto d&#8217;ingresso per l&#8217;Italia. Si invita a cliccare sul logo per avere accesso al database: Visto [&hellip;]","protected":false},"author":1,"featured_media":0,"parent":48,"menu_order":0,"comment_status":"closed","ping_status":"closed","template":"","meta":{"footnotes":""},"class_list":["post-89","page","type-page","status-publish","hentry"],"_links":{"self":[{"href":"https:\/\/ambtirana.esteri.it\/it\/wp-json\/wp\/v2\/pages\/89","targetHints":{"allow":["GET"]}}],"collection":[{"href":"https:\/\/ambtirana.esteri.it\/it\/wp-json\/wp\/v2\/pages"}],"about":[{"href":"https:\/\/ambtirana.esteri.it\/it\/wp-json\/wp\/v2\/types\/page"}],"author":[{"embeddable":true,"href":"https:\/\/ambtirana.esteri.it\/it\/wp-json\/wp\/v2\/users\/1"}],"replies":[{"embeddable":true,"href":"https:\/\/ambtirana.esteri.it\/it\/wp-json\/wp\/v2\/comments?post=89"}],"version-history":[{"count":6,"href":"https:\/\/ambtirana.esteri.it\/it\/wp-json\/wp\/v2\/pages\/89\/revisions"}],"predecessor-version":[{"id":7211,"href":"https:\/\/ambtirana.esteri.it\/it\/wp-json\/wp\/v2\/pages\/89\/revisions\/7211"}],"up":[{"embeddable":true,"href":"https:\/\/ambtirana.esteri.it\/it\/wp-json\/wp\/v2\/pages\/48"}],"wp:attachment":[{"href":"https:\/\/ambtirana.esteri.it\/it\/wp-json\/wp\/v2\/media?parent=89"}],"curies":[{"name":"wp","href":"https:\/\/api.w.org\/{rel}","templated":true}]}}