{"id":143,"date":"2023-04-11T17:07:36","date_gmt":"2023-04-11T15:07:36","guid":{"rendered":"https:\/\/ambtirana.esteri.it\/chi-siamo\/"},"modified":"2025-02-06T10:08:41","modified_gmt":"2025-02-06T09:08:41","slug":"chi-siamo","status":"publish","type":"page","link":"https:\/\/ambtirana.esteri.it\/sq\/chi-siamo\/","title":{"rendered":"Kush jemi"},"content":{"rendered":"<p><strong>Ambasada e Italis\u00eb n\u00eb Tiran\u00eb<\/strong><br \/>\n<strong>Adresa:<\/strong>\u00a0Rruga Papa Gjon Pali II, n.2, 1010 Tiran\u00eb<br \/>\n<strong>Tel:<\/strong>\u00a000355 4 2275900 \/ 910<br \/>\n<strong>E-mail:<\/strong>\u00a0segramb.tirana@esteri.it<br \/>\n<strong>Posta Elektronike e \u00c7ertifikuar:<\/strong> amb.tirana@cert.esteri.it (Adres\u00eb e vlefshme vet\u00ebm p\u00ebr marrjen e post\u00ebs elektronike t\u00eb \u00e7ertifikuar PEC)<\/p>\n<p>&nbsp;<\/p>\n","protected":false},"excerpt":{"rendered":"Ambasada e Italis\u00eb n\u00eb Tiran\u00eb Adresa:\u00a0Rruga Papa Gjon Pali II, n.2, 1010 Tiran\u00eb Tel:\u00a000355 4 2275900 \/ 910 E-mail:\u00a0segramb.tirana@esteri.it Posta Elektronike e \u00c7ertifikuar: amb.tirana@cert.esteri.it (Adres\u00eb e vlefshme vet\u00ebm p\u00ebr marrjen e post\u00ebs elektronike t\u00eb \u00e7ertifikuar PEC) &nbsp;","protected":false},"author":1,"featured_media":0,"parent":0,"menu_order":2,"comment_status":"closed","ping_status":"closed","template":"","meta":{"footnotes":""},"class_list":["post-143","page","type-page","status-publish","hentry"],"_links":{"self":[{"href":"https:\/\/ambtirana.esteri.it\/sq\/wp-json\/wp\/v2\/pages\/143","targetHints":{"allow":["GET"]}}],"collection":[{"href":"https:\/\/ambtirana.esteri.it\/sq\/wp-json\/wp\/v2\/pages"}],"about":[{"href":"https:\/\/ambtirana.esteri.it\/sq\/wp-json\/wp\/v2\/types\/page"}],"author":[{"embeddable":true,"href":"https:\/\/ambtirana.esteri.it\/sq\/wp-json\/wp\/v2\/users\/1"}],"replies":[{"embeddable":true,"href":"https:\/\/ambtirana.esteri.it\/sq\/wp-json\/wp\/v2\/comments?post=143"}],"version-history":[{"count":6,"href":"https:\/\/ambtirana.esteri.it\/sq\/wp-json\/wp\/v2\/pages\/143\/revisions"}],"predecessor-version":[{"id":7009,"href":"https:\/\/ambtirana.esteri.it\/sq\/wp-json\/wp\/v2\/pages\/143\/revisions\/7009"}],"wp:attachment":[{"href":"https:\/\/ambtirana.esteri.it\/sq\/wp-json\/wp\/v2\/media?parent=143"}],"curies":[{"name":"wp","href":"https:\/\/api.w.org\/{rel}","templated":true}]}}