{"id":146,"date":"2023-09-25T15:18:30","date_gmt":"2023-09-25T13:18:30","guid":{"rendered":"https:\/\/ambtirana.esteri.it\/chi-siamo\/contatti\/"},"modified":"2025-02-06T10:13:54","modified_gmt":"2025-02-06T09:13:54","slug":"contatti","status":"publish","type":"page","link":"https:\/\/ambtirana.esteri.it\/sq\/chi-siamo\/contatti\/","title":{"rendered":"Kontaktet"},"content":{"rendered":"<div>\n<p class=\"boxLevel03\"><strong>Ambasada e Italis\u00eb n\u00eb Tiran\u00eb<\/strong><br \/>\n<strong>Adresa:<\/strong> Rruga Papa Gjon Pali II, n.2, 1010 Tiran\u00eb<br \/>\n<strong>Tel:<\/strong>\u00a000355 4 2275900\/910<br \/>\n<strong>E-mail:<\/strong> segramb.tirana@esteri.it<br \/>\n<strong>PEC:<\/strong> amb.tirana@cert.esteri.it (Adres\u00eb e vlefshme vet\u00ebm p\u00ebr marrjen e post\u00ebs elektronike t\u00eb \u00e7ertifikuar PEC)<\/p>\n<p>&nbsp;<\/p>\n<\/div>\n","protected":false},"excerpt":{"rendered":"Ambasada e Italis\u00eb n\u00eb Tiran\u00eb Adresa: Rruga Papa Gjon Pali II, n.2, 1010 Tiran\u00eb Tel:\u00a000355 4 2275900\/910 E-mail: segramb.tirana@esteri.it PEC: amb.tirana@cert.esteri.it (Adres\u00eb e vlefshme vet\u00ebm p\u00ebr marrjen e post\u00ebs elektronike t\u00eb \u00e7ertifikuar PEC) &nbsp;","protected":false},"author":1,"featured_media":0,"parent":143,"menu_order":4,"comment_status":"closed","ping_status":"closed","template":"","meta":{"footnotes":""},"class_list":["post-146","page","type-page","status-publish","hentry"],"_links":{"self":[{"href":"https:\/\/ambtirana.esteri.it\/sq\/wp-json\/wp\/v2\/pages\/146","targetHints":{"allow":["GET"]}}],"collection":[{"href":"https:\/\/ambtirana.esteri.it\/sq\/wp-json\/wp\/v2\/pages"}],"about":[{"href":"https:\/\/ambtirana.esteri.it\/sq\/wp-json\/wp\/v2\/types\/page"}],"author":[{"embeddable":true,"href":"https:\/\/ambtirana.esteri.it\/sq\/wp-json\/wp\/v2\/users\/1"}],"replies":[{"embeddable":true,"href":"https:\/\/ambtirana.esteri.it\/sq\/wp-json\/wp\/v2\/comments?post=146"}],"version-history":[{"count":6,"href":"https:\/\/ambtirana.esteri.it\/sq\/wp-json\/wp\/v2\/pages\/146\/revisions"}],"predecessor-version":[{"id":7013,"href":"https:\/\/ambtirana.esteri.it\/sq\/wp-json\/wp\/v2\/pages\/146\/revisions\/7013"}],"up":[{"embeddable":true,"href":"https:\/\/ambtirana.esteri.it\/sq\/wp-json\/wp\/v2\/pages\/143"}],"wp:attachment":[{"href":"https:\/\/ambtirana.esteri.it\/sq\/wp-json\/wp\/v2\/media?parent=146"}],"curies":[{"name":"wp","href":"https:\/\/api.w.org\/{rel}","templated":true}]}}