{"id":151,"date":"2023-04-11T18:10:30","date_gmt":"2023-04-11T16:10:30","guid":{"rendered":"https:\/\/ambtirana.esteri.it\/diplomazia-economica\/"},"modified":"2025-05-05T11:16:08","modified_gmt":"2025-05-05T09:16:08","slug":"diplomazia-economica","status":"publish","type":"page","link":"https:\/\/ambtirana.esteri.it\/sq\/italia-e-albania\/diplomazia-economica\/","title":{"rendered":"Diplomaci ekonomike"},"content":{"rendered":"<div>\n<p class=\"boxLevel03\">P\u00cbR T\u2019U LIDHUR ME ZYR\u00cbN TREGTARE <strong><a href=\"https:\/\/nexus.esteri.it\/?sede=3\">KLIKO KETU<\/a><\/strong>.<strong>\u00a0<\/strong><\/p>\n<p><strong>T\u00cb DH\u00cbNA MBI TREGUESIT MAKROEKONOMIK\u00cb<\/strong><\/p>\n<p>Shqip\u00ebria \u00ebsht\u00eb duke p\u00ebrjetuar nj\u00eb periudh\u00eb rritjeje t\u00eb pandalshme ekonomike q\u00eb prej vitit 2015, me p\u00ebrjashtim t\u00eb vitit 2020 p\u00ebr shkak t\u00eb pandemis\u00eb s\u00eb COVID-19. N\u00eb vitin 2025, PBB parashikohet t\u00eb rritet me 3,5% (sipas t\u00eb dh\u00ebnave t\u00eb Fondit Monetar Nd\u00ebrkomb\u00ebtar), duke konfirmuar k\u00ebshtu nj\u00eb trend pozitiv. Ligji i Bilancit 2025 tregon angazhimin e Shqip\u00ebris\u00eb n\u00eb modernizimin dhe zhvillimin ekonomik, me fokusin n\u00eb themelet makroekonomike. Investimet publike arrijn\u00eb vler\u00ebn 8,4 miliard\u00eb euro, baraz me 6,2% t\u00eb PBB, nd\u00ebrsa borxhi publik parashikohet t\u00eb zbres\u00eb n\u00eb 55,8%, duke ulur k\u00ebshtu presionin fiskal. Ekonomia shqiptare mbetet e q\u00ebndrueshme edhe n\u00eb tremujorin e par\u00eb t\u00eb vitit 2025 p\u00ebr shkak t\u00eb rritjes s\u00eb konsumit, investimeve dhe eksporteve. Sipas raportit t\u00eb fundit mbi politikat monetare t\u00eb Bank\u00ebs s\u00eb Shqip\u00ebris\u00eb, Vendi parashikon t\u00eb regjistroj\u00eb nj\u00eb rritje ekonomike t\u00eb q\u00ebndrueshme, t\u00eb karakterizuar nga nj\u00eb nivel i kontrolluar i \u00e7mimeve. Gjendja ekonomike \u00ebsht\u00eb e q\u00ebndrueshme dhe parashikohet nj\u00eb rritje e pun\u00ebsimit, pagave por edhe nj\u00eb rritje e shitjeve e nj\u00eb p\u00ebrmir\u00ebsim i kushteve financiare dhe shoq\u00ebris\u00eb n\u00eb p\u00ebrgjith\u00ebsi. N\u00eb janar t\u00eb vitit 2025 inflacioni ishte i barabart\u00eb me 1,9% (n\u00eb r\u00ebnie krahasuar me vler\u00ebn 3,4% t\u00eb janarit t\u00eb vitit 2024) dhe norma e interesit prej 2,75% favorizon nj\u00eb zhvillim t\u00eb q\u00ebndruesh\u00ebm dhe t\u00eb ekuilibruar. Struktura ekonomike shqiptare \u00ebsht\u00eb duke ndryshuar, me nj\u00eb kontribut n\u00eb rritje n\u00eb sektorin e sh\u00ebrbimeve, q\u00eb ka regjistruar nj\u00eb rritje dometh\u00ebn\u00ebse n\u00eb sektor\u00ebt e veprimtarive profesionale, n\u00eb at\u00eb financiar dhe tregtar. Nd\u00ebrsa \u00ebsht\u00eb sh\u00ebnuar nj\u00eb r\u00ebnie e industris\u00eb s\u00eb leht\u00eb dhe bujq\u00ebsis\u00eb. Kjo v\u00eb n\u00eb dukje nj\u00eb kalim nga sektor\u00ebt me v\u00ebllim t\u00eb lart\u00eb pune, si bujq\u00ebsia dhe veprimtaria prodhuese, n\u00eb sektor\u00eb q\u00eb p\u00ebrdorin kapital m\u00eb t\u00eb madh, si energjia, ai digjital, TIK dhe sh\u00ebrbimet financiare.<\/p>\n<p>Tirana, kryeqytet, \u00ebsht\u00eb shnd\u00ebrruar n\u00eb qendr\u00ebn ekonomike, politike e kulturore t\u00eb Shqip\u00ebris\u00eb. Qyteti \u00ebsht\u00eb i ri, me 45,8% t\u00eb popullsis\u00eb n\u00eb mosh\u00eb n\u00ebn 35 vje\u00e7, dhe \u00ebsht\u00eb nj\u00eb motor dinamik p\u00ebr ekonomin\u00eb, duke kontribuar me 45% n\u00eb PBB t\u00eb vendit. Tirana \u00ebsht\u00eb edhe pol universitar dhe t\u00ebrheq pun\u00ebtor\u00eb t\u00eb kualifikuar duke leht\u00ebsuar, k\u00ebshtu, rritjen e sip\u00ebrmarrjeve inovative dhe start-up<em>-eve<\/em>.<\/div>\n","protected":false},"excerpt":{"rendered":"P\u00cbR T\u2019U LIDHUR ME ZYR\u00cbN TREGTARE KLIKO KETU.\u00a0 T\u00cb DH\u00cbNA MBI TREGUESIT MAKROEKONOMIK\u00cb Shqip\u00ebria \u00ebsht\u00eb duke p\u00ebrjetuar nj\u00eb periudh\u00eb rritjeje t\u00eb pandalshme ekonomike q\u00eb prej vitit 2015, me p\u00ebrjashtim t\u00eb vitit 2020 p\u00ebr shkak t\u00eb pandemis\u00eb s\u00eb COVID-19. N\u00eb vitin 2025, PBB parashikohet t\u00eb rritet me 3,5% (sipas t\u00eb dh\u00ebnave t\u00eb Fondit Monetar Nd\u00ebrkomb\u00ebtar), duke [&hellip;]","protected":false},"author":1,"featured_media":0,"parent":167,"menu_order":0,"comment_status":"closed","ping_status":"closed","template":"","meta":{"footnotes":""},"class_list":["post-151","page","type-page","status-publish","hentry"],"_links":{"self":[{"href":"https:\/\/ambtirana.esteri.it\/sq\/wp-json\/wp\/v2\/pages\/151","targetHints":{"allow":["GET"]}}],"collection":[{"href":"https:\/\/ambtirana.esteri.it\/sq\/wp-json\/wp\/v2\/pages"}],"about":[{"href":"https:\/\/ambtirana.esteri.it\/sq\/wp-json\/wp\/v2\/types\/page"}],"author":[{"embeddable":true,"href":"https:\/\/ambtirana.esteri.it\/sq\/wp-json\/wp\/v2\/users\/1"}],"replies":[{"embeddable":true,"href":"https:\/\/ambtirana.esteri.it\/sq\/wp-json\/wp\/v2\/comments?post=151"}],"version-history":[{"count":3,"href":"https:\/\/ambtirana.esteri.it\/sq\/wp-json\/wp\/v2\/pages\/151\/revisions"}],"predecessor-version":[{"id":7511,"href":"https:\/\/ambtirana.esteri.it\/sq\/wp-json\/wp\/v2\/pages\/151\/revisions\/7511"}],"up":[{"embeddable":true,"href":"https:\/\/ambtirana.esteri.it\/sq\/wp-json\/wp\/v2\/pages\/167"}],"wp:attachment":[{"href":"https:\/\/ambtirana.esteri.it\/sq\/wp-json\/wp\/v2\/media?parent=151"}],"curies":[{"name":"wp","href":"https:\/\/api.w.org\/{rel}","templated":true}]}}