{"id":152,"date":"2023-04-11T18:24:01","date_gmt":"2023-04-11T16:24:01","guid":{"rendered":"https:\/\/ambtirana.esteri.it\/diplomazia-economica\/fare-affari-in-italia\/"},"modified":"2024-08-06T11:17:53","modified_gmt":"2024-08-06T09:17:53","slug":"fare-affari-in-italia","status":"publish","type":"page","link":"https:\/\/ambtirana.esteri.it\/sq\/italia-e-albania\/diplomazia-economica\/fare-affari-in-italia\/","title":{"rendered":"T\u00eb b\u00ebsh biznes n\u00eb Itali"},"content":{"rendered":"<h2>T\u00eb b\u00ebsh biznes n\u00eb Itali<\/h2>\n<p>Italia \u00ebsht\u00eb Vendi i gjasht\u00eb n\u00eb kuad\u00ebr t\u00eb Organizat\u00ebs p\u00ebr Bashk\u00ebpunimin dhe Zhvillimin Ekonomik dhe Vendi i kat\u00ebrt n\u00eb nivel evropian p\u00ebrsa i p\u00ebrket Prodhimit t\u00eb brendsh\u00ebm bruto. Prodhimi italian p\u00ebrb\u00ebn m\u00eb shum\u00eb se 13% t\u00eb PBB t\u00eb Bashkimit Evropian.<br \/>\nP\u00ebr nga karakteristikat e strukturave prodhuese, p\u00ebrb\u00ebrja italiane sipas sektor\u00ebve t\u00eb veprimtaris\u00eb ekonomike \u00ebsht\u00eb e ngjashme me ato t\u00eb Vendeve kryesore evropiane, me 27,7% t\u00eb prodhimit n\u00eb sektorin prodhues dhe at\u00eb t\u00eb nd\u00ebrtimit dhe me rreth 70% n\u00eb sektorin e sh\u00ebrbimeve. Brenda k\u00ebtij t\u00eb fundit, tregtia, transportet dhe komunikimet p\u00ebrb\u00ebjn\u00eb nj\u00eb kuot\u00eb t\u00eb PBB m\u00eb t\u00eb madhe se mesatarja e Vendeve evropiane.<br \/>\nE ndodhur n\u00eb zem\u00ebr t\u00eb mesdheut, Italia p\u00ebrb\u00ebn nj\u00eb pik\u00eb strategjike p\u00ebr trafikun rrugor, detar dhe ajror midis Veriut dhe Jugut t\u00eb Evrop\u00ebs.<br \/>\nTregu italian ofron mund\u00ebsi t\u00eb panum\u00ebrta p\u00ebr sip\u00ebrmarrjet q\u00eb synojn\u00eb t\u00eb zgjerohen, me rreth 60 milion\u00eb konsumator\u00eb dhe nj\u00eb PBB q\u00eb z\u00eb vendin e kat\u00ebrt n\u00eb Evrop\u00eb.<br \/>\nFal\u00eb vendndodhjes s\u00eb saj strategjike, Italia lejon t\u00eb arrihen me leht\u00ebsi 396 milion\u00eb konsumator\u00ebt e Vendeve t\u00eb tjera t\u00eb Bashkimit evropian dhe 240 milion\u00eb konsumator\u00ebt e Afrik\u00ebs s\u00eb Veriut dhe Lindjes s\u00eb Mesme.<br \/>\nItalia ka fituar nj\u00eb vend si leader (11% t\u00eb tregut evropian), me nj\u00eb faturim prej rreth 65 miliard\u00eb euro.<br \/>\nN\u00eb nivel evropian, Italia z\u00eb vendin e par\u00eb me koston m\u00eb t\u00eb ul\u00ebt n\u00eb sektorin e bioteknologjive, vendin e dyt\u00eb p\u00ebr testimet mbi produktin n\u00eb kuad\u00ebr t\u00eb veprimtarive k\u00ebrkimore dhe zhvillimore, n\u00eb kimi dhe elektronik\u00eb.<\/p>\n","protected":false},"excerpt":{"rendered":"T\u00eb b\u00ebsh biznes n\u00eb Itali Italia \u00ebsht\u00eb Vendi i gjasht\u00eb n\u00eb kuad\u00ebr t\u00eb Organizat\u00ebs p\u00ebr Bashk\u00ebpunimin dhe Zhvillimin Ekonomik dhe Vendi i kat\u00ebrt n\u00eb nivel evropian p\u00ebrsa i p\u00ebrket Prodhimit t\u00eb brendsh\u00ebm bruto. Prodhimi italian p\u00ebrb\u00ebn m\u00eb shum\u00eb se 13% t\u00eb PBB t\u00eb Bashkimit Evropian. P\u00ebr nga karakteristikat e strukturave prodhuese, p\u00ebrb\u00ebrja italiane sipas sektor\u00ebve [&hellip;]","protected":false},"author":1,"featured_media":0,"parent":151,"menu_order":0,"comment_status":"closed","ping_status":"closed","template":"","meta":{"footnotes":""},"class_list":["post-152","page","type-page","status-publish","hentry"],"_links":{"self":[{"href":"https:\/\/ambtirana.esteri.it\/sq\/wp-json\/wp\/v2\/pages\/152","targetHints":{"allow":["GET"]}}],"collection":[{"href":"https:\/\/ambtirana.esteri.it\/sq\/wp-json\/wp\/v2\/pages"}],"about":[{"href":"https:\/\/ambtirana.esteri.it\/sq\/wp-json\/wp\/v2\/types\/page"}],"author":[{"embeddable":true,"href":"https:\/\/ambtirana.esteri.it\/sq\/wp-json\/wp\/v2\/users\/1"}],"replies":[{"embeddable":true,"href":"https:\/\/ambtirana.esteri.it\/sq\/wp-json\/wp\/v2\/comments?post=152"}],"version-history":[{"count":4,"href":"https:\/\/ambtirana.esteri.it\/sq\/wp-json\/wp\/v2\/pages\/152\/revisions"}],"predecessor-version":[{"id":6376,"href":"https:\/\/ambtirana.esteri.it\/sq\/wp-json\/wp\/v2\/pages\/152\/revisions\/6376"}],"up":[{"embeddable":true,"href":"https:\/\/ambtirana.esteri.it\/sq\/wp-json\/wp\/v2\/pages\/151"}],"wp:attachment":[{"href":"https:\/\/ambtirana.esteri.it\/sq\/wp-json\/wp\/v2\/media?parent=152"}],"curies":[{"name":"wp","href":"https:\/\/api.w.org\/{rel}","templated":true}]}}