{"id":154,"date":"2023-04-11T18:10:45","date_gmt":"2023-04-11T16:10:45","guid":{"rendered":"https:\/\/ambtirana.esteri.it\/diplomazia-culturale\/"},"modified":"2024-08-06T11:22:36","modified_gmt":"2024-08-06T09:22:36","slug":"diplomazia-culturale","status":"publish","type":"page","link":"https:\/\/ambtirana.esteri.it\/sq\/italia-e-albania\/diplomazia-culturale\/","title":{"rendered":"Diplomaci kulturore"},"content":{"rendered":"<p><img loading=\"lazy\" decoding=\"async\" class=\"img-fluid alignnone wp-image-329 size-full\" src=\"https:\/\/ambtirana.esteri.it\/wp-content\/uploads\/2023\/11\/image_1.jpg\" alt=\"\" width=\"886\" height=\"450\" srcset=\"https:\/\/ambtirana.esteri.it\/wp-content\/uploads\/2023\/11\/image_1.jpg 886w, https:\/\/ambtirana.esteri.it\/wp-content\/uploads\/2023\/11\/image_1-300x152.jpg 300w, https:\/\/ambtirana.esteri.it\/wp-content\/uploads\/2023\/11\/image_1-768x390.jpg 768w\" sizes=\"auto, (max-width: 886px) 100vw, 886px\" \/><\/p>\n<p>N\u00eb Shqip\u00ebri flitet gjer\u00ebsisht gjuha italiane dhe, edhe pse nuk ka t\u00eb dh\u00ebna t\u00eb sakta, mendohet se rreth 60% e popullsis\u00eb flet gjuh\u00ebn ton\u00eb dhe t\u00eb pakt\u00ebn 50% e saj \u00ebsht\u00eb n\u00eb gjendje ta flas\u00eb at\u00eb.<\/p>\n<p><a href=\"https:\/\/ambtirana.esteri.it\/it\/italia-e-albania\/diplomazia-culturale\/quadro-dinsieme\/\">Zbulo m\u00eb shum\u00eb<\/a><\/p>\n<p><img loading=\"lazy\" decoding=\"async\" class=\"img-fluid alignnone wp-image-332 size-full\" src=\"https:\/\/ambtirana.esteri.it\/wp-content\/uploads\/2023\/11\/image_2.jpg\" alt=\"\" width=\"886\" height=\"450\" srcset=\"https:\/\/ambtirana.esteri.it\/wp-content\/uploads\/2023\/11\/image_2.jpg 886w, https:\/\/ambtirana.esteri.it\/wp-content\/uploads\/2023\/11\/image_2-300x152.jpg 300w, https:\/\/ambtirana.esteri.it\/wp-content\/uploads\/2023\/11\/image_2-768x390.jpg 768w\" sizes=\"auto, (max-width: 886px) 100vw, 886px\" \/><\/p>\n<p>Zyra e Shkollave operon brenda Ambasad\u00ebs dhe kryen veprimtari promovimi, bashk\u00ebrendimi dhe formimi t\u00eb Arsimit parauniversitar.<\/p>\n<p><a href=\"https:\/\/ambtirana.esteri.it\/it\/italia-e-albania\/diplomazia-culturale\/ufficio-scuole\/\">Zbulo m\u00eb shum\u00eb<\/a><\/p>\n<p><img loading=\"lazy\" decoding=\"async\" class=\"img-fluid alignnone wp-image-339 size-full\" src=\"https:\/\/ambtirana.esteri.it\/wp-content\/uploads\/2023\/11\/image_3.jpg\" alt=\"\" width=\"886\" height=\"450\" srcset=\"https:\/\/ambtirana.esteri.it\/wp-content\/uploads\/2023\/11\/image_3.jpg 886w, https:\/\/ambtirana.esteri.it\/wp-content\/uploads\/2023\/11\/image_3-300x152.jpg 300w, https:\/\/ambtirana.esteri.it\/wp-content\/uploads\/2023\/11\/image_3-768x390.jpg 768w\" sizes=\"auto, (max-width: 886px) 100vw, 886px\" \/><\/p>\n<p>Pran\u00eb Universitetit Shtet\u00ebror t\u00eb Tiran\u00ebs jan\u00eb aktiv\u00eb nj\u00eb kurs universitar trevje\u00e7ar (cikli i par\u00eb) n\u00eb Gjuh\u00eb dhe qytet\u00ebrim italian dhe nj\u00eb kurs studimi Master (cikli i dyt\u00eb). Universiteti i Vlor\u00ebs ofron si Diplom\u00eb Bachelor ashtu edhe Master (Master n\u00eb gjuh\u00eb italiane).<\/p>\n<p><a href=\"https:\/\/ambtirana.esteri.it\/it\/italia-e-albania\/diplomazia-culturale\/universita\/\">Zbulo m\u00eb shum\u00eb<\/a><\/p>\n<p><img loading=\"lazy\" decoding=\"async\" class=\"img-fluid alignnone wp-image-341 size-full\" src=\"https:\/\/ambtirana.esteri.it\/wp-content\/uploads\/2023\/11\/image_4.jpg\" alt=\"\" width=\"886\" height=\"450\" srcset=\"https:\/\/ambtirana.esteri.it\/wp-content\/uploads\/2023\/11\/image_4.jpg 886w, https:\/\/ambtirana.esteri.it\/wp-content\/uploads\/2023\/11\/image_4-300x152.jpg 300w, https:\/\/ambtirana.esteri.it\/wp-content\/uploads\/2023\/11\/image_4-768x390.jpg 768w\" sizes=\"auto, (max-width: 886px) 100vw, 886px\" \/><\/p>\n<p>L\u2019<a href=\"https:\/\/iictirana.esteri.it\/iic_tirana\/it\"><strong>Istituto Italiano di Cultura<\/strong><\/a>\u00a0a Tirana promuove e diffonde la lingua e la cultura italiana attraverso l&#8217;organizzazione di eventi culturali come concerti, mostre d\u2019arte e spettacoli teatrali, collaborando\u00a0con l&#8217;Universit\u00e0 delle Arti di Tirana, il Teatro Nazionale dell&#8217;Opera e Balletto di Tirana, la Galleria Nazionale delle Arti di Tirana, il Teatro Nazionale di Tirana, la Biblioteca Nazionale, il Museo Storico Nazionale.<\/p>\n<p>L\u2019Istituto offre inoltre al pubblico albanese una serie di servizi come corsi di lingua italiana, due sessioni di esami per ottenere il diploma di conoscenza della lingua italiana, una biblioteca a disposizione degli studenti e un servizio di informazione e documentazione sull\u2019Italia in campo culturale.<\/p>\n<p><a href=\"https:\/\/ambtirana.esteri.it\/it\/italia-e-albania\/diplomazia-culturale\/bandi\/\"><img loading=\"lazy\" decoding=\"async\" class=\"img-fluid alignnone wp-image-345 size-full\" src=\"https:\/\/ambtirana.esteri.it\/wp-content\/uploads\/2023\/11\/box_1.png\" alt=\"\" width=\"300\" height=\"300\" srcset=\"https:\/\/ambtirana.esteri.it\/wp-content\/uploads\/2023\/11\/box_1.png 300w, https:\/\/ambtirana.esteri.it\/wp-content\/uploads\/2023\/11\/box_1-150x150.png 150w\" sizes=\"auto, (max-width: 300px) 100vw, 300px\" \/><\/a>\u00a0 \u00a0 \u00a0 \u00a0 \u00a0 \u00a0 \u00a0 \u00a0 \u00a0 \u00a0 \u00a0 \u00a0 \u00a0 \u00a0 \u00a0 \u00a0 \u00a0 \u00a0 \u00a0 \u00a0 \u00a0 \u00a0 \u00a0 \u00a0 \u00a0 \u00a0 \u00a0 \u00a0 \u00a0<a href=\"https:\/\/ambtirana.esteri.it\/it\/italia-e-albania\/diplomazia-culturale\/eventi\/\"><img loading=\"lazy\" decoding=\"async\" class=\"alignnone size-full wp-image-346 img-fluid\" src=\"https:\/\/ambtirana.esteri.it\/wp-content\/uploads\/2023\/11\/box_2.png\" alt=\"\" width=\"300\" height=\"300\" srcset=\"https:\/\/ambtirana.esteri.it\/wp-content\/uploads\/2023\/11\/box_2.png 300w, https:\/\/ambtirana.esteri.it\/wp-content\/uploads\/2023\/11\/box_2-150x150.png 150w\" sizes=\"auto, (max-width: 300px) 100vw, 300px\" \/><\/a><\/p>\n","protected":false},"excerpt":{"rendered":"N\u00eb Shqip\u00ebri flitet gjer\u00ebsisht gjuha italiane dhe, edhe pse nuk ka t\u00eb dh\u00ebna t\u00eb sakta, mendohet se rreth 60% e popullsis\u00eb flet gjuh\u00ebn ton\u00eb dhe t\u00eb pakt\u00ebn 50% e saj \u00ebsht\u00eb n\u00eb gjendje ta flas\u00eb at\u00eb. Zbulo m\u00eb shum\u00eb Zyra e Shkollave operon brenda Ambasad\u00ebs dhe kryen veprimtari promovimi, bashk\u00ebrendimi dhe formimi t\u00eb Arsimit parauniversitar. [&hellip;]","protected":false},"author":1,"featured_media":0,"parent":167,"menu_order":2,"comment_status":"closed","ping_status":"closed","template":"","meta":{"footnotes":""},"class_list":["post-154","page","type-page","status-publish","hentry"],"_links":{"self":[{"href":"https:\/\/ambtirana.esteri.it\/sq\/wp-json\/wp\/v2\/pages\/154","targetHints":{"allow":["GET"]}}],"collection":[{"href":"https:\/\/ambtirana.esteri.it\/sq\/wp-json\/wp\/v2\/pages"}],"about":[{"href":"https:\/\/ambtirana.esteri.it\/sq\/wp-json\/wp\/v2\/types\/page"}],"author":[{"embeddable":true,"href":"https:\/\/ambtirana.esteri.it\/sq\/wp-json\/wp\/v2\/users\/1"}],"replies":[{"embeddable":true,"href":"https:\/\/ambtirana.esteri.it\/sq\/wp-json\/wp\/v2\/comments?post=154"}],"version-history":[{"count":5,"href":"https:\/\/ambtirana.esteri.it\/sq\/wp-json\/wp\/v2\/pages\/154\/revisions"}],"predecessor-version":[{"id":6385,"href":"https:\/\/ambtirana.esteri.it\/sq\/wp-json\/wp\/v2\/pages\/154\/revisions\/6385"}],"up":[{"embeddable":true,"href":"https:\/\/ambtirana.esteri.it\/sq\/wp-json\/wp\/v2\/pages\/167"}],"wp:attachment":[{"href":"https:\/\/ambtirana.esteri.it\/sq\/wp-json\/wp\/v2\/media?parent=154"}],"curies":[{"name":"wp","href":"https:\/\/api.w.org\/{rel}","templated":true}]}}