{"id":162,"date":"2023-04-11T17:53:01","date_gmt":"2023-04-11T15:53:01","guid":{"rendered":"https:\/\/ambtirana.esteri.it\/chi-siamo\/lambasciatore\/"},"modified":"2025-01-23T11:42:45","modified_gmt":"2025-01-23T10:42:45","slug":"lambasciatore","status":"publish","type":"page","link":"https:\/\/ambtirana.esteri.it\/sq\/chi-siamo\/lambasciatore\/","title":{"rendered":"Ambasadori"},"content":{"rendered":"<p><strong><img loading=\"lazy\" decoding=\"async\" class=\"alignnone size-full wp-image-6918 img-fluid\" src=\"https:\/\/ambtirana.esteri.it\/wp-content\/uploads\/2025\/01\/Amb.-Marco-Alberti.jpg\" alt=\"\" width=\"200\" height=\"300\" \/><\/strong><\/p>\n<p style=\"text-align: justify;\"><strong>Marco Alberti &#8211; Ambasador i Italis\u00eb n\u00eb Tiran\u00eb<br \/>\n<\/strong><\/p>\n<p style=\"text-align: justify;\">Lindur n\u00eb Bukavu (Zaire), m\u00eb 25 maj 1972.<\/p>\n<p style=\"text-align: justify;\">Diplomuar p\u00ebr drejt\u00ebsi, pran\u00eb Universitetit t\u00eb Bologna-s, m\u00eb 16 korrik 1996.<\/p>\n<p style=\"text-align: justify;\">M\u00eb dat\u00eb 29 dhjetor 2000, n\u00eb vijim t\u00eb konkursit, nd\u00ebrmerr karrier\u00ebn diplomatike dhe em\u00ebrohet Sekretar Legate n\u00eb prov\u00eb.<\/p>\n<p style=\"text-align: justify;\">Prej dat\u00ebs 8 janar deri m\u00eb dat\u00eb 28 shtator 2001 ndjek kursin e formimit profesional pran\u00eb Institutit t\u00eb Diplomacis\u00eb (pran\u00eb Drejtoris\u00eb s\u00eb P\u00ebrgjithshme t\u00eb Italian\u00ebve Jasht\u00eb Vendit dhe t\u00eb Politikave t\u00eb Emigracionit, Zyra IV si edhe pran\u00eb Drejtoris\u00eb s\u00eb P\u00ebrgjithshme t\u00eb Vendeve t\u00eb Amerik\u00ebs, Zyra III). Konfirmohet n\u00eb detyr\u00eb m\u00eb dat\u00eb 29 shtator 2001 dhe em\u00ebrohet Sekretar Legate.<\/p>\n<p style=\"text-align: justify;\">M\u00eb dat\u00eb 1 tetor 2001 merr detyr\u00ebn pran\u00eb Sekretaris\u00eb s\u00eb posa\u00e7me t\u00eb N\u00ebnsekretarit t\u00eb Shtetit.<\/p>\n<p style=\"text-align: justify;\">M\u00eb dat\u00eb 28 korrik 2003 em\u00ebrohet Sekretar i Dyt\u00eb pran\u00eb Ambasad\u00ebs s\u00eb Italis\u00eb n\u00eb Buenos Aires. M\u00eb dat\u00eb 29 dhjetor 2004 konfirmohet, n\u00eb t\u00eb nj\u00ebjt\u00ebn seli, si Sekretar i Par\u00eb.<\/p>\n<p style=\"text-align: justify;\">M\u00eb dat\u00eb 28 shkurt 2008 em\u00ebrohet Konsull pran\u00eb Konsullat\u00ebs s\u00eb P\u00ebrgjithshme t\u00eb Klasit t\u00eb Par\u00eb n\u00eb New York.<\/p>\n<p style=\"text-align: justify;\">M\u00eb dat\u00eb 2 korrik 2011 merr grad\u00ebn K\u00ebshilltar Legate.<\/p>\n<p style=\"text-align: justify;\">M\u00eb dat\u00eb 1 gusht 2011 ngarkohet m\u00eb detyr\u00ebn e kreut t\u00eb Zyr\u00ebs I t\u00eb Sh\u00ebrbimit t\u00eb Shtypit dhe Telekomunikacionit institucional pran\u00eb Ministris\u00eb p\u00ebr Pun\u00ebt e Jashtme dhe Bashk\u00ebpunimit Nd\u00ebrkomb\u00ebtar.<\/p>\n<p style=\"text-align: justify;\">M\u00eb dat\u00eb 1 shtator 2012 em\u00ebrohet p\u00ebrkoh\u00ebsisht, n\u00ebn drejtimin e Drejtorit t\u00eb P\u00ebrgjithsh\u00ebm p\u00ebr Promovimin e Sistemit Vend, pran\u00eb ENEL.<\/p>\n<p style=\"text-align: justify;\">Prej muajit n\u00ebntor 2012 deri n\u00eb muajin maj 2013 ndjek kursin e specializmit, p\u00ebr grad\u00ebn K\u00ebshilltar Legate, pran\u00eb Institutit Diplomatik t\u00eb Drejtoris\u00eb s\u00eb P\u00ebrgjithshme t\u00eb Burimeve Njer\u00ebzore dhe Novacionit (parashikuar nga neni 51, paragrafi 1, g\u00ebrma a) i Ligjit nr. 96 dat\u00eb 4 qershor 2010.<\/p>\n<p style=\"text-align: justify;\">Prej dat\u00ebs 11 maj 2015 ka sh\u00ebrbyer, pran\u00eb ENEL S.p.A., si Drejtor i Drejtoris\u00eb s\u00eb Marr\u00ebdh\u00ebnieve me Jasht\u00eb dhe \u00c7\u00ebshtjeve Institucionale Nd\u00ebrkomb\u00ebtare.<\/p>\n<p style=\"text-align: justify;\">M\u00eb dat\u00eb 2 korrik 2016 merr grad\u00ebn K\u00ebshilltar i Par\u00eb.<\/p>\n<p style=\"text-align: justify;\">M\u00eb dat\u00eb 12 korrik 2021 em\u00ebrohet pran\u00eb zyr\u00ebs s\u00eb Drejtorit t\u00eb P\u00ebrgjithshem p\u00ebr \u00c7\u00ebshtjet Politike dhe t\u00eb Siguris\u00eb.<\/p>\n<p style=\"text-align: justify;\">M\u00eb dat\u00eb 1 shtator 2021 em\u00ebrohet Ambasador n\u00eb Nur Sultan i akredituar, me kredencialet e Ambasadorit, edhe n\u00eb Bishkek, Kirgistan (n\u00eb dhjetor 2022 Ambasada rimerr em\u00ebrtimin Astana).<\/p>\n<p style=\"text-align: justify;\">Ambasador i Italis\u00eb n\u00eb Tiran\u00eb prej dat\u00ebs 20 janar 2025.<\/p>\n","protected":false},"excerpt":{"rendered":"Marco Alberti &#8211; Ambasador i Italis\u00eb n\u00eb Tiran\u00eb Lindur n\u00eb Bukavu (Zaire), m\u00eb 25 maj 1972. Diplomuar p\u00ebr drejt\u00ebsi, pran\u00eb Universitetit t\u00eb Bologna-s, m\u00eb 16 korrik 1996. M\u00eb dat\u00eb 29 dhjetor 2000, n\u00eb vijim t\u00eb konkursit, nd\u00ebrmerr karrier\u00ebn diplomatike dhe em\u00ebrohet Sekretar Legate n\u00eb prov\u00eb. Prej dat\u00ebs 8 janar deri m\u00eb dat\u00eb 28 shtator 2001 [&hellip;]","protected":false},"author":1,"featured_media":0,"parent":143,"menu_order":0,"comment_status":"closed","ping_status":"closed","template":"","meta":{"footnotes":""},"class_list":["post-162","page","type-page","status-publish","hentry"],"_links":{"self":[{"href":"https:\/\/ambtirana.esteri.it\/sq\/wp-json\/wp\/v2\/pages\/162","targetHints":{"allow":["GET"]}}],"collection":[{"href":"https:\/\/ambtirana.esteri.it\/sq\/wp-json\/wp\/v2\/pages"}],"about":[{"href":"https:\/\/ambtirana.esteri.it\/sq\/wp-json\/wp\/v2\/types\/page"}],"author":[{"embeddable":true,"href":"https:\/\/ambtirana.esteri.it\/sq\/wp-json\/wp\/v2\/users\/1"}],"replies":[{"embeddable":true,"href":"https:\/\/ambtirana.esteri.it\/sq\/wp-json\/wp\/v2\/comments?post=162"}],"version-history":[{"count":6,"href":"https:\/\/ambtirana.esteri.it\/sq\/wp-json\/wp\/v2\/pages\/162\/revisions"}],"predecessor-version":[{"id":6944,"href":"https:\/\/ambtirana.esteri.it\/sq\/wp-json\/wp\/v2\/pages\/162\/revisions\/6944"}],"up":[{"embeddable":true,"href":"https:\/\/ambtirana.esteri.it\/sq\/wp-json\/wp\/v2\/pages\/143"}],"wp:attachment":[{"href":"https:\/\/ambtirana.esteri.it\/sq\/wp-json\/wp\/v2\/media?parent=162"}],"curies":[{"name":"wp","href":"https:\/\/api.w.org\/{rel}","templated":true}]}}