{"id":163,"date":"2023-04-11T17:55:33","date_gmt":"2023-04-11T15:55:33","guid":{"rendered":"https:\/\/ambtirana.esteri.it\/chi-siamo\/la-sede\/"},"modified":"2026-01-07T11:28:44","modified_gmt":"2026-01-07T10:28:44","slug":"la-sede","status":"publish","type":"page","link":"https:\/\/ambtirana.esteri.it\/sq\/chi-siamo\/la-sede\/","title":{"rendered":"Selia"},"content":{"rendered":"<p align=\"left\"><img loading=\"lazy\" decoding=\"async\" class=\"img-fluid alignnone wp-image-297 size-medium\" src=\"https:\/\/ambtirana.esteri.it\/wp-content\/uploads\/2023\/11\/08-225x300.jpg\" alt=\"\" width=\"225\" height=\"300\" srcset=\"https:\/\/ambtirana.esteri.it\/wp-content\/uploads\/2023\/11\/08-225x300.jpg 225w, https:\/\/ambtirana.esteri.it\/wp-content\/uploads\/2023\/11\/08-768x1024.jpg 768w, https:\/\/ambtirana.esteri.it\/wp-content\/uploads\/2023\/11\/08.jpg 1140w\" sizes=\"auto, (max-width: 225px) 100vw, 225px\" \/><\/p>\n<p align=\"left\"><strong>AMBASADA E ITALIS\u00cb N\u00cb TIRAN\u00cb<\/strong><\/p>\n<p align=\"left\"><strong>Adresa<\/strong>: Rruga Papa Gjon Pali II, n.2. 1010 Tiran\u00eb<br \/>\n<strong>Tel:<\/strong> +355 4 2275900<br \/>\n<strong>Fax:<\/strong> +355 4 2250921<br \/>\n<strong>E-mail:<\/strong> segramb.tirana@esteri.it<br \/>\n<strong>Posta Elektronike e \u00c7ertifikuar: <\/strong>amb.tirana@cert.esteri.it<\/p>\n<p align=\"left\">Ambasada\u00a0e Italis\u00eb\u00a0n\u00eb Tiran\u00eb ka v\u00ebn\u00eb n\u00eb dispozicion numrin e Emergjencave p\u00ebr Bashk\u00ebatdhetar\u00ebt, aktiv 24 or\u00eb, \u00a0+355 4 2275900<\/p>\n<p align=\"left\"><strong>Festa Komb\u00ebtare: 2 qershor<\/strong><\/p>\n<p align=\"left\"><strong>Lista e festave zyrtare 2026 gjat\u00eb t\u00eb cilave Ambasada do t\u00eb jet\u00eb e mbyllur<\/strong>:<\/p>\n<p>\u00a0 1 janar\u00a0 \u00a0 \u00a0 \u00a0&#8211; VITI I RI<br \/>\n6 janar\u00a0 \u00a0 \u00a0 \u00a0 &#8211; DITA E UJIT T\u00cb BEKUAR<br \/>\n20 mars\u00a0 \u00a0 \u00a0 &#8211; BAJRAMI I MADH<br \/>\n6 pril\u00a0 \u00a0 \u00a0 \u00a0 \u00a0 \u00a0&#8211; E H\u00cbNA E ENGJ\u00cbLLIT<br \/>\n25 prill\u00a0 \u00a0 \u00a0 \u00a0 &#8211; DITA E \u00c7LIRIMIT T\u00cb ITALIS\u00cb<br \/>\n1 maj\u00a0 \u00a0 \u00a0 \u00a0 \u00a0 \u00a0&#8211; DITA E PUN\u00cbTOR\u00cbVE<br \/>\n2 qershor\u00a0 \u00a0&#8211; FESTA E REPUBLIK\u00cbS<br \/>\n5 shtator\u00a0 \u00a0 &#8211; SH\u00cbN TEREZA<br \/>\n28 n\u00ebntor\u00a0 \u00a0&#8211; DITA E PAVAR\u00cbSIS\u00cb S\u00cb SHQIP\u00cbRIS\u00cb<br \/>\n25 dhjetor\u00a0 &#8211; KRISHTLINDJE<br \/>\n26 dhjetor\u00a0 &#8211; SH\u00cbN SHTJEFNI<\/p>\n<p>&nbsp;<\/p>\n","protected":false},"excerpt":{"rendered":"AMBASADA E ITALIS\u00cb N\u00cb TIRAN\u00cb Adresa: Rruga Papa Gjon Pali II, n.2. 1010 Tiran\u00eb Tel: +355 4 2275900 Fax: +355 4 2250921 E-mail: segramb.tirana@esteri.it Posta Elektronike e \u00c7ertifikuar: amb.tirana@cert.esteri.it Ambasada\u00a0e Italis\u00eb\u00a0n\u00eb Tiran\u00eb ka v\u00ebn\u00eb n\u00eb dispozicion numrin e Emergjencave p\u00ebr Bashk\u00ebatdhetar\u00ebt, aktiv 24 or\u00eb, \u00a0+355 4 2275900 Festa Komb\u00ebtare: 2 qershor Lista e festave zyrtare [&hellip;]","protected":false},"author":1,"featured_media":0,"parent":143,"menu_order":2,"comment_status":"closed","ping_status":"closed","template":"","meta":{"footnotes":""},"class_list":["post-163","page","type-page","status-publish","hentry"],"_links":{"self":[{"href":"https:\/\/ambtirana.esteri.it\/sq\/wp-json\/wp\/v2\/pages\/163","targetHints":{"allow":["GET"]}}],"collection":[{"href":"https:\/\/ambtirana.esteri.it\/sq\/wp-json\/wp\/v2\/pages"}],"about":[{"href":"https:\/\/ambtirana.esteri.it\/sq\/wp-json\/wp\/v2\/types\/page"}],"author":[{"embeddable":true,"href":"https:\/\/ambtirana.esteri.it\/sq\/wp-json\/wp\/v2\/users\/1"}],"replies":[{"embeddable":true,"href":"https:\/\/ambtirana.esteri.it\/sq\/wp-json\/wp\/v2\/comments?post=163"}],"version-history":[{"count":6,"href":"https:\/\/ambtirana.esteri.it\/sq\/wp-json\/wp\/v2\/pages\/163\/revisions"}],"predecessor-version":[{"id":8441,"href":"https:\/\/ambtirana.esteri.it\/sq\/wp-json\/wp\/v2\/pages\/163\/revisions\/8441"}],"up":[{"embeddable":true,"href":"https:\/\/ambtirana.esteri.it\/sq\/wp-json\/wp\/v2\/pages\/143"}],"wp:attachment":[{"href":"https:\/\/ambtirana.esteri.it\/sq\/wp-json\/wp\/v2\/media?parent=163"}],"curies":[{"name":"wp","href":"https:\/\/api.w.org\/{rel}","templated":true}]}}