{"id":165,"date":"2023-04-11T18:07:19","date_gmt":"2023-04-11T16:07:19","guid":{"rendered":"https:\/\/ambtirana.esteri.it\/chi-siamo\/numeri-di-emergenza\/"},"modified":"2025-02-06T10:17:43","modified_gmt":"2025-02-06T09:17:43","slug":"numeri-di-emergenza","status":"publish","type":"page","link":"https:\/\/ambtirana.esteri.it\/sq\/chi-siamo\/numeri-di-emergenza\/","title":{"rendered":"Numrat e emergjenc\u00ebs"},"content":{"rendered":"<p>Numri i emergjencave <strong>vet\u00ebm p\u00ebr shtetasit italian\u00eb <\/strong><em>(emergjenca si, p\u00ebr shembull: aksidente rrugore, emergjencat sh\u00ebndet\u00ebsore, arrestime, etj.)<\/em>:<br \/>\n00355 4 2275900 operativ prej or\u00eb 18.00 deri n\u00eb or\u00ebn 22.00, nga e h\u00ebna n\u00eb t\u00eb enjte, dhe prej or\u00ebs 18.00 t\u00eb s\u00eb premtes deri n\u00eb or\u00ebn 8.30 t\u00eb s\u00eb h\u00ebn\u00ebs<\/p>\n","protected":false},"excerpt":{"rendered":"Numri i emergjencave vet\u00ebm p\u00ebr shtetasit italian\u00eb (emergjenca si, p\u00ebr shembull: aksidente rrugore, emergjencat sh\u00ebndet\u00ebsore, arrestime, etj.): 00355 4 2275900 operativ prej or\u00eb 18.00 deri n\u00eb or\u00ebn 22.00, nga e h\u00ebna n\u00eb t\u00eb enjte, dhe prej or\u00ebs 18.00 t\u00eb s\u00eb premtes deri n\u00eb or\u00ebn 8.30 t\u00eb s\u00eb h\u00ebn\u00ebs","protected":false},"author":1,"featured_media":0,"parent":143,"menu_order":6,"comment_status":"closed","ping_status":"closed","template":"","meta":{"footnotes":""},"class_list":["post-165","page","type-page","status-publish","hentry"],"_links":{"self":[{"href":"https:\/\/ambtirana.esteri.it\/sq\/wp-json\/wp\/v2\/pages\/165","targetHints":{"allow":["GET"]}}],"collection":[{"href":"https:\/\/ambtirana.esteri.it\/sq\/wp-json\/wp\/v2\/pages"}],"about":[{"href":"https:\/\/ambtirana.esteri.it\/sq\/wp-json\/wp\/v2\/types\/page"}],"author":[{"embeddable":true,"href":"https:\/\/ambtirana.esteri.it\/sq\/wp-json\/wp\/v2\/users\/1"}],"replies":[{"embeddable":true,"href":"https:\/\/ambtirana.esteri.it\/sq\/wp-json\/wp\/v2\/comments?post=165"}],"version-history":[{"count":6,"href":"https:\/\/ambtirana.esteri.it\/sq\/wp-json\/wp\/v2\/pages\/165\/revisions"}],"predecessor-version":[{"id":7020,"href":"https:\/\/ambtirana.esteri.it\/sq\/wp-json\/wp\/v2\/pages\/165\/revisions\/7020"}],"up":[{"embeddable":true,"href":"https:\/\/ambtirana.esteri.it\/sq\/wp-json\/wp\/v2\/pages\/143"}],"wp:attachment":[{"href":"https:\/\/ambtirana.esteri.it\/sq\/wp-json\/wp\/v2\/media?parent=165"}],"curies":[{"name":"wp","href":"https:\/\/api.w.org\/{rel}","templated":true}]}}