{"id":167,"date":"2023-04-11T17:08:52","date_gmt":"2023-04-11T15:08:52","guid":{"rendered":"https:\/\/ambtirana.esteri.it\/italia-e-albania\/"},"modified":"2024-08-06T10:23:01","modified_gmt":"2024-08-06T08:23:01","slug":"italia-e-albania","status":"publish","type":"page","link":"https:\/\/ambtirana.esteri.it\/sq\/italia-e-albania\/","title":{"rendered":"Italia dhe Shqip\u00ebria"},"content":{"rendered":"<p>Marr\u00ebdh\u00ebniet dypal\u00ebshe midis Italis\u00eb dhe Shqip\u00ebris\u00eb jan\u00eb t\u00eb ngushta prej vitesh. T\u00eb favorizuara edhe nga af\u00ebrsia gjeografike, ato mb\u00ebshteten mbi themele t\u00eb forta historike, kulturore dhe ekonomike. Italia \u00ebsht\u00eb p\u00ebr Shqip\u00ebrin\u00eb nj\u00eb Pal\u00eb e privilegjuar: Vendi yn\u00eb ka qen\u00eb gjithmon\u00eb n\u00eb vij\u00eb t\u00eb par\u00eb n\u00eb mb\u00ebshtetjen dh\u00ebn\u00eb gjat\u00eb faz\u00ebs s\u00eb tranzicionit t\u00eb Shqip\u00ebris\u00eb dhe rrug\u00ebtimit evropian t\u00eb saj; ka qen\u00eb donatorja e par\u00eb dypal\u00ebshe gjat\u00eb nj\u00ebzet viteve t\u00eb fundit; \u00ebsht\u00eb partneri i par\u00eb tregtar, nj\u00eb investitor i r\u00ebnd\u00ebsish\u00ebm. N\u00eb Itali jeton komuniteti m\u00eb i madh shqiptar.<\/p>\n<p>&nbsp;<\/p>\n","protected":false},"excerpt":{"rendered":"Marr\u00ebdh\u00ebniet dypal\u00ebshe midis Italis\u00eb dhe Shqip\u00ebris\u00eb jan\u00eb t\u00eb ngushta prej vitesh. T\u00eb favorizuara edhe nga af\u00ebrsia gjeografike, ato mb\u00ebshteten mbi themele t\u00eb forta historike, kulturore dhe ekonomike. Italia \u00ebsht\u00eb p\u00ebr Shqip\u00ebrin\u00eb nj\u00eb Pal\u00eb e privilegjuar: Vendi yn\u00eb ka qen\u00eb gjithmon\u00eb n\u00eb vij\u00eb t\u00eb par\u00eb n\u00eb mb\u00ebshtetjen dh\u00ebn\u00eb gjat\u00eb faz\u00ebs s\u00eb tranzicionit t\u00eb Shqip\u00ebris\u00eb dhe rrug\u00ebtimit [&hellip;]","protected":false},"author":1,"featured_media":0,"parent":0,"menu_order":4,"comment_status":"closed","ping_status":"closed","template":"","meta":{"footnotes":""},"class_list":["post-167","page","type-page","status-publish","hentry"],"_links":{"self":[{"href":"https:\/\/ambtirana.esteri.it\/sq\/wp-json\/wp\/v2\/pages\/167","targetHints":{"allow":["GET"]}}],"collection":[{"href":"https:\/\/ambtirana.esteri.it\/sq\/wp-json\/wp\/v2\/pages"}],"about":[{"href":"https:\/\/ambtirana.esteri.it\/sq\/wp-json\/wp\/v2\/types\/page"}],"author":[{"embeddable":true,"href":"https:\/\/ambtirana.esteri.it\/sq\/wp-json\/wp\/v2\/users\/1"}],"replies":[{"embeddable":true,"href":"https:\/\/ambtirana.esteri.it\/sq\/wp-json\/wp\/v2\/comments?post=167"}],"version-history":[{"count":2,"href":"https:\/\/ambtirana.esteri.it\/sq\/wp-json\/wp\/v2\/pages\/167\/revisions"}],"predecessor-version":[{"id":6359,"href":"https:\/\/ambtirana.esteri.it\/sq\/wp-json\/wp\/v2\/pages\/167\/revisions\/6359"}],"wp:attachment":[{"href":"https:\/\/ambtirana.esteri.it\/sq\/wp-json\/wp\/v2\/media?parent=167"}],"curies":[{"name":"wp","href":"https:\/\/api.w.org\/{rel}","templated":true}]}}