{"id":183,"date":"2023-04-11T18:22:07","date_gmt":"2023-04-11T16:22:07","guid":{"rendered":"https:\/\/ambtirana.esteri.it\/servizi-consolari-e-visti\/servizi-per-il-cittadino-straniero\/visti\/"},"modified":"2024-06-19T15:37:02","modified_gmt":"2024-06-19T13:37:02","slug":"visti","status":"publish","type":"page","link":"https:\/\/ambtirana.esteri.it\/sq\/servizi-consolari-e-visti\/servizi-per-il-cittadino-straniero\/visti\/","title":{"rendered":"Viza"},"content":{"rendered":"<p>Ministria e Pun\u00ebve t\u00eb Jashtme dhe e bashk\u00ebpunimit nd\u00ebrkomb\u00ebtar mund\u00ebson hyrjen n\u00eb nj\u00eb procedur\u00eb t\u00eb drejtuar, mbi baz\u00ebn e komb\u00ebsis\u00eb, e Vendit t\u00eb vendbanimit, e arsyes s\u00eb vizit\u00ebs dhe t\u00eb koh\u00ebzgjatjes s\u00eb q\u00ebndrimit, me q\u00ebllim m\u00ebsimin n\u00ebse \u00ebsht\u00eb e nevojshme apo jo t\u00eb k\u00ebrkohet nj\u00eb viz\u00eb hyrje p\u00ebr Italin\u00eb.<\/p>\n<p>N\u00eb rast se do t\u00eb jet\u00eb e nevojshme t\u00eb k\u00ebrkohet viz\u00eb hyrje, duhet t\u00eb k\u00ebrkohet nj\u00eb takim me Zyr\u00ebn e Vizave.<\/p>\n<p>Duke filluar nga data 31 gusht 2021 \u00ebsht\u00eb i mundur prenotimi i takimeve nep\u00ebrmejt portalit te ri Prenot@Mi, i disponuesh\u00ebm n\u00eb adres\u00ebn:\u00a0<a href=\"https:\/\/prenotami.esteri.it\/\">https:\/\/prenotami.esteri.it<\/a>.<\/p>\n<p>Per informazione mund te vizitoni LINKUn:<\/p>\n<p><a href=\"https:\/\/ambtirana.esteri.it\/it\/news\/dall_ambasciata\/2021\/07\/accesso-ai-servizi-consolari\/\">https:\/\/ambtirana.esteri.it\/it\/news\/dall_ambasciata\/2021\/07\/accesso-ai-servizi-consolari\/<\/a><\/p>\n<p>Zyra e Vizave qendron e hapur p\u00ebr publikun nga e h\u00ebna n\u00eb t\u00eb premte nga ora 9.00 deri ne oren12.30.<\/p>\n<p>P\u00ebr informacione mund te kontaktoni me numrat qe vijojn\u00eb 00355 4 2275958 \/ 953 \/ 961 aktiv nga ora \u00a014.30 deri ne or\u00ebn 16.30<\/p>\n<p>Si dhe mund te shkruani n\u00eb adresat:\u00a0<a href=\"mailto::visti.tirana@esteri.it\">visti.tirana@esteri.it<\/a>;\u00a0<a href=\"mailto:amb.tirana.visti@cert.esteri.it\">amb.tirana.visti@cert.esteri.it<\/a><\/p>\n<p>&nbsp;<\/p>\n<p><strong>VINI RE<\/strong><\/p>\n<p><strong>Kushdo q\u00eb premton t\u00eb leht\u00ebsoj\u00eb caktimin e takimeve, t\u00eb thjeshtoj\u00eb apo siguroj\u00eb l\u00ebshimin e nj\u00eb vize n\u00eb k\u00ebmbim t\u00eb shumave t\u00eb parave, duhet konsideruar i pandersh\u00ebm. K\u00ebta persona duhet t\u00eb kall\u00ebzohen pran\u00eb autoriteteve si edhe t\u00eb referohen, menj\u00ebher\u00eb dhe pa asnj\u00eb droj\u00eb p\u00ebr pasoja t\u00eb mundshme, n\u00eb adres\u00ebn email <a href=\"mailto:segramb.tirana@esteri.it\">segramb.tirana@esteri.it<\/a><\/strong><\/p>\n<p><strong>Ju k\u00ebshillojm\u00eb pra t\u00eb mos u referoheni nd\u00ebrmjet\u00ebsve t\u00eb cil\u00ebt premtojn\u00eb procedura t\u00eb thjeshtuara p\u00ebr marrjen e viz\u00ebs.<\/strong><\/p>\n<p>&nbsp;<\/p>\n<p>Kujdes:<\/p>\n<p>&#8211; Paraqitja e kerkeses se vizes eshte subjekt i pageses se nje tarife konsullore te pakthyeshme. Nuk egzistojne pagesa per ugjenca.<\/p>\n<p>N\u00eb rastin e paraqitjes s\u00eb dokumentacionit fals, kjo zyr\u00eb \u00ebsht\u00eb e detyruar te denoncoj\u00eb faktin pran\u00eb autoriteteve p\u00ebrkat\u00ebse italiane.<\/p>\n<p>Ju ftojm\u00eb te njoftoheni mbi informativ\u00ebn mbi t\u00eb drejtat-detyrimet, e t\u00eb huajve n\u00eb Itali, e publikuar n\u00eb tabel\u00ebn e informacioneve mbi Vizat e Zyr\u00ebs Konsullore e cila ndodhet ne sall\u00ebn e pritjes.<\/p>\n<p>&nbsp;<\/p>\n<p><a href=\"http:\/\/vistoperitalia.esteri.it\/home\/en\"><img decoding=\"async\" src=\"https:\/\/ambtirana.esteri.it\/ambasciata_tirana\/resource\/img\/2019\/04\/visto_per_italia.jpg\" alt=\"visto per italia\" \/><\/a><\/p>\n<p>&nbsp;<\/p>\n<p>&nbsp;<\/p>\n<p>&nbsp;<\/p>\n<p>Paraqiten listat e m\u00ebposhtme mbi kriteret p\u00ebr vizat m\u00eb t\u00eb k\u00ebrkuara:<\/p>\n<p>&nbsp;<\/p>\n<ul>\n<li><a href=\"https:\/\/ambtirana.esteri.it\/wp-content\/uploads\/2023\/09\/requisiti_visto_lavoro_subordinato.doc\">Viz\u00eb p\u00ebr pun\u00eb t\u00eb varu<\/a>r<\/li>\n<li><a href=\"https:\/\/ambtirana.esteri.it\/wp-content\/uploads\/2023\/09\/requisiti_visto_per_cure_mediche.doc\">Viz\u00eb p\u00ebr kura mjeksore<\/a><\/li>\n<li><a href=\"https:\/\/ambtirana.esteri.it\/wp-content\/uploads\/2023\/09\/requisiti_visto_motivi_familiari.doc\">Viz\u00eb p\u00ebr motive familjare<\/a><\/li>\n<li><a href=\"https:\/\/ambtirana.esteri.it\/wp-content\/uploads\/2023\/09\/documentazione_visto_per_studio_italiano.doc\">Viz\u00eb p\u00ebr studim<\/a><\/li>\n<\/ul>\n<p>&nbsp;<\/p>\n<p>P\u00ebr informacione t\u00eb m\u00ebtejshme lidhur me tipologji t\u00eb tjera vizash, ju lutemi shikoni me kujdes baz\u00ebn e t\u00eb dh\u00ebnave dhe n\u00eb rast se do t\u00eb jen\u00eb t\u00eb nevojshme sqarime t\u00eb m\u00ebtejshme, mund t\u00eb kontaktoni zyr\u00ebn.<\/p>\n<p>&nbsp;<\/p>\n<p>Ju b\u00ebjm\u00eb me dije se duke nisur nga 25.9.2014 kjo Zyr\u00eb Vizash \u00ebsht\u00eb e lidhur me sistemin LVIS.<\/p>\n<p>&nbsp;<\/p>\n<p>P\u00ebr m\u00eb tep\u00ebr t\u00eb dh\u00ebna klikoni mbi logo:<\/p>\n<p>&nbsp;<\/p>\n<p><a title=\"\" href=\"https:\/\/www.esteri.it\/en\/servizi-consolari-e-visti\/ingressosoggiornoinitalia\/vis\/\"><img decoding=\"async\" src=\"https:\/\/ambtirana.esteri.it\/resource\/2014\/08\/35041_f_vis.jpg\" alt=\"VIS\" \/><\/a><\/p>\n<p>&nbsp;<\/p>\n<p>&nbsp;<\/p>\n<p>Ju kujtojm\u00eb gjithashtu se nga 15.9.2010 ka hyr\u00eb n\u00eb fuqi ndaj Shqip\u00ebrise liberalizimi i vizave Schengen.<\/p>\n<p>P\u00ebr m\u00eb tep\u00ebr t\u00eb dh\u00ebna\u00a0<a href=\"https:\/\/ambtirana.esteri.it\/sq\/servizi-consolari-e-visti\/servizi-per-il-cittadino-straniero\/visti\/liberalizzazione-dei-visti-schengen\/\">klikoni k\u00ebtu<\/a>.<\/p>\n","protected":false},"excerpt":{"rendered":"Ministria e Pun\u00ebve t\u00eb Jashtme dhe e bashk\u00ebpunimit nd\u00ebrkomb\u00ebtar mund\u00ebson hyrjen n\u00eb nj\u00eb procedur\u00eb t\u00eb drejtuar, mbi baz\u00ebn e komb\u00ebsis\u00eb, e Vendit t\u00eb vendbanimit, e arsyes s\u00eb vizit\u00ebs dhe t\u00eb koh\u00ebzgjatjes s\u00eb q\u00ebndrimit, me q\u00ebllim m\u00ebsimin n\u00ebse \u00ebsht\u00eb e nevojshme apo jo t\u00eb k\u00ebrkohet nj\u00eb viz\u00eb hyrje p\u00ebr Italin\u00eb. N\u00eb rast se do t\u00eb jet\u00eb [&hellip;]","protected":false},"author":4,"featured_media":0,"parent":182,"menu_order":0,"comment_status":"closed","ping_status":"closed","template":"","meta":{"footnotes":""},"class_list":["post-183","page","type-page","status-publish","hentry"],"_links":{"self":[{"href":"https:\/\/ambtirana.esteri.it\/sq\/wp-json\/wp\/v2\/pages\/183","targetHints":{"allow":["GET"]}}],"collection":[{"href":"https:\/\/ambtirana.esteri.it\/sq\/wp-json\/wp\/v2\/pages"}],"about":[{"href":"https:\/\/ambtirana.esteri.it\/sq\/wp-json\/wp\/v2\/types\/page"}],"author":[{"embeddable":true,"href":"https:\/\/ambtirana.esteri.it\/sq\/wp-json\/wp\/v2\/users\/4"}],"replies":[{"embeddable":true,"href":"https:\/\/ambtirana.esteri.it\/sq\/wp-json\/wp\/v2\/comments?post=183"}],"version-history":[{"count":6,"href":"https:\/\/ambtirana.esteri.it\/sq\/wp-json\/wp\/v2\/pages\/183\/revisions"}],"predecessor-version":[{"id":6237,"href":"https:\/\/ambtirana.esteri.it\/sq\/wp-json\/wp\/v2\/pages\/183\/revisions\/6237"}],"up":[{"embeddable":true,"href":"https:\/\/ambtirana.esteri.it\/sq\/wp-json\/wp\/v2\/pages\/182"}],"wp:attachment":[{"href":"https:\/\/ambtirana.esteri.it\/sq\/wp-json\/wp\/v2\/media?parent=183"}],"curies":[{"name":"wp","href":"https:\/\/api.w.org\/{rel}","templated":true}]}}