{"id":445,"date":"2023-11-14T16:46:44","date_gmt":"2023-11-14T15:46:44","guid":{"rendered":"https:\/\/ambtirana.esteri.it\/servizi-consolari-e-visti\/servizi-per-il-cittadino-straniero\/visti\/liberalizzazione-dei-visti-schengen\/"},"modified":"2023-11-14T16:50:25","modified_gmt":"2023-11-14T15:50:25","slug":"liberalizzazione-dei-visti-schengen","status":"publish","type":"page","link":"https:\/\/ambtirana.esteri.it\/sq\/servizi-consolari-e-visti\/servizi-per-il-cittadino-straniero\/visti\/liberalizzazione-dei-visti-schengen\/","title":{"rendered":"Liberalizimi i vizave Schengen"},"content":{"rendered":"<p><strong>Liberalizimi i vizave &#8211;\u00a0Udh\u00ebtim p\u00ebrurues n\u00eb Rom\u00eb i nj\u00eb delegacioni qytetar\u00ebsh<\/strong><\/p>\n<p>Ministri i Brendsh\u00ebm shqiptar Lulzim Basha drejtoi n\u00eb datat 15 dhe 16 dhjetor 2010 nj\u00eb delegacion prej 50 qytetar\u00ebsh shqiptar(m\u00eb s\u00eb shumti student\u00eb, n\u00eb eksperiencn e tyre t\u00eb par\u00eb jasht\u00eb shtetit) n\u00eb nj\u00eb udh\u00ebtim ne Bruksel dhe n\u00eb Rom\u00eb p\u00ebr t\u00eb festuar heqjen e regjimit t\u00eb vizave Schengen p\u00ebr qytetar\u00ebt shqiptar.<br \/>\nGjat\u00eb ndales\u00ebs romane, grupi i t\u00eb rinjve takoi n\u00eb Farnesina Ministrin e Pun\u00ebve t\u00eb Jashtme italian Franco Frattini che vizitoi edhe sall\u00eb e Oriazi dhe t\u00eb Curiazi n\u00eb Campidolio, ku m\u00eb 25 mars 1957 u frimos\u00ebn Traktatet e Rom\u00ebs, t\u00eb cil\u00ebt i hap\u00ebn rrug\u00eb<br \/>\nprocesit t\u00eb integrimit evropian.<\/p>\n<p>Etapa italiane e udh\u00ebtimit p\u00ebrurues u mund\u00ebsua fal\u00eb financimit nga firma Albacall- Gruppo Abramo.<\/p>\n<p><a href=\"http:\/\/www.youtube.com\/watch?v=ZPNvpiLGWvM\" target=\"_blank\" rel=\"noopener\"><strong>MESAZHI VIDEO I MINISTRIT TE JASHTEM ITALIAN FRANCO FRATTINI<br \/>\n<\/strong><\/a><br \/>\n<strong>Informacione te rendesishme per qytetaret shqiptare<\/strong><\/p>\n<p>8 nentor 2010- Keshilli i Ministrave te Bashkimit Europian vendosi sot ne Bruksel heqjen e vizave Schengen, duke nisur nga dita e botimit te vendimit ne fletoren zyrtare per qytetaret shqipetar dhe ata te Bosnje Hercegovines .<br \/>\nAmbasada Italiane shpreh sot gjithe kenaqesine per vendimin e Keshillit te Ministrave dhe pergezon popullin shqipetar, duke uruar qe ky liberalizim te coje ne forcimin e metejshem te lidhjes tashme te fuqishme miqesore midis Italise dhe Shqiperise.<br \/>\nHeqja e vizave Schengen, hap padyshim mundesi te medha per qytetaret shqipetar: megjithate eshte e rendesishme te percjellim menjehere nje informacion te sakte te kushteve te reja qe do te rregullojne levizjen drejt Vendeve Schengen, kjo per te shmangur gabime dhe keqkuptime.<\/p>\n<p><strong>LIBERALIZIMI I VIZAVE SCHENGEN &#8211; INFORMACIONE TE RENDESISHME PER QYTETARET SHQIPETARE<br \/>\n<\/strong><br \/>\n<strong>1) Cilat jane te drejtat e qytetareve shqiptare?<br \/>\n<\/strong>Qytetaret shqiptare, mbajtes te nje pasaporte biometrike kane te drejte te qarkullojne lirisht ne hapsiren\u00a0 Schengen, per cilindo motiv (me perjashtim te punes, kurave mjeksore dhe bashkimit familiar), per nje periudhe kohe te plote jo me shume se 90 dite ne nje gjashtmujor, duke hyre e duke dale nga territori Schengen pa kufizime (90 ditet ne gjashtmujor do te llogariten duke mbledhur gjithe ditet e qendrimit ne territorin Schengen, edhe ato jo ne vazhdimsi, gjashte muajt do te fillojne nga momenti i hyrjes se pare ne territorin Schengen).<\/p>\n<p><strong>2) Cilet jane vendet Schengen?<\/strong><br \/>\nVendet Schengen jane te gjithe ato vende anetare te Bashkimit Europian (me perjashtim te Britanise se Madhe dhe Irlandes); ketyre te fundit i shtohen Zvicera, Norvegjia dhe Islanda.<\/p>\n<p><strong>3) Cilat do te jene rregullat per tu respektuar?<br \/>\n<\/strong>Rregulla kryesore eshte ajo e periudhes se qendrimit: ne fakt liberalizimi i vizave i perket vetem vizave afatshkurtra (deri ne 90 dite ne 6 muaj), ndersa mbetet e pandryshuar rregullorja per vizat afatgjata (vizat kombetare ose te tipit D; shiko pika 6) dhe ajo per kure mjeksore.Qytetaret shqiptare mund te qendrojne ne territorin Schengen vetem 90 dite ne 6 muaj pa kerkuar vize. Ne rast se kane per qellim te qendrojne me gjate, duhet te kerkojne vize prane Zyres konsullore perkatese, KUJDES: kush do ta kalonte kete periudhe, duke qendruar ne territorin e Vendeve Schengen me gjate se periudha e lejuar, mund te perjashtohet\u00a0 (me ndalimin e rihyrjes deri ne 10 vjet).<\/p>\n<p><strong>4) Cilat jane dokumentat e nevojshme per hyrjen ne hapsiren Schengen?<br \/>\n<\/strong>I vetmi dokument i nevojshem per hyrjen ne territorin Schengen eshte pasaporta biometrike. Duke kosideruar tarifat e larta te sistemit shendetesor te Vendeve Schengen, eshte shume e rekomandueshme prerja e nje siguracioni shendetesor perpara nisjes. Gjithashtu eshte e rekomandueshme dhe prerja e biletes vajtje-ardhje\u00a0 (e detyrueshme nga disa shoqeri fluturimi). Qytetarit te huaj, nese i kerkohet, duhet te mund te demostroje qellimin, kushtet e mjetet e udhetimit.<\/p>\n<p><strong>5)\u00a0A do te jete e detyrueshme marrja me vete e kartes se kreditit ose e lekeve kesh, apo ndonje fideiussioni bankar, ftese ose dokumenta te tjera?<br \/>\n<\/strong>Per qytetaret shqiptare do te zbatohen te njejtat rregullat qe jane te vlefshme dhe per qytetaret e Vendeve te Treta, jo antar te Bashkimit Europian: ne rast se, nga Policia e Kufirit i kerkohet, cilido qytetar i huaj duhet te shpjegoje qellimin e qendrimit te tij dhe te mund te demostroje qe mund te qendroje\u00a0 (prane te afermeve, te njohurve ose ne hotel) dhe qe disponon mjete financiare te mjaftueshme ne lidhje me llojin, kohezgjatjen e parshikuar per qendrimin dhe shpenzimet e kthimit te Vendin e prejardhjes. Vendimi perfundimtar per hyrjen e qytetareve te huaj ne zonen Schengen mbetet gjithmone ne kopetencat e Policise se Kufirit, e cila mund te ktheje mbrapsh qytetarin e huaj, qe nuk eshte ne gjendje te paraqese sa me siper.<\/p>\n<p><strong>6) Ne cilat raste vazhon te nevoitet\u00a0 kerkesa per vize?<br \/>\n<\/strong>Leshimi i vizes vazhdon te nevoitet ne rastet e kuarave mjeksore, per qytetaret shqiptare qe kane per qellim te punojne te Hapsiren Schengen dhe ne te gjitha ato raste ne te cilat qytetaret shqiptare kane per qellim te qendrojne\u00a0 ne territorin Schengen per me shume se 90 dite ne nje gjashtmujor. Llojet me te shpeshta jane: viza per studim, viza per pune, viza per bashkim familjar.<\/p>\n<p><strong>7) Po ne proceduren per kerkesen e vizave do te kete ndryshime?<br \/>\n<\/strong>Jo, procedura per vizat\u00a0 (si per ata qe kerkojne viza Schengen per kure mjeksore, si per ate qe kerkon vize kombetare afatgjate per studim, pune e bashkim familjar) do te mbetet e pandryshuar ekzaktesisht si me pare.<\/p>\n<p><strong>8) A mundet qe pas liberalizimit, te hyne ne Vendet Schengen edhe ata qytetare shqipetare qe kane pasur nje urdher largimi, ose ata te cileve per nje motiv tjeter u eshte ndaluar hyrja ne\u00a0\u00a0\u00a0 zonen Schengen per nje fare periudhe?<br \/>\n<\/strong>Apsolutisht jo.\u00a0 Sigurisht qe ndalimi i hyrjes se Vendet Schengen ruan te njejten vlefshmeri\u00a0\u00a0 edhe pas liberalizimit te vizave. Personave, te cilet rezultojne ne Sistemin Informativ te vendeve Schengen, do t\u2019iu refuzohet hyrja ne kufi.<\/p>\n","protected":false},"excerpt":{"rendered":"Liberalizimi i vizave &#8211;\u00a0Udh\u00ebtim p\u00ebrurues n\u00eb Rom\u00eb i nj\u00eb delegacioni qytetar\u00ebsh Ministri i Brendsh\u00ebm shqiptar Lulzim Basha drejtoi n\u00eb datat 15 dhe 16 dhjetor 2010 nj\u00eb delegacion prej 50 qytetar\u00ebsh shqiptar(m\u00eb s\u00eb shumti student\u00eb, n\u00eb eksperiencn e tyre t\u00eb par\u00eb jasht\u00eb shtetit) n\u00eb nj\u00eb udh\u00ebtim ne Bruksel dhe n\u00eb Rom\u00eb p\u00ebr t\u00eb festuar heqjen e [&hellip;]","protected":false},"author":1,"featured_media":0,"parent":183,"menu_order":2,"comment_status":"closed","ping_status":"closed","template":"","meta":{"footnotes":""},"class_list":["post-445","page","type-page","status-publish","hentry"],"_links":{"self":[{"href":"https:\/\/ambtirana.esteri.it\/sq\/wp-json\/wp\/v2\/pages\/445","targetHints":{"allow":["GET"]}}],"collection":[{"href":"https:\/\/ambtirana.esteri.it\/sq\/wp-json\/wp\/v2\/pages"}],"about":[{"href":"https:\/\/ambtirana.esteri.it\/sq\/wp-json\/wp\/v2\/types\/page"}],"author":[{"embeddable":true,"href":"https:\/\/ambtirana.esteri.it\/sq\/wp-json\/wp\/v2\/users\/1"}],"replies":[{"embeddable":true,"href":"https:\/\/ambtirana.esteri.it\/sq\/wp-json\/wp\/v2\/comments?post=445"}],"version-history":[{"count":2,"href":"https:\/\/ambtirana.esteri.it\/sq\/wp-json\/wp\/v2\/pages\/445\/revisions"}],"predecessor-version":[{"id":452,"href":"https:\/\/ambtirana.esteri.it\/sq\/wp-json\/wp\/v2\/pages\/445\/revisions\/452"}],"up":[{"embeddable":true,"href":"https:\/\/ambtirana.esteri.it\/sq\/wp-json\/wp\/v2\/pages\/183"}],"wp:attachment":[{"href":"https:\/\/ambtirana.esteri.it\/sq\/wp-json\/wp\/v2\/media?parent=445"}],"curies":[{"name":"wp","href":"https:\/\/api.w.org\/{rel}","templated":true}]}}