{"id":6473,"date":"2023-11-14T17:26:07","date_gmt":"2023-11-14T16:26:07","guid":{"rendered":"https:\/\/ambtirana.esteri.it\/?page_id=6473"},"modified":"2025-05-05T11:53:42","modified_gmt":"2025-05-05T09:53:42","slug":"ekuivalentimi-i-diplomave","status":"publish","type":"page","link":"https:\/\/ambtirana.esteri.it\/sq\/italia-e-albania\/diplomazia-culturale\/studiare-in-italia\/ekuivalentimi-i-diplomave\/","title":{"rendered":"Ekuivalentimi i diplomave"},"content":{"rendered":"<p class=\"boxLevel03\">EKUIVALENTIMI I DIPLOMAVE<\/p>\n<p>Diplomat e huaja nuk njihen automatikisht n\u00eb Itali.<\/p>\n<p>Shtetasit e huaj t\u00eb interesuar p\u00ebr njohjen e diplomave t\u00eb l\u00ebshuara n\u00eb Shqip\u00ebri mund t&#8217;u drejtohen drejtp\u00ebrdrejt Autoriteteve kompetente n\u00eb Itali (Ministrive, Universiteteve).<\/p>\n<p>P\u00ebr k\u00ebt\u00eb q\u00ebllim, Kancelari konsullore l\u00ebshon Deklarat\u00ebn e Vlefshm\u00ebris\u00eb n\u00eb Shqip\u00ebri t\u00eb diplom\u00ebs. Informacioni p\u00ebrkat\u00ebs gjendet <a href=\"https:\/\/ambtirana.esteri.it\/sq\/servizi-consolari-e-visti\/servizi-per-il-cittadino-straniero\/5963-2\/\">k\u00ebtu<\/a>.<\/p>\n","protected":false},"excerpt":{"rendered":"EKUIVALENTIMI I DIPLOMAVE Diplomat e huaja nuk njihen automatikisht n\u00eb Itali. Shtetasit e huaj t\u00eb interesuar p\u00ebr njohjen e diplomave t\u00eb l\u00ebshuara n\u00eb Shqip\u00ebri mund t&#8217;u drejtohen drejtp\u00ebrdrejt Autoriteteve kompetente n\u00eb Itali (Ministrive, Universiteteve). P\u00ebr k\u00ebt\u00eb q\u00ebllim, Kancelari konsullore l\u00ebshon Deklarat\u00ebn e Vlefshm\u00ebris\u00eb n\u00eb Shqip\u00ebri t\u00eb diplom\u00ebs. Informacioni p\u00ebrkat\u00ebs gjendet k\u00ebtu.","protected":false},"author":5,"featured_media":0,"parent":157,"menu_order":0,"comment_status":"closed","ping_status":"closed","template":"","meta":{"footnotes":""},"class_list":["post-6473","page","type-page","status-publish","hentry"],"_links":{"self":[{"href":"https:\/\/ambtirana.esteri.it\/sq\/wp-json\/wp\/v2\/pages\/6473","targetHints":{"allow":["GET"]}}],"collection":[{"href":"https:\/\/ambtirana.esteri.it\/sq\/wp-json\/wp\/v2\/pages"}],"about":[{"href":"https:\/\/ambtirana.esteri.it\/sq\/wp-json\/wp\/v2\/types\/page"}],"author":[{"embeddable":true,"href":"https:\/\/ambtirana.esteri.it\/sq\/wp-json\/wp\/v2\/users\/5"}],"replies":[{"embeddable":true,"href":"https:\/\/ambtirana.esteri.it\/sq\/wp-json\/wp\/v2\/comments?post=6473"}],"version-history":[{"count":1,"href":"https:\/\/ambtirana.esteri.it\/sq\/wp-json\/wp\/v2\/pages\/6473\/revisions"}],"predecessor-version":[{"id":6474,"href":"https:\/\/ambtirana.esteri.it\/sq\/wp-json\/wp\/v2\/pages\/6473\/revisions\/6474"}],"up":[{"embeddable":true,"href":"https:\/\/ambtirana.esteri.it\/sq\/wp-json\/wp\/v2\/pages\/157"}],"wp:attachment":[{"href":"https:\/\/ambtirana.esteri.it\/sq\/wp-json\/wp\/v2\/media?parent=6473"}],"curies":[{"name":"wp","href":"https:\/\/api.w.org\/{rel}","templated":true}]}}