{"id":7095,"date":"2025-02-12T10:31:19","date_gmt":"2025-02-12T09:31:19","guid":{"rendered":"https:\/\/ambtirana.esteri.it\/italia-e-albania\/cooperazione-in-ambito-difesa\/"},"modified":"2025-02-17T11:59:30","modified_gmt":"2025-02-17T10:59:30","slug":"cooperazione-in-ambito-difesa","status":"publish","type":"page","link":"https:\/\/ambtirana.esteri.it\/sq\/italia-e-albania\/cooperazione-in-ambito-difesa\/","title":{"rendered":"Bashk\u00ebpunim n\u00eb fush\u00ebn e mbrojtjes"},"content":{"rendered":"<p>Ballkani Per\u00ebndimor p\u00ebrb\u00ebn nj\u00eb rajon ky\u00e7 p\u00ebr balancat gjeopolitike dhe gjeostrategjike globale, si dhe nj\u00eb fush\u00eb shahu politike q\u00eb \u00ebsht\u00eb vendimtare dhe me interes p\u00ebr gjithnj\u00eb e m\u00eb shum\u00eb Shtete, p\u00ebrfshir\u00eb Italin\u00eb.<\/p>\n<p>Nj\u00eb pjes\u00eb themelore e k\u00ebtij mozaiku rajonal \u00ebsht\u00eb padyshim Shqip\u00ebria, nj\u00eb Vend q\u00eb p\u00ebrb\u00ebn nj\u00eb ur\u00eb lidh\u00ebse drejt dimensionit euroatlantik dhe per\u00ebndimor dhe p\u00ebrfaq\u00ebson nj\u00eb port\u00eb t\u00eb privilegjuar p\u00ebr t\u00eb forcuar pranin\u00eb italiane n\u00eb zon\u00ebn e Ballkanit, territorit m\u00eb t\u00eb af\u00ebrt me ne.<\/p>\n<p>Nisur nga natyra e tij strategjike, Vendi i Shqiponjave ka qen\u00eb gjithmon\u00eb nj\u00eb prioritet n\u00eb politik\u00ebn e jashtme italiane, si\u00e7 d\u00ebshmohet nga lidhjet e ngushta dypal\u00ebshe dhe marr\u00ebdh\u00ebniet e forta q\u00eb ekzistojn\u00eb jo vet\u00ebm n\u00eb rrafshin tregtar, ku Italia \u00ebsht\u00eb partneri i par\u00eb, por edhe n\u00eb at\u00eb politik, ekonomik, kulturor dhe shoq\u00ebror, t\u00eb cilat ndihmohen p\u00ebr m\u00eb tep\u00ebr edhe nga af\u00ebrsia gjeografike dhe arsyet historike.<\/p>\n<p>Tirana \u00ebsht\u00eb nj\u00eb partner themelor rajonal edhe n\u00eb \u00e7\u00ebshtjet e mbrojtjes dhe t\u00eb siguris\u00eb, n\u00eb t\u00eb cilat roli i Rom\u00ebs spikat p\u00ebr nga r\u00ebnd\u00ebsia. Mjafton t\u00eb kujtojm\u00eb angazhimin n\u00eb luft\u00ebn kund\u00ebr krimit t\u00eb organizuar dhe trafikut t\u00eb l\u00ebnd\u00ebve narkotike, si dhe arsimimin dhe trajnimin e Forcave t\u00eb Armatosura shqiptare p\u00ebr t\u00eb nxitur shk\u00ebmbimin e njohurive, sa p\u00ebr t\u00eb p\u00ebrmendur vet\u00ebm disa nga sektor\u00ebt e shumt\u00eb.<\/p>\n<p>Italia dhe Shqip\u00ebria p\u00ebrfitojn\u00eb reciprokisht nga ky bashk\u00ebpunim, para s\u00eb gjithash n\u00eb arritjen e siguris\u00eb s\u00eb m\u00ebtejshme n\u00eb Ballkanin Per\u00ebndimor: Vendi i Shqiponjave \u00ebsht\u00eb vendimtar p\u00ebr Italin\u00eb, e cila mb\u00ebshtet rritjen e numrit t\u00eb vendeve an\u00ebtare t\u00eb BE-s\u00eb q\u00eb lagen nga Deti Mesdhe, me q\u00ebllim p\u00ebrballimin e \u00a0sfidave dhe k\u00ebrc\u00ebnimeve p\u00ebr sigurin\u00eb q\u00eb vijn\u00eb nga teatrot aktualisht tejet t\u00eb nxehta, si Lindja e Mesme dhe zona e konfliktit ruso-ukrainas.<\/p>\n<p>Marr\u00ebdh\u00ebniet e shk\u00eblqyera mes dy Shteteve u theksuan m\u00eb tej m\u00eb 4 mars 2024, me rastin e p\u00ebrurimit t\u00eb baz\u00ebs s\u00eb re ajrore t\u00eb NATO-s n\u00eb Ku\u00e7ov\u00eb; me k\u00ebt\u00eb rast, ku ishin t\u00eb pranish\u00ebm Ministri italian i Mbrojtjes, Guido Crosetto, dhe autoritetet m\u00eb t\u00eb larta shqiptare, u theksua edhe nj\u00eb her\u00eb bashk\u00ebpunimi midis Rom\u00ebs dhe Tiran\u00ebs n\u00eb fush\u00ebn e mbrojtjes, si dhe angazhimi i p\u00ebrbashk\u00ebt p\u00ebr sigurin\u00eb, bashk\u00ebpunimin dhe zhvillimin e rajonit. Kjo baz\u00eb p\u00ebrfaq\u00ebson nj\u00eb vend q\u00eb do t\u2019i hap\u00eb udh\u00eb nismave t\u00eb p\u00ebrbashk\u00ebta n\u00eb fush\u00ebn e mbrojtjes, trajnimit profesional dhe p\u00ebrballimit t\u00eb emergjencave.<\/p>\n<p>Shqip\u00ebria, duke iu bashkuar q\u00ebndrimeve nd\u00ebrkomb\u00ebtare euroatlantike, fiton pesh\u00eb gjeopolitike dhe nj\u00ebkoh\u00ebsisht konsiderohet strategjike nga vet\u00eb NATO: n\u00eb fakt, n\u00eb marsin e vitit t\u00eb kaluar ish-Sekretari i P\u00ebrgjithsh\u00ebm, Jens Stoltenberg, pas nj\u00eb takimi me Presidentin shqiptar Bajram Begaj, theksoi rolin ky\u00e7 t\u00eb Shqip\u00ebris\u00eb n\u00eb promovimin e stabilitetit dhe bashk\u00ebpunimit n\u00eb Ballkanin Per\u00ebndimor, nj\u00eb rajon me r\u00ebnd\u00ebsi strategjike p\u00ebr NATO-n, an\u00ebtare e s\u00eb cil\u00ebs Shqip\u00ebria \u00ebsht\u00eb q\u00eb nga viti 2009.<\/p>\n<p>Shkrimtari Ismail Kadare ka shkruar se \u201c<em>nuk ka kontinente t\u00eb tjera t\u00eb mundshme p\u00ebr shqiptar\u00ebt p\u00ebrve\u00e7 Evrop\u00ebs<\/em>\u201d dhe pik\u00ebrisht bashk\u00ebpunimi midis Rom\u00ebs dhe Tiran\u00ebs n\u00eb sektorin e mbrojtjes p\u00ebrb\u00ebn nj\u00eb hap t\u00eb m\u00ebtejsh\u00ebm p\u00ebr t\u00eb leht\u00ebsuar hyrjen e Shqip\u00ebris\u00eb n\u00eb BE: bashk\u00ebpunimi italian n\u00eb fush\u00ebn e drejt\u00ebsis\u00eb dhe sinergjit\u00eb e krijuara n\u00eb \u00e7do fush\u00eb ministrore d\u00ebshmojn\u00eb vullnetin italian p\u00ebr t&#8217;u pozicionuar si mb\u00ebshtet\u00ebs dhe leht\u00ebsues i rrug\u00ebs s\u00eb Shqip\u00ebris\u00eb drejt Evrop\u00ebs. Gjithashtu, q\u00ebndrimi i Shqip\u00ebris\u00eb n\u00eb t\u00eb nj\u00ebjt\u00ebn linj\u00eb me q\u00ebndrimet e Brukselit p\u00ebr sa i p\u00ebrket politik\u00ebs s\u00eb jashtme dhe siguris\u00eb s\u00eb p\u00ebrbashk\u00ebt e b\u00ebn at\u00eb nj\u00eb faktor stabiliteti n\u00eb rajon.<\/p>\n<p>Edhe Ministri i Jasht\u00ebm italian, Antonio Tajani, shtatorin e kaluar foli n\u00eb Senat p\u00ebr \u201c<em>ribashkimin e Evrop\u00ebs<\/em>\u201d (duke p\u00ebrmendur zgjerimin e saj drejt rajonit t\u00eb Ballkanit), i cili pa Ballkanin Per\u00ebndimor do t\u00eb ishte gjithashtu i paplot\u00eb dhe do ta linte k\u00ebt\u00eb zon\u00eb n\u00ebn ndikimin e Vendeve t\u00eb tjera rivale dhe armiq\u00ebsore.<\/p>\n","protected":false},"excerpt":{"rendered":"Ballkani Per\u00ebndimor p\u00ebrb\u00ebn nj\u00eb rajon ky\u00e7 p\u00ebr balancat gjeopolitike dhe gjeostrategjike globale, si dhe nj\u00eb fush\u00eb shahu politike q\u00eb \u00ebsht\u00eb vendimtare dhe me interes p\u00ebr gjithnj\u00eb e m\u00eb shum\u00eb Shtete, p\u00ebrfshir\u00eb Italin\u00eb. Nj\u00eb pjes\u00eb themelore e k\u00ebtij mozaiku rajonal \u00ebsht\u00eb padyshim Shqip\u00ebria, nj\u00eb Vend q\u00eb p\u00ebrb\u00ebn nj\u00eb ur\u00eb lidh\u00ebse drejt dimensionit euroatlantik dhe per\u00ebndimor dhe [&hellip;]","protected":false},"author":1,"featured_media":7048,"parent":167,"menu_order":7,"comment_status":"closed","ping_status":"closed","template":"","meta":{"footnotes":""},"class_list":["post-7095","page","type-page","status-publish","has-post-thumbnail","hentry"],"_links":{"self":[{"href":"https:\/\/ambtirana.esteri.it\/sq\/wp-json\/wp\/v2\/pages\/7095","targetHints":{"allow":["GET"]}}],"collection":[{"href":"https:\/\/ambtirana.esteri.it\/sq\/wp-json\/wp\/v2\/pages"}],"about":[{"href":"https:\/\/ambtirana.esteri.it\/sq\/wp-json\/wp\/v2\/types\/page"}],"author":[{"embeddable":true,"href":"https:\/\/ambtirana.esteri.it\/sq\/wp-json\/wp\/v2\/users\/1"}],"replies":[{"embeddable":true,"href":"https:\/\/ambtirana.esteri.it\/sq\/wp-json\/wp\/v2\/comments?post=7095"}],"version-history":[{"count":2,"href":"https:\/\/ambtirana.esteri.it\/sq\/wp-json\/wp\/v2\/pages\/7095\/revisions"}],"predecessor-version":[{"id":7110,"href":"https:\/\/ambtirana.esteri.it\/sq\/wp-json\/wp\/v2\/pages\/7095\/revisions\/7110"}],"up":[{"embeddable":true,"href":"https:\/\/ambtirana.esteri.it\/sq\/wp-json\/wp\/v2\/pages\/167"}],"wp:featuredmedia":[{"embeddable":true,"href":"https:\/\/ambtirana.esteri.it\/sq\/wp-json\/wp\/v2\/media\/7048"}],"wp:attachment":[{"href":"https:\/\/ambtirana.esteri.it\/sq\/wp-json\/wp\/v2\/media?parent=7095"}],"curies":[{"name":"wp","href":"https:\/\/api.w.org\/{rel}","templated":true}]}}