{"id":7532,"date":"2025-05-08T10:26:50","date_gmt":"2025-05-08T08:26:50","guid":{"rendered":"https:\/\/ambtirana.esteri.it\/?page_id=7532"},"modified":"2025-05-08T10:26:50","modified_gmt":"2025-05-08T08:26:50","slug":"pajisja-me-kod-fiskal","status":"publish","type":"page","link":"https:\/\/ambtirana.esteri.it\/sq\/servizi-consolari-e-visti\/servizi-per-il-cittadino-straniero\/pajisja-me-kod-fiskal\/","title":{"rendered":"Pajisja me kod fiskal"},"content":{"rendered":"<p><strong>Kodi fiskal<\/strong><\/p>\n<p><strong>1. \u00c7far\u00eb \u00ebsht\u00eb<\/strong><br \/>\n<strong>2. P\u00ebr \u00e7far\u00eb sh\u00ebrben?<\/strong><br \/>\n<strong>3. Si t\u00eb paraqes\u00ebsh k\u00ebrkes\u00ebn<\/strong><\/p>\n<ol>\n<li><strong> \u00c7far\u00eb \u00ebsht\u00eb<\/strong><\/li>\n<\/ol>\n<p>Kodi fiskal \u00ebsht\u00eb kodi i p\u00ebrb\u00ebr\u00eb nga shkronja dhe numra q\u00eb l\u00ebshohet nga Agjencia e t\u00eb Ardhurave p\u00ebr t\u00eb identifikuar shtetasin (italian apo i huaj) n\u00eb marr\u00ebdh\u00ebniet me institucionet publike, privat\u00ebt dhe entet italiane. P\u00ebr personat fizik\u00eb kodi fiskal p\u00ebrcaktohet mbi baz\u00ebn e t\u00eb dh\u00ebnave personale.<\/p>\n<ol start=\"2\">\n<li><strong> P\u00ebr \u00e7far\u00eb sh\u00ebrben?<\/strong><\/li>\n<\/ol>\n<p>P\u00ebrmbushja e \u00e7do lloj veprimtarie administrative (pages\u00eb e taksave, tatimeve, detyrimeve, etj.) apo veprimtarie negocimi (pranim trash\u00ebgimie, kontrata me subjekte publike apo private, k\u00ebrkes\u00eb p\u00ebr financim, sponsorizime, qira apo kontrata p\u00ebrdorimi, etj.) k\u00ebrkon t\u00eb dh\u00ebnat e kodit fiskal t\u00eb subjektit q\u00eb i kryen k\u00ebto veprimtari.<\/p>\n<ol start=\"3\">\n<li><strong> Si t\u00eb paraqes\u00ebsh k\u00ebrkes\u00ebn <\/strong><\/li>\n<\/ol>\n<p>Shtetasit e huaj jo me banim n\u00eb Itali mund t\u00eb autorizojn\u00eb posa\u00e7\u00ebrisht dik\u00eb q\u00eb t\u00eb paraqes\u00eb formularin e k\u00ebrkes\u00ebs p\u00ebr pajisjen me Kod Fiskal pran\u00eb zyrave t\u00eb Agjencis\u00eb s\u00eb t\u00eb Ardhurave t\u00eb cilat veprojn\u00eb n\u00eb territorin italian.<\/p>\n<p><u>SHTETASIT E HUAJ JO ME BANIM N\u00cb ITALI<\/u><\/p>\n<p>Shtetasi i huaj q\u00eb nuk banon n\u00eb Itali, n\u00eb baz\u00eb t\u00eb p\u00ebrcaktimeve t\u00eb nenit 1 t\u00eb Vendimit t\u00eb Ministrit n. 281, dat\u00eb 17 maj 2001, \u00a0duhet t\u00eb autorizoj\u00eb posa\u00e7\u00ebrisht dik\u00eb q\u00eb t\u00eb paraqes\u00eb formularin e k\u00ebrkes\u00ebs p\u00ebr pajisjen me Kod Fiskal pran\u00eb zyrave t\u00eb Agjencis\u00eb s\u00eb t\u00eb Ardhurave t\u00eb cilat veprojn\u00eb n\u00eb territorin italian. Adresat e zyrave t\u00eb Agjencis\u00eb s\u00eb t\u00eb Ardhurave gjenden n\u00eb faqen e internetit: <a href=\"http:\/\/www.agenziaentrate.it\">www.agenziaentrate.it<\/a><\/p>\n<p>Shtetasi i huaj mund t\u00eb paraqes\u00eb k\u00ebrkes\u00eb p\u00ebr t\u2019u pajisur me Kod Fiskal pran\u00eb Zyr\u00ebs Konsullore italiane kompetente p\u00ebr qarkun n\u00eb t\u00eb cilin banon vet\u00ebm n\u00eb rastet kur Kodi Fiskal \u00ebsht\u00eb i nevojsh\u00ebm p\u00ebr kryerjen e procedurave online dhe\/ose n\u00eb rast se shtetasi i huaj e ka t\u00eb pamundur t\u00eb autorizoj\u00eb dik\u00eb q\u00eb t\u00eb ndjek\u00eb procedurat pran\u00eb Agjencis\u00eb s\u00eb t\u00eb Ardhurave n\u00eb Itali. K\u00ebrkesa p\u00ebr t\u2019u pajisur me Kod Fiskal, q\u00eb parashikon plot\u00ebsimin e formularit p\u00ebrkat\u00ebs <a href=\"https:\/\/ambtirana.esteri.it\/wp-content\/uploads\/2024\/06\/modelloAA48.pdf\">Modello di richiesta<\/a>, duhet t\u00eb paraqitet s\u00eb bashku me kopjen e dokumentit t\u00eb identitetit dhe t\u00eb sakt\u00ebsohen, gjithashtu, edhe arsyet p\u00ebrkat\u00ebse.<\/p>\n<p><strong>Student\u00ebt <\/strong>t\u00eb cil\u00ebt duhet t\u00eb pajisen me kod fiskal p\u00ebr t\u00eb ndjekur procedurat e para-regjistrimit n\u00eb Universitet mund ta p\u00ebrftojn\u00eb at\u00eb automatikisht n\u00eb <strong>Portale UNIVERSITALY<\/strong> gjat\u00eb faz\u00ebs s\u00eb para-regjistrimit.<\/p>\n<p>Student\u00ebt jo shtetas t\u00eb BE-<em>s\u00eb<\/em> mund t\u00eb k\u00ebrkojn\u00eb dh\u00ebnien e Kodit Fiskal: pran\u00eb Sportelit Unik t\u00eb Emigracionit apo n\u00eb Kuestur\u00eb n\u00eb momentin e paraqitjes s\u00eb k\u00ebrkes\u00ebs p\u00ebr pajisjen me leje qendrimi; student\u00ebt q\u00eb jan\u00eb shtetas t\u00eb BE-<em>s\u00eb<\/em> mund ta k\u00ebrkojn\u00eb duke paraqitur formularin AA4\/8 pran\u00eb Agjencis\u00eb s\u00eb t\u00eb Ardhurave.<\/p>\n<p><strong>Shtetasit e huaj t\u00eb cil\u00ebve u nevojitet t\u00eb pajisen me kod fiskal p\u00ebr blerjen e pasurive t\u00eb paluajtshme apo p\u00ebr veprimtari t\u00eb tjera tregtare\/financiare, n\u00eb Itali<\/strong> mund t\u00eb autorizojn\u00eb nj\u00eb p\u00ebrfaq\u00ebsues p\u00ebr t\u00eb paraqitur k\u00ebrkes\u00ebn, p\u00ebr llogari t\u00eb tyre, pran\u00eb Agjencis\u00eb s\u00eb t\u00eb Ardhurave.<\/p>\n<p><strong>Shtetasit e Vendeve jo an\u00ebtare t\u00eb BE<\/strong>&#8211;<em>s\u00eb<\/em> <strong>t\u00eb<\/strong> <strong>cil\u00ebt synojn\u00eb t\u00eb q\u00ebndrojn\u00eb n\u00eb Itali <\/strong>pajisen me kod fiskal nga:<\/p>\n<p>\u2013Sporteli Unik p\u00ebr Emigracionin pran\u00eb \u00e7do Prefekture kompetente p\u00ebr dh\u00ebnien e autorizimit p\u00ebr hyrjen e shtetasve t\u00eb huaj t\u00eb cil\u00ebt paraqesin k\u00ebrkes\u00ebn p\u00ebr leje q\u00ebndrimi p\u00ebr arsye pune apo p\u00ebr bashkim familjar;<\/p>\n<p>\u2013 Kuestura, Zyra e Policis\u00eb s\u00eb Shtetit, p\u00ebr ata shtetas t\u00eb huaj t\u00eb cil\u00ebt paraqesin k\u00ebrkes\u00eb p\u00ebr pajisjen me leje q\u00ebndrimi p\u00ebr arsye t\u00eb tjera.<\/p>\n<p><strong>Shtetasit e Vendeve an\u00ebtare t\u00eb BE-<\/strong><em>s\u00eb<\/em><strong> t\u00eb cil\u00ebt synojn\u00eb t\u00eb q\u00ebndrojn\u00eb n\u00eb Itali<\/strong> mund t\u00eb k\u00ebrkojn\u00eb t\u00eb pajisen me kod fiskal duke paraqitur formularin AA4\/8 pran\u00eb nj\u00eb prej deg\u00ebve t\u00eb Agjencis\u00eb s\u00eb t\u00eb Ardhurave. K\u00ebrkesa duhet t\u00eb jet\u00eb e arsyetuar dhe duhet t\u2019i bashk\u00eblidhet nj\u00eb dokument i vlefsh\u00ebm identifikimi (pasaport\u00eb apo let\u00ebrnjoftim t\u00eb vlefsh\u00ebm p\u00ebr t\u00eb udh\u00ebtuar jasht\u00eb vendit).<\/p>\n<p>Shtetasi i huaj t\u00eb cilit i nevojitet t\u00eb pajiset me kod fiskal n\u00eb Itali <strong>p\u00ebr t\u00eb ndjekur nj\u00eb proces gjyq\u00ebsor n\u00eb Itali<\/strong> mund, nd\u00ebr tagrat e dh\u00ebn\u00eb avokatit t\u00eb tij t\u00eb besuar, t\u00eb p\u00ebrfshij\u00eb edhe paraqitjen e k\u00ebrkes\u00ebs p\u00ebr l\u00ebshimin e kodit fiskal pran\u00eb nj\u00eb prej deg\u00ebve t\u00eb Agjencis\u00eb s\u00eb t\u00eb Ardhurave; adresat e deg\u00ebve t\u00eb Agjencis\u00eb s\u00eb t\u00eb Ardhurave gjenden n\u00eb faqen internet <a href=\"http:\/\/www.agenziaentrate.it.\">www.agenziaentrate.it.<\/a><\/p>\n","protected":false},"excerpt":{"rendered":"Kodi fiskal 1. \u00c7far\u00eb \u00ebsht\u00eb 2. P\u00ebr \u00e7far\u00eb sh\u00ebrben? 3. Si t\u00eb paraqes\u00ebsh k\u00ebrkes\u00ebn \u00c7far\u00eb \u00ebsht\u00eb Kodi fiskal \u00ebsht\u00eb kodi i p\u00ebrb\u00ebr\u00eb nga shkronja dhe numra q\u00eb l\u00ebshohet nga Agjencia e t\u00eb Ardhurave p\u00ebr t\u00eb identifikuar shtetasin (italian apo i huaj) n\u00eb marr\u00ebdh\u00ebniet me institucionet publike, privat\u00ebt dhe entet italiane. P\u00ebr personat fizik\u00eb kodi fiskal [&hellip;]","protected":false},"author":5,"featured_media":0,"parent":182,"menu_order":0,"comment_status":"closed","ping_status":"closed","template":"","meta":{"footnotes":""},"class_list":["post-7532","page","type-page","status-publish","hentry"],"_links":{"self":[{"href":"https:\/\/ambtirana.esteri.it\/sq\/wp-json\/wp\/v2\/pages\/7532","targetHints":{"allow":["GET"]}}],"collection":[{"href":"https:\/\/ambtirana.esteri.it\/sq\/wp-json\/wp\/v2\/pages"}],"about":[{"href":"https:\/\/ambtirana.esteri.it\/sq\/wp-json\/wp\/v2\/types\/page"}],"author":[{"embeddable":true,"href":"https:\/\/ambtirana.esteri.it\/sq\/wp-json\/wp\/v2\/users\/5"}],"replies":[{"embeddable":true,"href":"https:\/\/ambtirana.esteri.it\/sq\/wp-json\/wp\/v2\/comments?post=7532"}],"version-history":[{"count":1,"href":"https:\/\/ambtirana.esteri.it\/sq\/wp-json\/wp\/v2\/pages\/7532\/revisions"}],"predecessor-version":[{"id":7535,"href":"https:\/\/ambtirana.esteri.it\/sq\/wp-json\/wp\/v2\/pages\/7532\/revisions\/7535"}],"up":[{"embeddable":true,"href":"https:\/\/ambtirana.esteri.it\/sq\/wp-json\/wp\/v2\/pages\/182"}],"wp:attachment":[{"href":"https:\/\/ambtirana.esteri.it\/sq\/wp-json\/wp\/v2\/media?parent=7532"}],"curies":[{"name":"wp","href":"https:\/\/api.w.org\/{rel}","templated":true}]}}