{"id":7998,"date":"2023-11-14T15:52:44","date_gmt":"2023-11-14T14:52:44","guid":{"rendered":"https:\/\/ambtirana.esteri.it\/?page_id=7998"},"modified":"2025-08-27T11:32:28","modified_gmt":"2025-08-27T09:32:28","slug":"eventi","status":"publish","type":"page","link":"https:\/\/ambtirana.esteri.it\/sq\/italia-e-albania\/diplomazia-culturale\/eventi\/","title":{"rendered":"Eventi"},"content":{"rendered":"<ul>\n<li><strong>Mars 2025-Gusht 2026<\/strong> &#8211; <em>Nj\u00eb Ur\u00eb mbi Adriatik<\/em>: nj\u00eb projekt binjak\u00ebzimi midis shkollave n\u00ebnt\u00ebvje\u00e7are shqipe n\u00eb Seksionin Dygjuh\u00ebsh dhe shkollave q\u00eb ofrojn\u00eb kurse t\u00eb gjuh\u00ebs arb\u00ebreshe n\u00eb Itali (Kalabri), me p\u00ebrfshirjen e Fondacionit t\u00eb Komunitetit Arb\u00ebresh n\u00eb Itali;<\/li>\n<li><strong>Janar\u2013Maj 2025 <\/strong>\u2013 <em>Konkursi i krijimeve letrare &#8220;Itali-Shqip\u00ebri: nj\u00eb lidhje n\u00eb rritje!&#8221;,<\/em> i organizuar n\u00eb bashk\u00ebpunim me Institutin Italian t\u00eb Kultur\u00ebs dhe Departamentin e Gjuh\u00ebs Italiane n\u00eb Universitetin e Tiran\u00ebs;<\/li>\n<li><strong>N\u00ebntor 2024\u2013Shkurt 2025<\/strong> <em>&#8211; Projekti Illiria: &#8220;Kursi i M\u00ebsimdh\u00ebnies s\u00eb Italishtes si gjuh\u00eb e dyt\u00eb L2, i synuar p\u00ebr provimin e certifikimit DITALS BASE<\/em>.&#8221; Kursi i dh\u00ebn\u00eb nga m\u00ebsues t\u00eb em\u00ebruar nga Universiteti p\u00ebr t\u00eb Huajt i Siena-s me takime online dhe seminare t\u00eb zhvilluara n\u00eb prani, me pjes\u00ebmarrjen e mbi 300 m\u00ebsuesve;<\/li>\n<li><strong>N\u00ebntor 2024<\/strong> &#8211; <em>Java e Kuzhin\u00ebs Italiane n\u00eb Bot\u00eb<\/em> \u2013 punishte p\u00ebr p\u00ebrgatitjen e pastave dhe akulloreve p\u00ebr nx\u00ebn\u00ebsit e Seksionit Dygjuh\u00ebsh, me pjes\u00ebmarrjen e ekspert\u00ebve t\u00eb industris\u00eb; Pjata italiane (pica, tarta, taralli, etj.) t\u00eb p\u00ebrgatitura me ndihm\u00ebn e m\u00ebsuesve t\u00eb Seksionit dhe t\u00eb rishitura n\u00eb shkollat e tyre dhe t\u00eb ardhurat e nxjerra jan\u00eb dh\u00ebn\u00eb p\u00ebr bamir\u00ebsi;<\/li>\n<li><strong>Tetor 2024<\/strong> &#8211; <em>Java e Gjuh\u00ebs Italiane n\u00eb Bot\u00eb<\/em> <em>&#8211; Zecchino d&#8217;Oro n\u00eb Shqip\u00ebri<\/em>! Shfaqje n\u00eb pes\u00eb qytete t\u00eb vendit: Tiran\u00eb, Shkod\u00ebr, Kor\u00e7\u00eb, Vlor\u00eb dhe Elbasan. Shfaqje k\u00ebndimi kori n\u00eb italisht nga af\u00ebrsisht 1,000 f\u00ebmij\u00eb, me mbwshtetjen zyrtare t\u00eb Korit Antoniano t\u00eb Bolonj\u00ebs dhe bashk\u00ebpunimin e Ministris\u00eb s\u00eb Arsimit t\u00eb Shqip\u00ebris\u00eb si pjes\u00eb e Memorandumit \u201cIlliria\u201d;<\/li>\n<li><strong>Shtator &#8211; Dhjetor 2024<\/strong> &#8211; <em>Projekti &#8220;Club Italiano: lingua e creativit\u00e0 &#8211; Klubi Italian: gjuha dhe krijimtaria\u201d<\/em>. Njohuri t\u00eb thella n\u00eb gjuh\u00ebn italiane, konkretisht p\u00ebr fush\u00ebn artistike, n\u00eb nj\u00eb kontekst shum\u00eb krijues. P\u00ebrfshirja e ekspert\u00ebve t\u00eb jasht\u00ebm shqiptar\u00eb me lidhje me Italin\u00eb: nj\u00eb producent filmi, dy muzikant\u00eb dhe nj\u00eb artist vizual. Pjes\u00ebmarr\u00ebs: af\u00ebrsisht 550 nx\u00ebn\u00ebs nga shkolla me nj\u00eb Seksionin Dygjuh\u00ebsh; prodhimi i nj\u00eb dokumentari video rreth projektit;<\/li>\n<li><strong>19 tetor 2023<\/strong> &#8211; <em>Konferenca &#8220;Alessandro Manzoni dhe libri &#8220;T\u00eb fejuarit&#8221; n\u00eb Shqip\u00ebri&#8221;<\/em>, organizuar nga Instituti Italian i Kultur\u00ebs si pjes\u00eb e Jav\u00ebs s\u00eb Gjuh\u00ebs;<\/li>\n<li><strong>17 tetor 2023<\/strong> &#8211; <em>Konferenca &#8220;Leximi dhe P\u00ebrkthimi i Calvino-s sot&#8221;<\/em>, organizuar nga Instituti Italian i Kultur\u00ebs me Ambasad\u00ebn n\u00eb kuad\u00ebr t\u00eb Jav\u00ebs s\u00eb Gjuh\u00ebs;<\/li>\n<li><strong>Mars-Shtator 2023<\/strong> &#8211; <em>Binjak\u00ebzimi midis Seksionit Dygjuh\u00ebsh t\u00eb Tiran\u00ebs dhe Liceut Shkencor Mascheroni n\u00eb Bergamo<\/em>, mb\u00ebshtetur nga Ambasada. Shk\u00ebmbime vizitash me nisma t\u00eb shumta kulturore.<\/li>\n<\/ul>\n","protected":false},"excerpt":{"rendered":"Mars 2025-Gusht 2026 &#8211; Nj\u00eb Ur\u00eb mbi Adriatik: nj\u00eb projekt binjak\u00ebzimi midis shkollave n\u00ebnt\u00ebvje\u00e7are shqipe n\u00eb Seksionin Dygjuh\u00ebsh dhe shkollave q\u00eb ofrojn\u00eb kurse t\u00eb gjuh\u00ebs arb\u00ebreshe n\u00eb Itali (Kalabri), me p\u00ebrfshirjen e Fondacionit t\u00eb Komunitetit Arb\u00ebresh n\u00eb Itali; Janar\u2013Maj 2025 \u2013 Konkursi i krijimeve letrare &#8220;Itali-Shqip\u00ebri: nj\u00eb lidhje n\u00eb rritje!&#8221;, i organizuar n\u00eb bashk\u00ebpunim me [&hellip;]","protected":false},"author":5,"featured_media":0,"parent":154,"menu_order":5,"comment_status":"closed","ping_status":"closed","template":"","meta":{"footnotes":""},"class_list":["post-7998","page","type-page","status-publish","hentry"],"_links":{"self":[{"href":"https:\/\/ambtirana.esteri.it\/sq\/wp-json\/wp\/v2\/pages\/7998","targetHints":{"allow":["GET"]}}],"collection":[{"href":"https:\/\/ambtirana.esteri.it\/sq\/wp-json\/wp\/v2\/pages"}],"about":[{"href":"https:\/\/ambtirana.esteri.it\/sq\/wp-json\/wp\/v2\/types\/page"}],"author":[{"embeddable":true,"href":"https:\/\/ambtirana.esteri.it\/sq\/wp-json\/wp\/v2\/users\/5"}],"replies":[{"embeddable":true,"href":"https:\/\/ambtirana.esteri.it\/sq\/wp-json\/wp\/v2\/comments?post=7998"}],"version-history":[{"count":4,"href":"https:\/\/ambtirana.esteri.it\/sq\/wp-json\/wp\/v2\/pages\/7998\/revisions"}],"predecessor-version":[{"id":8108,"href":"https:\/\/ambtirana.esteri.it\/sq\/wp-json\/wp\/v2\/pages\/7998\/revisions\/8108"}],"up":[{"embeddable":true,"href":"https:\/\/ambtirana.esteri.it\/sq\/wp-json\/wp\/v2\/pages\/154"}],"wp:attachment":[{"href":"https:\/\/ambtirana.esteri.it\/sq\/wp-json\/wp\/v2\/media?parent=7998"}],"curies":[{"name":"wp","href":"https:\/\/api.w.org\/{rel}","templated":true}]}}