{"id":8087,"date":"2023-11-14T15:48:27","date_gmt":"2023-11-14T14:48:27","guid":{"rendered":"https:\/\/ambtirana.esteri.it\/?page_id=8087"},"modified":"2025-08-27T11:21:06","modified_gmt":"2025-08-27T09:21:06","slug":"8087-2","status":"publish","type":"page","link":"https:\/\/ambtirana.esteri.it\/sq\/italia-e-albania\/diplomazia-culturale\/8087-2\/","title":{"rendered":"UNIVERSITETE"},"content":{"rendered":"<p><strong>UNIVERSITETI SHTET\u00cbROR I TIRAN\u00cbS<\/strong><\/p>\n<p><strong>Fakulteti i Gjuh\u00ebve t\u00eb Huaja<\/strong>:<\/p>\n<p>Dekane e Fakultetit t\u00eb Gjuh\u00ebve t\u00eb Huaja: Prof. Dr. Esmeralda Kromidha (email: <a href=\"mailto:esmeralda.kromidha@unitir.edu.al\">esmeralda.kromidha@unitir.edu.al<\/a>)<\/p>\n<p>Adresa: Rruga e &#8220;Elbasanit&#8221;, Tiran\u00eb<\/p>\n<p>Fakulteti i Gjuh\u00ebve t\u00eb Huaja email: <a href=\"mailto:info.fgjh@unitir.edu.al\"><em>info.fgjh@unitir.edu.al<\/em><\/a><\/p>\n<p>Faqja e internetit: <a href=\"http:\/\/www.fgjh.edu.al\"><em>www.fgjh.edu.al<\/em><\/a><\/p>\n<p>Facebook: <a href=\"https:\/\/www.facebook.com\/pages\/Fakulteti-i-Gjuheve-te-Huaja\/217467521618679\">https:\/\/www.facebook.com\/pages\/Fakulteti-i-Gjuheve-te-Huaja\/217467521618679<\/a><\/p>\n<p>Instagram: <a href=\"https:\/\/www.instagram.com\/fakulteti.gjuhevetehuaja.ut?igsh=NjZqb2tmbWEyMW4y\">https:\/\/www.instagram.com\/fakulteti.gjuhevetehuaja.ut?igsh=NjZqb2tmbWEyMW4y<\/a><\/p>\n<p><strong>Departamenti i Gjuh\u00ebs Italiane<\/strong>:<\/p>\n<p>Email: <a href=\"mailto:departamenti.italisht@unitir.edu.al\">departamenti.italisht@unitir.edu.al<\/a><\/p>\n<p>Shefe e Departamentit t\u00eb Italishtes: Prof. Asoc. Dr. Mirela Papa (email: <a href=\"mailto:mirela.papa@unitir.edu.al\">mirela.papa@unitir.edu.al<\/a>)<\/p>\n<p>Lektore e Gjuh\u00ebs Italiane MAECI: Prof. Daniela Silvano<\/p>\n<p>(email:\u00a0<a href=\"mailto:daniela.silvano@esteri.it\">daniela.silvano@esteri.it<\/a>;\u00a0<a href=\"mailto:daniela.silvano@unitir.edu.al\">daniela.silvano@unitir.edu.al<\/a>)<\/p>\n<p>Facebook:<a href=\"https:\/\/www.facebook.com\/p\/Departamenti-i-Gjuh%C3%ABs-Italiane-FGJH-UT-100083356509759\/?locale=sq_AL\">https:\/\/www.facebook.com\/p\/Departamenti-i-Gjuh%C3%ABs-Italiane-FGJH-UT-100083356509759\/?locale=sq_AL<\/a><\/p>\n<p>Instagram: <a href=\"https:\/\/www.instagram.com\/dep_i_gjuhes_italiane_fgjh_ut?igsh=M2s5eW9iOXBmbHF0\">https:\/\/www.instagram.com\/dep_i_gjuhes_italiane_fgjh_ut?igsh=M2s5eW9iOXBmbHF0<\/a><\/p>\n<p>Universiteti Shtet\u00ebror i Tiran\u00ebs ishte universiteti i par\u00eb shqiptar q\u00eb nisi nj\u00eb program kat\u00ebrvje\u00e7ar studimi n\u00eb gjuh\u00ebn italiane, n\u00eb vitin akademik 1984 &#8211; 1985, me themelimin e Departamentit t\u00eb Gjuh\u00ebs Italiane po at\u00eb vit. Duke filluar nga viti akademik 2005 &#8211; 2006, Universiteti zgjodhi t\u00eb zbatonte modelin evropian t\u00eb universitetit, t\u00eb zhvilluar sipas Kart\u00ebs s\u00eb Bolonj\u00ebs. Si pasoj\u00eb, struktura dhe kurrikulat e programit t\u00eb studimit n\u00eb gjuh\u00ebn italiane u modifikuan, duke e strukturuar at\u00eb sipas modelit 3+2, i p\u00ebrb\u00ebr\u00eb nga nj\u00eb diplom\u00eb Bachelor trevje\u00e7are dhe nj\u00eb diplom\u00eb Master dyvje\u00e7are.<\/p>\n<p>Q\u00eb nga viti 1992, Ministria e Pun\u00ebve t\u00eb Jashtme dhe Bashk\u00ebpunimit Nd\u00ebrkomb\u00ebtar ka mb\u00ebshtetur Departamentin, duke d\u00ebrguar lektorin e saj italian, si dhe duke ofruar kontribute t\u00eb r\u00ebnd\u00ebsishme, p\u00ebrmes Ambasad\u00ebs Italiane dhe Institutit Italian t\u00eb Kultur\u00ebs, p\u00ebr trajnimin dhe p\u00ebrdit\u00ebsimin e vazhduesh\u00ebm t\u00eb pedagog\u00ebve t\u00eb fakultetit, si dhe p\u00ebr organizimin e eventeve dhe aktiviteteve t\u00eb shumta kulturore si Konventa, Konferenca dhe Seminare.<\/p>\n<p>Departamenti ofron nj\u00eb diplom\u00eb Bachelor trevje\u00e7are n\u00eb <em>Gjuh\u00eb, Let\u00ebrsi dhe Qytet\u00ebrim Italian dhe nj\u00eb diplom\u00eb Master dyvje\u00e7are n\u00eb tre deg\u00eb: M\u00ebsimdh\u00ebnie e Gjuh\u00ebs Italiane; P\u00ebrkthim dhe Interpretim; Gjuh\u00eb dhe Komunikim Nd\u00ebrkulturor dhe Turistik.<\/em><\/p>\n<p>P\u00ebr vitin akademik 2024 &#8211; 2025, Departamenti i Gjuh\u00ebs Italiane ka 24 an\u00ebtar\u00eb t\u00eb fakultetit, p\u00ebrfshir\u00eb lektorin e MAECI-t, dhe nj\u00eb total prej 577 student\u00ebsh t\u00eb regjistruar, nga t\u00eb cil\u00ebt 117 studiojn\u00eb italishten si gjuh\u00eb t\u00eb par\u00eb dhe 328 si gjuh\u00eb t\u00eb dyt\u00eb. P\u00ebrve\u00e7 k\u00ebsaj, 46 student\u00eb t\u00eb regjistruar n\u00eb Fakultetin e Ekonomis\u00eb dhe 30 student\u00eb t\u00eb regjistruar n\u00eb Fakultetin e Historis\u00eb dhe Filologjis\u00eb studiojn\u00eb italishten si gjuh\u00eb t\u00eb huaj.<\/p>\n<p>Departamenti ka n\u00ebnshkruar disa Marr\u00ebveshje Korniz\u00eb me universitetet kryesore italiane p\u00ebr t\u00eb promovuar nd\u00ebrkomb\u00ebtarizimin, l\u00ebvizshm\u00ebrin\u00eb e fakultetit dhe student\u00ebve, pjes\u00ebmarrjen n\u00eb projekte, shk\u00ebmbimin e praktikave m\u00eb t\u00eb mira dhe zbatimin e programeve t\u00eb diplomave t\u00eb dyfishta t\u00eb vlefshme n\u00eb t\u00eb dy Vendet.<\/p>\n<p>Bashk\u00ebpunimi \u00ebsht\u00eb ve\u00e7an\u00ebrisht aktiv me universitetet e m\u00ebposhtme: Universiteti p\u00ebr t\u00eb Huajt i Siena-s; Universiteti p\u00ebr t\u00eb Huajt i Perugia-s; Universiteti i Siena-s; Universiteti i Salerno-s; Universiteti Tor Vergata n\u00eb Rom\u00eb; Universiteti i Tuscia-s; dhe Universiteti Ca&#8217; Foscari i Venezia-s.<\/p>\n<p>S\u00eb bashku me Fakultetin e Gjuh\u00ebve t\u00eb Huaja, Departamenti i Gjuh\u00ebs Italiane ka dy biblioteka, nj\u00eb laborator kompjuterash dhe nj\u00eb laborator gjuh\u00ebsor t\u00eb pajisur me kabina p\u00ebrkthimi simultan dhe konsekutiv. E gjith\u00eb nd\u00ebrtesa historike ku ndodhet Fakulteti \u00ebsht\u00eb rinovuar plot\u00ebsisht dhe, p\u00ebrve\u00e7 hap\u00ebsir\u00ebs s\u00eb jashtme, t\u00eb gjitha klasat jan\u00eb rinovuar dhe pajisur me sisteme moderne audio-video dhe tabela interaktive me lidhje Wi-Fi.<\/p>\n<p><strong>UNIVERSITETI SHTET\u00cbROR \u201cIsmail Qemali\u201d I VLOR\u00cbS<\/strong><\/p>\n<p>Adresa: L. Pavaresia 12, Skele, 9400 Valona \u2013 Tel\/fax: +355 33 222288 Email: <a href=\"mailto:info@univlora.edu.al\">info@univlora.edu.al<\/a><\/p>\n<p>Rektori: Prof. Aurela Saliaj<\/p>\n<p>Dekani i Fakultetit t\u00eb Shkencave Humane: Prof. Dr. Roland Zisi<\/p>\n<p>Shefe e Departamenit t\u00eb Gjuh\u00ebve t\u00eb Huaja: Prof. Kozeta Hyso<\/p>\n<p>Lektore e Gjuh\u00ebs Italiane: Prof. Annamaria Ursi (nga shtatori 2025)<\/p>\n<p>Universiteti \u201cIsmail Qemali\u201d \u00a0\u00ebsht\u00eb nj\u00eb universitet publik, i themeluar n\u00eb vitin 1994. Departamenti i Gjuh\u00ebve t\u00eb Huaja, brenda Fakultetit t\u00eb Shkencave Humane, p\u00ebrmban gjithashtu nj\u00eb Qend\u00ebr Kulturore Italiane me nj\u00eb bibliotek\u00eb. Nj\u00eb pik\u00eb e fort\u00eb e Departamentit \u00ebsht\u00eb bashk\u00ebpunimi i tij i ngusht\u00eb me Konsullat\u00ebn e P\u00ebrgjithshme t\u00eb Vlor\u00ebs, mb\u00ebshtetja e s\u00eb cil\u00ebs mund\u00ebson projekte, aktivitete kulturore dhe konferenca. Iniciativat e partneritetit jan\u00eb aktive me disa universitete, ve\u00e7an\u00ebrisht me Universitetin e Salento-s, me t\u00eb cilin ka nj\u00eb marr\u00ebveshje t\u00eb gjat\u00eb, si dhe universitete t\u00eb tjera italiane me t\u00eb cilat Universiteti bashk\u00ebpunon, jo vet\u00ebm n\u00eb kuad\u00ebr t\u00eb programit Erasmus.<\/p>\n<p>N\u00eb Universitetin &#8220;Ismail Qemali&#8221;, kurset e italishtes ofrohen n\u00eb nivelet A1 &#8211; C2 brenda Kurseve t\u00eb Diplom\u00ebs n\u00eb Gjuh\u00eb Italiane dhe Gjuh\u00eb Angleze, Master n\u00eb Gjuh\u00eb dhe Let\u00ebrsi Italiane dhe n\u00eb Gjuh\u00eb dhe Let\u00ebrsi Angleze, por edhe n\u00eb fakultete t\u00eb tjera: si n\u00eb nivelin fillestar, ashtu edhe n\u00eb lidhje me gjuh\u00ebn e specializuar, italishtja m\u00ebsohet n\u00eb Kursin e Diplom\u00ebs n\u00eb Deg\u00ebn Marketing, n\u00eb Kursin e Diplom\u00ebs n\u00eb Infermieri dhe mbi t\u00eb gjitha n\u00eb Kursin e Diplom\u00ebs n\u00eb Drejt\u00ebsi, ku ka nj\u00eb k\u00ebrkes\u00eb vazhdimisht n\u00eb rritje.<\/p>\n","protected":false},"excerpt":{"rendered":"UNIVERSITETI SHTET\u00cbROR I TIRAN\u00cbS Fakulteti i Gjuh\u00ebve t\u00eb Huaja: Dekane e Fakultetit t\u00eb Gjuh\u00ebve t\u00eb Huaja: Prof. Dr. Esmeralda Kromidha (email: esmeralda.kromidha@unitir.edu.al) Adresa: Rruga e &#8220;Elbasanit&#8221;, Tiran\u00eb Fakulteti i Gjuh\u00ebve t\u00eb Huaja email: info.fgjh@unitir.edu.al Faqja e internetit: www.fgjh.edu.al Facebook: https:\/\/www.facebook.com\/pages\/Fakulteti-i-Gjuheve-te-Huaja\/217467521618679 Instagram: https:\/\/www.instagram.com\/fakulteti.gjuhevetehuaja.ut?igsh=NjZqb2tmbWEyMW4y Departamenti i Gjuh\u00ebs Italiane: Email: departamenti.italisht@unitir.edu.al Shefe e Departamentit t\u00eb Italishtes: Prof. Asoc. [&hellip;]","protected":false},"author":5,"featured_media":0,"parent":154,"menu_order":3,"comment_status":"closed","ping_status":"closed","template":"","meta":{"footnotes":""},"class_list":["post-8087","page","type-page","status-publish","hentry"],"_links":{"self":[{"href":"https:\/\/ambtirana.esteri.it\/sq\/wp-json\/wp\/v2\/pages\/8087","targetHints":{"allow":["GET"]}}],"collection":[{"href":"https:\/\/ambtirana.esteri.it\/sq\/wp-json\/wp\/v2\/pages"}],"about":[{"href":"https:\/\/ambtirana.esteri.it\/sq\/wp-json\/wp\/v2\/types\/page"}],"author":[{"embeddable":true,"href":"https:\/\/ambtirana.esteri.it\/sq\/wp-json\/wp\/v2\/users\/5"}],"replies":[{"embeddable":true,"href":"https:\/\/ambtirana.esteri.it\/sq\/wp-json\/wp\/v2\/comments?post=8087"}],"version-history":[{"count":2,"href":"https:\/\/ambtirana.esteri.it\/sq\/wp-json\/wp\/v2\/pages\/8087\/revisions"}],"predecessor-version":[{"id":8090,"href":"https:\/\/ambtirana.esteri.it\/sq\/wp-json\/wp\/v2\/pages\/8087\/revisions\/8090"}],"up":[{"embeddable":true,"href":"https:\/\/ambtirana.esteri.it\/sq\/wp-json\/wp\/v2\/pages\/154"}],"wp:attachment":[{"href":"https:\/\/ambtirana.esteri.it\/sq\/wp-json\/wp\/v2\/media?parent=8087"}],"curies":[{"name":"wp","href":"https:\/\/api.w.org\/{rel}","templated":true}]}}