{"id":8123,"date":"2023-11-15T12:02:02","date_gmt":"2023-11-15T11:02:02","guid":{"rendered":"https:\/\/ambtirana.esteri.it\/?page_id=8123"},"modified":"2026-03-12T15:24:38","modified_gmt":"2026-03-12T14:24:38","slug":"8123-2","status":"publish","type":"page","link":"https:\/\/ambtirana.esteri.it\/sq\/chi-siamo\/lambasciatore\/8123-2\/","title":{"rendered":""},"content":{"rendered":"<h2>Struktura institucionale dhe t\u00eb dh\u00ebna baz\u00eb<\/h2>\n<p>Capitale: Tirana<br \/>\nSuperficie: 28.748 Kmq<br \/>\nPrincipali citt\u00e0: Tirana, Scutari, Valona, Elbasan, Durazzo, Argirocastro, Kor\u00e7\u00eb, Lushnj\u00eb, Berat, Kavaj\u00eb.<br \/>\nNome Ufficiale: Repubblica di Albania<br \/>\nConfini: Montenegro, Grecia, Macedonia del Nord, Kosovo<br \/>\nTerritorio: prevalentemente montuoso-collinare con limitate pianure lungo la costa Adriatica e Ionica.<br \/>\nPopolazione: 2 714 617<br \/>\nDensit\u00e0: 100 ab\/kmq<br \/>\nReligioni: musulmani 56.70%, ortodossi 6.75%, cattolici 6.75% (altri 26.52%)<br \/>\nLingue: albanese (il Tosk \u00e8 il principale dialetto)<br \/>\nUnit\u00e0 monetaria: Lek; 1 Euro = circa 97 Lek<br \/>\nPIL:\u00a0\u00a027.18 miliardi di dollari (2024)<br \/>\nPIL pro capite: 10011,6 USD<\/p>\n<p>Forma di Governo: Repubblica Parlamentare<br \/>\nCapo dello Stato: Bajram Begaj (dal 24 luglio 2022)<br \/>\nCapo del Governo: Edi Rama &#8211; Partito Socialista (PS)<br \/>\nSpeaker del Parlamento: Niko Peleshi &#8211; Partito Socialista d&#8217;Albania (PSSH)<\/p>\n<p>Sistema legislativo: Parlamento monocamerale. Assemblea Parlamentare costituita da 140 deputati ed eletta ogni 4 anni. Sistema elettorale proporzionale su base regionale, con soglia di sbarramento al 3% per i partiti. Le ultime elezioni politiche si sono tenute l&#8217;11 maggio 2025. L\u2019attuale Assemblea si \u00e8 insediata il 12 settembre 2025.<\/p>\n<p>Sistema legale: Costituzione approvata con referendum popolare il 22.11.1998<\/p>\n<p>Suffragio: 18 anni di et\u00e0, universale e obbligatorio.<\/p>\n<p>Partecipazione a organizzazioni internazionali: NATO, CEI, BSEC, IAI, SEECP, RCC, ONU, OSCE, UNCTAD, EPO, WIPO, FAO, WTO, CEFTA, BERS, IMF, WB<\/p>\n<p><strong>Composizione del Governo<\/strong><\/p>\n<p>Il Governo, guidato da Edi Rama, \u00e8 in carica dal 18 settembre 2025.<\/p>\n<p>Edi Rama<br \/>\nPresidente del Consiglio dei Ministri<\/p>\n<p>Albana Ko\u00e7iu<br \/>\nVice Presidente del Consiglio dei Ministri<\/p>\n<p>Diella<br \/>\nMinistro di Stato per l&#8217;Intelligenza Artificiale<\/p>\n<p>Ferit Hoxha<br \/>\nMinistro per l\u2019Europa e gli Affari Esteri<\/p>\n<p>Besfort Lamallari<br \/>\nMinistro degli Affari Interni<\/p>\n<p>Petrit Malaj<br \/>\nMinistro delle Finanze<\/p>\n<p>Ermal Nufi<br \/>\nMinistro della Difesa<\/p>\n<p>Enea Karaka\u00e7i<br \/>\nMinistro dell&#8217;Infrastruttura e dell&#8217;Energia<\/p>\n<p>Toni Gogu<br \/>\nMinistro della Giustizia<\/p>\n<p>Mirela Kumbaro Furxhi<br \/>\nMinistro dell&#8217;Educazione<\/p>\n<p>Evis Sala<br \/>\nMinistro della Salute e della Tutela Sociale<\/p>\n<p>Andis Salla<br \/>\nMinistro dell\u2019Agricoltura e dello Sviluppo Rurale<\/p>\n<p>Delina Ibrahimaj<br \/>\nMinistro dell&#8217;Economia e dell&#8217;Innovazione<\/p>\n<p>Blendi Gonxhja<br \/>\nMinistro del Turismo, della Cultura e dello Sport<\/p>\n<p>Sofjan Jaupaj<br \/>\nMinistro dell\u2019Ambiente<\/p>\n<p>Adea Pirdeni<br \/>\nMinistro di Stato per la Pubblica Amministrazione e l\u2019Anticorruzione<\/p>\n<p>Majlinda Dhuka<br \/>\nMinistro di Stato e Caponegoziatore<\/p>\n<p>Ervin Demo<br \/>\nMinistro di Stato per la Governance Locale<\/p>\n<p>Erjona Ismaili<br \/>\nMinistro di Stato per i Rapporti con il Parlamento<\/p>\n<p><strong>Risultati delle elezioni dell&#8217;11 maggio 2025<\/strong><\/p>\n<p>Dalle elezioni dell&#8217;11 maggio 2025 sono emersi i seguenti risultati:<\/p>\n<p>Partito Socialista d\u2019Albania (PS): 83 seggi<br \/>\nPartito Democratico d\u2019Albania e alleati (PD-ASHM): 50 seggi<br \/>\nPartito Socialdemocratico (PSD): 3 seggi<br \/>\nPartito Mund\u00ebsia: 2 seggi<br \/>\nCoalizione Iniziativa Shqip\u00ebria B\u00ebhet: 1 seggio<br \/>\nMovimento Bashk\u00eb: 1 seggio<\/p>\n","protected":false},"excerpt":{"rendered":"Struktura institucionale dhe t\u00eb dh\u00ebna baz\u00eb Capitale: Tirana Superficie: 28.748 Kmq Principali citt\u00e0: Tirana, Scutari, Valona, Elbasan, Durazzo, Argirocastro, Kor\u00e7\u00eb, Lushnj\u00eb, Berat, Kavaj\u00eb. Nome Ufficiale: Repubblica di Albania Confini: Montenegro, Grecia, Macedonia del Nord, Kosovo Territorio: prevalentemente montuoso-collinare con limitate pianure lungo la costa Adriatica e Ionica. Popolazione: 2 714 617 Densit\u00e0: 100 ab\/kmq Religioni: [&hellip;]","protected":false},"author":5,"featured_media":0,"parent":162,"menu_order":0,"comment_status":"closed","ping_status":"closed","template":"","meta":{"footnotes":""},"class_list":["post-8123","page","type-page","status-publish","hentry"],"_links":{"self":[{"href":"https:\/\/ambtirana.esteri.it\/sq\/wp-json\/wp\/v2\/pages\/8123","targetHints":{"allow":["GET"]}}],"collection":[{"href":"https:\/\/ambtirana.esteri.it\/sq\/wp-json\/wp\/v2\/pages"}],"about":[{"href":"https:\/\/ambtirana.esteri.it\/sq\/wp-json\/wp\/v2\/types\/page"}],"author":[{"embeddable":true,"href":"https:\/\/ambtirana.esteri.it\/sq\/wp-json\/wp\/v2\/users\/5"}],"replies":[{"embeddable":true,"href":"https:\/\/ambtirana.esteri.it\/sq\/wp-json\/wp\/v2\/comments?post=8123"}],"version-history":[{"count":2,"href":"https:\/\/ambtirana.esteri.it\/sq\/wp-json\/wp\/v2\/pages\/8123\/revisions"}],"predecessor-version":[{"id":8695,"href":"https:\/\/ambtirana.esteri.it\/sq\/wp-json\/wp\/v2\/pages\/8123\/revisions\/8695"}],"up":[{"embeddable":true,"href":"https:\/\/ambtirana.esteri.it\/sq\/wp-json\/wp\/v2\/pages\/162"}],"wp:attachment":[{"href":"https:\/\/ambtirana.esteri.it\/sq\/wp-json\/wp\/v2\/media?parent=8123"}],"curies":[{"name":"wp","href":"https:\/\/api.w.org\/{rel}","templated":true}]}}